{"id":621,"date":"2025-10-04T02:11:05","date_gmt":"2025-10-04T00:11:05","guid":{"rendered":"https:\/\/builtassets.com\/en\/?page_id=621"},"modified":"2025-10-28T22:34:31","modified_gmt":"2025-10-28T21:34:31","slug":"projects","status":"publish","type":"page","link":"https:\/\/builtassets.com\/en\/projects\/","title":{"rendered":"Projects"},"content":{"rendered":"<p>[et_pb_section fb_built=&#8221;1&#8243; _builder_version=&#8221;4.27.4&#8243; _module_preset=&#8221;default&#8221; background_enable_image=&#8221;off&#8221; height=&#8221;70vh&#8221; global_colors_info=&#8221;{}&#8221;][et_pb_row _builder_version=&#8221;4.27.4&#8243; _module_preset=&#8221;default&#8221; custom_padding=&#8221;20vh||||false|false&#8221; global_colors_info=&#8221;{}&#8221;][et_pb_column type=&#8221;4_4&#8243; _builder_version=&#8221;4.27.4&#8243; _module_preset=&#8221;default&#8221; global_colors_info=&#8221;{}&#8221;][et_pb_text _builder_version=&#8221;4.27.4&#8243; _module_preset=&#8221;default&#8221; header_text_align=&#8221;center&#8221; header_text_color=&#8221;#000000&#8243; global_colors_info=&#8221;{}&#8221;]<\/p>\n<div class=\"mceNonEditable center\">\n<div data-wrap-id=\"A1C0DA83-46DB-4109-B2F6-4905338BA162\">\n<div class=\"Preview_column__1KeVx col\">\n<div class=\"Preview_row__3Fkye row\">\n<div data-id=\"A1C0DA83-46DB-4109-B2F6-4905338BA162\" data-kind=\"BACKGROUND\" class=\"Preview_componentWrapper__2i4QI\">\n<div data-in-template=\"false\" data-id=\"A1C0DA83-46DB-4109-B2F6-4905338BA162\" data-kind=\"Component\" data-specific-kind=\"BACKGROUND\" class=\"Preview_mobileHide__9T929 Preview_component__SbiKo\">\n<div class=\"BackgroundPreview_backgroundComponent__3Dr5e BackgroundPreview_bgHeight__3dD2e\" data-width=\"50\" data-height=\"4\"><\/div>\n<\/div>\n<\/div>\n<\/div>\n<div><\/div>\n<\/div>\n<\/div>\n<\/div>\n<h1 class=\"textheading1 mobile-oversized\"><span class=\"textheading1 mobile-oversized\">Our Pojects<\/span><\/h1>\n<p>[\/et_pb_text][et_pb_text _builder_version=&#8221;4.27.4&#8243; _module_preset=&#8221;default&#8221; global_colors_info=&#8221;{}&#8221;]<\/p>\n<p><span>Our experiences have led us to work in international and multicultural environments. They have also enabled us to conceive, promote, and fully realize turnkey construction projects, ranging from relatively simple to complex.<\/span><\/p>\n<p>[\/et_pb_text][\/et_pb_column][\/et_pb_row][\/et_pb_section][et_pb_section fb_built=&#8221;1&#8243; module_class=&#8221;ba-static-grid&#8221; _builder_version=&#8221;4.27.4&#8243; _module_preset=&#8221;default&#8221; global_colors_info=&#8221;{}&#8221;][et_pb_row column_structure=&#8221;1_3,1_3,1_3&#8243; use_custom_gutter=&#8221;on&#8221; gutter_width=&#8221;2&#8243; make_equal=&#8221;on&#8221; _builder_version=&#8221;4.27.4&#8243; _module_preset=&#8221;default&#8221; global_colors_info=&#8221;{}&#8221;][et_pb_column type=&#8221;1_3&#8243; _builder_version=&#8221;4.27.4&#8243; _module_preset=&#8221;default&#8221; overflow-x=&#8221;hidden&#8221; overflow-y=&#8221;hidden&#8221; global_colors_info=&#8221;{}&#8221;][et_pb_image src=&#8221;https:\/\/builtassets.com\/en\/wp-content\/uploads\/sites\/3\/2025\/10\/facade-claustra-terre-cuite-ift-lome-togo.webp&#8221; title_text=&#8221;facade-claustra-terre-cuite-ift-lome-togo&#8221; force_fullwidth=&#8221;on&#8221; module_class=&#8221;ba-image-projet&#8221; _builder_version=&#8221;4.27.4&#8243; _module_preset=&#8221;default&#8221; height=&#8221;300px&#8221; overflow-x=&#8221;hidden&#8221; overflow-y=&#8221;hidden&#8221; hover_enabled=&#8221;0&#8243; global_colors_info=&#8221;{}&#8221; url=&#8221;@ET-DC@eyJkeW5hbWljIjp0cnVlLCJjb250ZW50IjoicG9zdF9saW5rX3VybF9yZWFsaXNhdGlvbiIsInNldHRpbmdzIjp7InBvc3RfaWQiOiIxMzE0In19@&#8221; _dynamic_attributes=&#8221;url&#8221; sticky_enabled=&#8221;0&#8243;][\/et_pb_image][et_pb_text _builder_version=&#8221;4.27.4&#8243; _module_preset=&#8221;default&#8221; custom_margin=&#8221;||0px||false|false&#8221; custom_padding=&#8221;||0px||false|false&#8221; global_colors_info=&#8221;{}&#8221;]<\/p>\n<h3 class=\"textheading2 mobile-oversized\">Real Estate Project in Lom\u00e9, Togo \u2013 Institut Fran\u00e7ais<\/h3>\n<p>[\/et_pb_text][et_pb_text _builder_version=&#8221;4.27.4&#8243; _module_preset=&#8221;default&#8221; custom_padding=&#8221;||0px||false|false&#8221; global_colors_info=&#8221;{}&#8221;]<\/p>\n<p>Construction of the educational center for the Institut Fran\u00e7ais du Togo.<\/p>\n<p>[\/et_pb_text][\/et_pb_column][et_pb_column type=&#8221;1_3&#8243; _builder_version=&#8221;4.27.4&#8243; _module_preset=&#8221;default&#8221; global_colors_info=&#8221;{}&#8221;][et_pb_image src=&#8221;https:\/\/builtassets.com\/en\/wp-content\/uploads\/sites\/3\/2025\/10\/perspective-architecturale-built-assets-togo.webp&#8221; title_text=&#8221;perspective-architecturale-built-assets-togo&#8221; force_fullwidth=&#8221;on&#8221; module_class=&#8221;ba-image-projet&#8221; _builder_version=&#8221;4.27.4&#8243; _module_preset=&#8221;default&#8221; height=&#8221;300px&#8221; hover_enabled=&#8221;0&#8243; global_colors_info=&#8221;{}&#8221; url=&#8221;@ET-DC@eyJkeW5hbWljIjp0cnVlLCJjb250ZW50IjoicG9zdF9saW5rX3VybF9yZWFsaXNhdGlvbiIsInNldHRpbmdzIjp7InBvc3RfaWQiOiIxMzQ2In19@&#8221; _dynamic_attributes=&#8221;url&#8221; sticky_enabled=&#8221;0&#8243;][\/et_pb_image][et_pb_text _builder_version=&#8221;4.27.4&#8243; _module_preset=&#8221;default&#8221; custom_margin=&#8221;||0px||false|false&#8221; global_colors_info=&#8221;{}&#8221;]<\/p>\n<h3 class=\"textheading1 mobile-oversized\">Real Estate Project in Lom\u00e9, Togo \u2013 Daid Building<\/h3>\n<p>[\/et_pb_text][et_pb_text _builder_version=&#8221;4.27.4&#8243; _module_preset=&#8221;default&#8221; custom_padding=&#8221;||0px||false|false&#8221; global_colors_info=&#8221;{}&#8221;]<\/p>\n<p>Project management assistance (AMO), real estate operation supervision, and construction management for a high-end residential building.<\/p>\n<p>[\/et_pb_text][\/et_pb_column][et_pb_column type=&#8221;1_3&#8243; _builder_version=&#8221;4.27.4&#8243; _module_preset=&#8221;default&#8221; global_colors_info=&#8221;{}&#8221;][et_pb_image src=&#8221;https:\/\/builtassets.com\/en\/wp-content\/uploads\/sites\/3\/2025\/10\/complexe-olympafric-built-assets-togo.webp&#8221; title_text=&#8221;complexe-olympafric-built-assets-togo&#8221; force_fullwidth=&#8221;on&#8221; module_class=&#8221;ba-image-projet&#8221; _builder_version=&#8221;4.27.4&#8243; _module_preset=&#8221;default&#8221; height=&#8221;300px&#8221; hover_enabled=&#8221;0&#8243; global_colors_info=&#8221;{}&#8221; url=&#8221;@ET-DC@eyJkeW5hbWljIjp0cnVlLCJjb250ZW50IjoicG9zdF9saW5rX3VybF9yZWFsaXNhdGlvbiIsInNldHRpbmdzIjp7InBvc3RfaWQiOiIxMzU2In19@&#8221; _dynamic_attributes=&#8221;url&#8221; sticky_enabled=&#8221;0&#8243;][\/et_pb_image][et_pb_text _builder_version=&#8221;4.27.4&#8243; _module_preset=&#8221;default&#8221; custom_margin=&#8221;||0px||false|false&#8221; global_colors_info=&#8221;{}&#8221;]<\/p>\n<h3 class=\"textheading1 mobile-oversized\">Real Estate Project in Lom\u00e9, Togo \u2013 Olympafrica Center<\/h3>\n<p>[\/et_pb_text][et_pb_text _builder_version=&#8221;4.27.4&#8243; _module_preset=&#8221;default&#8221; custom_padding=&#8221;||0px||false|false&#8221; global_colors_info=&#8221;{}&#8221;]<\/p>\n<p>Design and construction of a sports complex with synthetic surface, in collaboration with Olympafrica, the International Olympic Committee, and the Olympafrica Foundation.<\/p>\n<p>[\/et_pb_text][\/et_pb_column][\/et_pb_row][et_pb_row column_structure=&#8221;1_3,1_3,1_3&#8243; use_custom_gutter=&#8221;on&#8221; gutter_width=&#8221;2&#8243; make_equal=&#8221;on&#8221; _builder_version=&#8221;4.27.4&#8243; _module_preset=&#8221;default&#8221; global_colors_info=&#8221;{}&#8221;][et_pb_column type=&#8221;1_3&#8243; _builder_version=&#8221;4.27.4&#8243; _module_preset=&#8221;default&#8221; overflow-x=&#8221;hidden&#8221; overflow-y=&#8221;hidden&#8221; global_colors_info=&#8221;{}&#8221;][et_pb_image src=&#8221;https:\/\/builtassets.com\/en\/wp-content\/uploads\/sites\/3\/2025\/10\/villa-moderne-lome-togo.png&#8221; title_text=&#8221;villa-moderne-lome-togo&#8221; force_fullwidth=&#8221;on&#8221; module_class=&#8221;ba-image-projet&#8221; _builder_version=&#8221;4.27.4&#8243; _module_preset=&#8221;default&#8221; height=&#8221;300px&#8221; hover_enabled=&#8221;0&#8243; global_colors_info=&#8221;{}&#8221; url=&#8221;@ET-DC@eyJkeW5hbWljIjp0cnVlLCJjb250ZW50IjoicG9zdF9saW5rX3VybF9yZWFsaXNhdGlvbiIsInNldHRpbmdzIjp7InBvc3RfaWQiOiIxMzY1In19@&#8221; _dynamic_attributes=&#8221;url&#8221; sticky_enabled=&#8221;0&#8243;][\/et_pb_image][et_pb_text _builder_version=&#8221;4.27.4&#8243; _module_preset=&#8221;default&#8221; custom_margin=&#8221;||0px||false|false&#8221; global_colors_info=&#8221;{}&#8221;]<\/p>\n<h3 class=\"textheading2 mobile-oversized\">KAAS<\/h3>\n<p>[\/et_pb_text][et_pb_text _builder_version=&#8221;4.27.4&#8243; _module_preset=&#8221;default&#8221; custom_padding=&#8221;||0px||false|false&#8221; global_colors_info=&#8221;{}&#8221;]<\/p>\n<p>Construction of a contemporary private villa.<\/p>\n<p>[\/et_pb_text][\/et_pb_column][et_pb_column type=&#8221;1_3&#8243; _builder_version=&#8221;4.27.4&#8243; _module_preset=&#8221;default&#8221; global_colors_info=&#8221;{}&#8221;][et_pb_image src=&#8221;https:\/\/builtassets.com\/en\/wp-content\/uploads\/sites\/3\/2025\/10\/lounge-dine-built-assets-togo.webp&#8221; title_text=&#8221;lounge-dine-built-assets-togo&#8221; force_fullwidth=&#8221;on&#8221; module_class=&#8221;ba-image-projet&#8221; _builder_version=&#8221;4.27.4&#8243; _module_preset=&#8221;default&#8221; height=&#8221;300px&#8221; overflow-x=&#8221;hidden&#8221; overflow-y=&#8221;hidden&#8221; hover_enabled=&#8221;0&#8243; global_colors_info=&#8221;{}&#8221; url=&#8221;@ET-DC@eyJkeW5hbWljIjp0cnVlLCJjb250ZW50IjoicG9zdF9saW5rX3VybF9yZWFsaXNhdGlvbiIsInNldHRpbmdzIjp7InBvc3RfaWQiOiIxMzc0In19@&#8221; _dynamic_attributes=&#8221;url&#8221; sticky_enabled=&#8221;0&#8243;][\/et_pb_image][et_pb_text _builder_version=&#8221;4.27.4&#8243; _module_preset=&#8221;default&#8221; custom_margin=&#8221;||0px||false|false&#8221; custom_padding=&#8221;||0px||false|false&#8221; global_colors_info=&#8221;{}&#8221;]<\/p>\n<h3 class=\"textheading2 mobile-oversized\">Real Estate Project in Lom\u00e9, Togo \u2013 Akofin Square Restoration<\/h3>\n<p>[\/et_pb_text][et_pb_text _builder_version=&#8221;4.27.4&#8243; _module_preset=&#8221;default&#8221; custom_padding=&#8221;||0px||false|false&#8221; global_colors_info=&#8221;{}&#8221;]<\/p>\n<p>Restoration of a seaside podium and its bleachers (Phase 1).<\/p>\n<p>[\/et_pb_text][\/et_pb_column][et_pb_column type=&#8221;1_3&#8243; _builder_version=&#8221;4.27.4&#8243; _module_preset=&#8221;default&#8221; global_colors_info=&#8221;{}&#8221;][et_pb_image src=&#8221;https:\/\/builtassets.com\/en\/wp-content\/uploads\/sites\/3\/2025\/10\/immeuble-residentiel-vue-face-built-assets-togo.webp&#8221; title_text=&#8221;immeuble-residentiel-vue-face-built-assets-togo&#8221; force_fullwidth=&#8221;on&#8221; module_class=&#8221;ba-image-projet&#8221; _builder_version=&#8221;4.27.4&#8243; _module_preset=&#8221;default&#8221; height=&#8221;300px&#8221; hover_enabled=&#8221;0&#8243; global_colors_info=&#8221;{}&#8221; url=&#8221;@ET-DC@eyJkeW5hbWljIjp0cnVlLCJjb250ZW50IjoicG9zdF9saW5rX3VybF9yZWFsaXNhdGlvbiIsInNldHRpbmdzIjp7InBvc3RfaWQiOiIxMzgyIn19@&#8221; _dynamic_attributes=&#8221;url&#8221; sticky_enabled=&#8221;0&#8243;][\/et_pb_image][et_pb_text _builder_version=&#8221;4.27.4&#8243; _module_preset=&#8221;default&#8221; custom_margin=&#8221;||0px||false|false&#8221; global_colors_info=&#8221;{}&#8221;]<\/p>\n<h3 class=\"textheading2 mobile-oversized\">Residential Building (Lom\u00e9, Togo) \u2013 DAIK<\/h3>\n<p>[\/et_pb_text][et_pb_text _builder_version=&#8221;4.27.4&#8243; _module_preset=&#8221;default&#8221; custom_padding=&#8221;||0px||false|false&#8221; global_colors_info=&#8221;{}&#8221;]<\/p>\n<p>Project management and design supervision (AMO \/ Architectural management).<\/p>\n<p>[\/et_pb_text][\/et_pb_column][\/et_pb_row][et_pb_row column_structure=&#8221;1_3,1_3,1_3&#8243; use_custom_gutter=&#8221;on&#8221; gutter_width=&#8221;2&#8243; make_equal=&#8221;on&#8221; _builder_version=&#8221;4.27.4&#8243; _module_preset=&#8221;default&#8221; global_colors_info=&#8221;{}&#8221;][et_pb_column type=&#8221;1_3&#8243; _builder_version=&#8221;4.27.4&#8243; _module_preset=&#8221;default&#8221; overflow-x=&#8221;hidden&#8221; overflow-y=&#8221;hidden&#8221; global_colors_info=&#8221;{}&#8221;][et_pb_image src=&#8221;https:\/\/builtassets.com\/en\/wp-content\/uploads\/sites\/3\/2025\/10\/immeuble-residentiel-built-assets-togo.webp&#8221; title_text=&#8221;immeuble-residentiel-built-assets-togo&#8221; force_fullwidth=&#8221;on&#8221; module_class=&#8221;ba-image-projet&#8221; _builder_version=&#8221;4.27.4&#8243; _module_preset=&#8221;default&#8221; height=&#8221;300px&#8221; hover_enabled=&#8221;0&#8243; global_colors_info=&#8221;{}&#8221; url=&#8221;@ET-DC@eyJkeW5hbWljIjp0cnVlLCJjb250ZW50IjoicG9zdF9saW5rX3VybF9yZWFsaXNhdGlvbiIsInNldHRpbmdzIjp7InBvc3RfaWQiOiIxMzg5In19@&#8221; _dynamic_attributes=&#8221;url&#8221; sticky_enabled=&#8221;0&#8243;][\/et_pb_image][et_pb_text _builder_version=&#8221;4.27.4&#8243; _module_preset=&#8221;default&#8221; custom_margin=&#8221;||0px||false|false&#8221; global_colors_info=&#8221;{}&#8221;]<\/p>\n<h3 class=\"textheading2 mobile-oversized\">Complete Renovation of a Master Suite (Lom\u00e9)<\/h3>\n<p>[\/et_pb_text][et_pb_text _builder_version=&#8221;4.27.4&#8243; _module_preset=&#8221;default&#8221; custom_padding=&#8221;||0px||false|false&#8221; global_colors_info=&#8221;{}&#8221;]<\/p>\n<p>Full renovation of a private suite including bedroom, dressing room, and bathroom, featuring smart home automation with voice-controlled lighting and blinds.<\/p>\n<p>[\/et_pb_text][\/et_pb_column][et_pb_column type=&#8221;1_3&#8243; _builder_version=&#8221;4.27.4&#8243; _module_preset=&#8221;default&#8221; global_colors_info=&#8221;{}&#8221;][et_pb_image src=&#8221;https:\/\/builtassets.com\/en\/wp-content\/uploads\/sites\/3\/2025\/10\/construction-deux-villas-jumelees.webp&#8221; title_text=&#8221;construction-deux-villas-jumelees&#8221; force_fullwidth=&#8221;on&#8221; module_class=&#8221;ba-image-projet&#8221; _builder_version=&#8221;4.27.4&#8243; _module_preset=&#8221;default&#8221; height=&#8221;300px&#8221; overflow-x=&#8221;hidden&#8221; overflow-y=&#8221;hidden&#8221; hover_enabled=&#8221;0&#8243; global_colors_info=&#8221;{}&#8221; url=&#8221;@ET-DC@eyJkeW5hbWljIjp0cnVlLCJjb250ZW50IjoicG9zdF9saW5rX3VybF9yZWFsaXNhdGlvbiIsInNldHRpbmdzIjp7InBvc3RfaWQiOiIxMzk5In19@&#8221; _dynamic_attributes=&#8221;url&#8221; sticky_enabled=&#8221;0&#8243;][\/et_pb_image][et_pb_text _builder_version=&#8221;4.27.4&#8243; _module_preset=&#8221;default&#8221; custom_margin=&#8221;||0px||false|false&#8221; custom_padding=&#8221;||0px||false|false&#8221; global_colors_info=&#8221;{}&#8221;]<\/p>\n<h3 class=\"textheading2 mobile-oversized\">Real Estate Project in Lom\u00e9, Togo \u2013 Twin Villas Construction<\/h3>\n<p>[\/et_pb_text][et_pb_text _builder_version=&#8221;4.27.4&#8243; _module_preset=&#8221;default&#8221; custom_padding=&#8221;||0px||false|false&#8221; global_colors_info=&#8221;{}&#8221;]<\/p>\n<p>Construction of two adjoining villas designed with modern architecture and optimized spatial layout.<\/p>\n<p>[\/et_pb_text][\/et_pb_column][et_pb_column type=&#8221;1_3&#8243; _builder_version=&#8221;4.27.4&#8243; _module_preset=&#8221;default&#8221; global_colors_info=&#8221;{}&#8221;][et_pb_image src=&#8221;https:\/\/builtassets.com\/en\/wp-content\/uploads\/sites\/3\/2025\/10\/campus-france.webp&#8221; title_text=&#8221;campus-france&#8221; force_fullwidth=&#8221;on&#8221; module_class=&#8221;ba-image-projet&#8221; _builder_version=&#8221;4.27.4&#8243; _module_preset=&#8221;default&#8221; height=&#8221;300px&#8221; hover_enabled=&#8221;0&#8243; global_colors_info=&#8221;{}&#8221; url=&#8221;@ET-DC@eyJkeW5hbWljIjp0cnVlLCJjb250ZW50IjoicG9zdF9saW5rX3VybF9yZWFsaXNhdGlvbiIsInNldHRpbmdzIjp7InBvc3RfaWQiOiIxMzM2In19@&#8221; _dynamic_attributes=&#8221;url&#8221; sticky_enabled=&#8221;0&#8243;][\/et_pb_image][et_pb_text _builder_version=&#8221;4.27.4&#8243; _module_preset=&#8221;default&#8221; custom_margin=&#8221;||0px||false|false&#8221; global_colors_info=&#8221;{}&#8221;]<\/p>\n<h3 class=\"textheading2 mobile-oversized\">Campus France, Lom\u00e9 (Togo)<\/h3>\n<p>[\/et_pb_text][et_pb_text _builder_version=&#8221;4.27.4&#8243; _module_preset=&#8221;default&#8221; custom_padding=&#8221;||0px||false|false&#8221; global_colors_info=&#8221;{}&#8221;]<\/p>\n<p>Adaptive reuse of a former warehouse into a modern office and reception space designed for individual interviews and client meetings.<\/p>\n<p>[\/et_pb_text][\/et_pb_column][\/et_pb_row][\/et_pb_section]<\/p>\n","protected":false},"excerpt":{"rendered":"<p>Our PojectsOur experiences have led us to work in international and multicultural environments. They have also enabled us to conceive, promote, and fully realize turnkey construction projects, ranging from relatively simple to complex.Real Estate Project in Lom\u00e9, Togo \u2013 Institut Fran\u00e7aisConstruction of the educational center for the Institut Fran\u00e7ais du Togo.Real Estate Project in Lom\u00e9, [&hellip;]<\/p>\n","protected":false},"author":1,"featured_media":0,"parent":0,"menu_order":0,"comment_status":"closed","ping_status":"closed","template":"","meta":{"_acf_changed":false,"_et_pb_use_builder":"on","_et_pb_old_content":"","_et_gb_content_width":"","footnotes":""},"class_list":["post-621","page","type-page","status-publish","hentry"],"acf":[],"_links":{"self":[{"href":"https:\/\/builtassets.com\/en\/wp-json\/wp\/v2\/pages\/621","targetHints":{"allow":["GET"]}}],"collection":[{"href":"https:\/\/builtassets.com\/en\/wp-json\/wp\/v2\/pages"}],"about":[{"href":"https:\/\/builtassets.com\/en\/wp-json\/wp\/v2\/types\/page"}],"author":[{"embeddable":true,"href":"https:\/\/builtassets.com\/en\/wp-json\/wp\/v2\/users\/1"}],"replies":[{"embeddable":true,"href":"https:\/\/builtassets.com\/en\/wp-json\/wp\/v2\/comments?post=621"}],"version-history":[{"count":8,"href":"https:\/\/builtassets.com\/en\/wp-json\/wp\/v2\/pages\/621\/revisions"}],"predecessor-version":[{"id":1431,"href":"https:\/\/builtassets.com\/en\/wp-json\/wp\/v2\/pages\/621\/revisions\/1431"}],"wp:attachment":[{"href":"https:\/\/builtassets.com\/en\/wp-json\/wp\/v2\/media?parent=621"}],"curies":[{"name":"wp","href":"https:\/\/api.w.org\/{rel}","templated":true}]}}