{"id":845,"date":"2025-10-21T01:11:26","date_gmt":"2025-10-20T23:11:26","guid":{"rendered":"https:\/\/builtassets.com\/en\/?page_id=845"},"modified":"2026-02-12T00:01:54","modified_gmt":"2026-02-11T23:01:54","slug":"contact","status":"publish","type":"page","link":"https:\/\/builtassets.com\/en\/contact\/","title":{"rendered":"Contact"},"content":{"rendered":"<p>[et_pb_section fb_built=&#8221;1&#8243; custom_padding_last_edited=&#8221;on|phone&#8221; _builder_version=&#8221;4.27.4&#8243; _module_preset=&#8221;default&#8221; height=&#8221;60vh&#8221; custom_margin=&#8221;||||false|false&#8221; custom_padding=&#8221;||||false|false&#8221; custom_padding_tablet=&#8221;||||false|false&#8221; custom_padding_phone=&#8221;10vh||||false|false&#8221; global_colors_info=&#8221;{}&#8221;][et_pb_row column_structure=&#8221;1_2,1_2&#8243; use_custom_gutter=&#8221;on&#8221; gutter_width=&#8221;1&#8243; make_equal=&#8221;on&#8221; _builder_version=&#8221;4.27.4&#8243; _module_preset=&#8221;default&#8221; z_index=&#8221;10&#8243; width=&#8221;75%&#8221; max_width=&#8221;2560px&#8221; module_alignment=&#8221;center&#8221; custom_margin=&#8221;10vh||||false|false&#8221; custom_margin_tablet=&#8221;10vh||||false|false&#8221; custom_margin_phone=&#8221;0vh||||false|false&#8221; custom_margin_last_edited=&#8221;on|phone&#8221; global_colors_info=&#8221;{}&#8221;][et_pb_column type=&#8221;1_2&#8243; _builder_version=&#8221;4.16&#8243; _module_preset=&#8221;default&#8221; global_colors_info=&#8221;{}&#8221;][et_pb_text content_tablet=&#8221;<\/p>\n<h1 style=%22text-align: left; padding-left: 80px;%22><span class=%22textheading1 mobile-oversized%22>Construisons ensemble   <\/span><\/h1>\n<h2 class=%22textheading2 mobile-oversized%22 style=%22text-align: left; padding-left: 80px;%22><span class=%22textheading2 mobile-oversized%22>le projet<\/span><\/h2>\n<h2 class=%22textheading2 mobile-oversized%22 style=%22text-align: left; padding-left: 80px;%22><span class=%22textheading2 mobile-oversized%22>de vos ambitions<\/span><\/h2>\n<p>&#8221; content_phone=&#8221;<\/p>\n<h1 style=%22padding-left: 40px; text-align: left;%22><span class=%22textheading1 mobile-oversized%22>Construisons ensemble <\/span><\/h1>\n<h2 class=%22textheading2 mobile-oversized%22 style=%22padding-left: 40px; text-align: left;%22><span class=%22textheading2 mobile-oversized%22>le projet<\/span><\/h2>\n<h2 class=%22textheading2 mobile-oversized%22 style=%22padding-left: 40px; text-align: left;%22><span class=%22textheading2 mobile-oversized%22>de vos ambitions<\/span><\/h2>\n<p>&#8221; content_last_edited=&#8221;on|phone&#8221; _builder_version=&#8221;4.27.4&#8243; _module_preset=&#8221;default&#8221; header_font=&#8221;|||on|||||&#8221; header_text_color=&#8221;#FFFFFF&#8221; header_font_size=&#8221;45px&#8221; header_2_font=&#8221;|||on|||||&#8221; header_2_text_align=&#8221;justify&#8221; header_2_text_color=&#8221;#FFFFFF&#8221; header_2_font_size=&#8221;40px&#8221; background_color=&#8221;#000000&#8243; height=&#8221;50vh&#8221; height_tablet=&#8221;50vh&#8221; height_phone=&#8221;40vh&#8221; height_last_edited=&#8221;on|phone&#8221; custom_padding=&#8221;8vh||||false|false&#8221; header_font_size_tablet=&#8221;45px&#8221; header_font_size_phone=&#8221;30px&#8221; header_font_size_last_edited=&#8221;on|phone&#8221; header_2_font_tablet=&#8221;|||on|||||&#8221; header_2_font_phone=&#8221;|||on|||||&#8221; header_2_font_last_edited=&#8221;on|phone&#8221; header_2_font_size_tablet=&#8221;40px&#8221; header_2_font_size_phone=&#8221;30px&#8221; header_2_font_size_last_edited=&#8221;on|phone&#8221; global_colors_info=&#8221;{}&#8221;]<\/p>\n<h1 style=\"text-align: left; padding-left: 80px;\">Building Together the Project of Your Ambitions<\/h1>\n<p>[\/et_pb_text][\/et_pb_column][et_pb_column type=&#8221;1_2&#8243; _builder_version=&#8221;4.16&#8243; _module_preset=&#8221;default&#8221; global_colors_info=&#8221;{}&#8221;][et_pb_image src=&#8221;https:\/\/builtassets.com\/en\/wp-content\/uploads\/sites\/3\/2025\/10\/team-built-assets.webp&#8221; title_text=&#8221;team-built-assets&#8221; _builder_version=&#8221;4.27.4&#8243; _module_preset=&#8221;default&#8221; height=&#8221;50vh&#8221; height_tablet=&#8221;50vh&#8221; height_phone=&#8221;30vh&#8221; height_last_edited=&#8221;on|phone&#8221; global_colors_info=&#8221;{}&#8221;][\/et_pb_image][\/et_pb_column][\/et_pb_row][\/et_pb_section][et_pb_section fb_built=&#8221;1&#8243; admin_label=&#8221;Contact&#8221; _builder_version=&#8221;4.27.4&#8243; _module_preset=&#8221;default&#8221; global_colors_info=&#8221;{}&#8221;][et_pb_row admin_label=&#8221;Ligne&#8221; _builder_version=&#8221;4.16&#8243; _module_preset=&#8221;default&#8221; max_width=&#8221;700px&#8221; global_colors_info=&#8221;{}&#8221;][et_pb_column type=&#8221;4_4&#8243; _builder_version=&#8221;4.16&#8243; _module_preset=&#8221;default&#8221; global_colors_info=&#8221;{}&#8221;][et_pb_text _builder_version=&#8221;4.27.4&#8243; _module_preset=&#8221;90865f4d-2cce-42a7-b40e-d3fbad25605a&#8221; header_2_font=&#8221;||||||||&#8221; header_2_text_color=&#8221;#141414&#8243; header_2_font_size=&#8221;40px&#8221; header_2_line_height=&#8221;1.2em&#8221; text_orientation=&#8221;center&#8221; max_width=&#8221;700px&#8221; module_alignment=&#8221;center&#8221; custom_margin=&#8221;10vh||0px||false|false&#8221; header_2_font_size_tablet=&#8221;32px&#8221; header_2_font_size_phone=&#8221;40px&#8221; header_2_font_size_last_edited=&#8221;on|tablet&#8221; header_2_line_height_tablet=&#8221;1.3em&#8221; header_2_line_height_phone=&#8221;1.4em&#8221; header_2_line_height_last_edited=&#8221;on|phone&#8221; saved_tabs=&#8221;all&#8221; global_colors_info=&#8221;{%22gcid-3f47e762-ddb9-4bcc-9a88-eb1cda6175db%22:%91%93}&#8221;]<\/p>\n<h2>CONTACT DETAILS<\/h2>\n<h2><\/h2>\n<p>[\/et_pb_text][et_pb_text _builder_version=&#8221;4.27.4&#8243; _module_preset=&#8221;da86b6f0-f83c-4c7c-bdd8-3019777ddffe&#8221; text_font=&#8221;||||||||&#8221; text_text_color=&#8221;#141414&#8243; text_line_height=&#8221;1.8em&#8221; text_orientation=&#8221;center&#8221; module_alignment=&#8221;center&#8221; text_font_size_tablet=&#8221;15px&#8221; text_font_size_phone=&#8221;18px&#8221; text_font_size_last_edited=&#8221;on|phone&#8221; global_colors_info=&#8221;{}&#8221;]<\/p>\n<p>Our teams are here to listen, answer your questions, and support you throughout your projects.<\/p>\n<p>[\/et_pb_text][\/et_pb_column][\/et_pb_row][et_pb_row column_structure=&#8221;1_2,1_2&#8243; _builder_version=&#8221;4.27.4&#8243; _module_preset=&#8221;default&#8221; global_colors_info=&#8221;{}&#8221;][et_pb_column type=&#8221;1_2&#8243; _builder_version=&#8221;4.27.4&#8243; _module_preset=&#8221;default&#8221; global_colors_info=&#8221;{}&#8221;][et_pb_text _builder_version=&#8221;4.27.4&#8243; _module_preset=&#8221;default&#8221; header_3_font_size=&#8221;24px&#8221; text_font_size_tablet=&#8221;&#8221; text_font_size_phone=&#8221;18px&#8221; text_font_size_last_edited=&#8221;on|phone&#8221; global_colors_info=&#8221;{}&#8221;]<\/p>\n<h3 data-start=\"409\" data-end=\"427\">GET IN TOUCH<\/h3>\n<p data-start=\"428\" data-end=\"484\">\ud83d\udcde Phone<br data-start=\"444\" data-end=\"447\" \/><a href=\"tel:+22891080909\">+228 91 08 09 09<\/a><br data-start=\"463\" data-end=\"466\" \/><a href=\"tel:+22822221563\">+228 22 22 15 63<\/a><\/p>\n<p data-start=\"486\" data-end=\"526\">\u2709\ufe0f <strong data-start=\"489\" data-end=\"498\">Email<\/strong><br data-start=\"498\" data-end=\"501\" \/><a data-start=\"501\" data-end=\"524\" href=\"mailto:info@builtassets.com\">info@builtassets.com\u00a0<span aria-hidden=\"true\" class=\"ms-0.5 inline-block align-middle leading-none\"><svg width=\"20\" height=\"20\" viewbox=\"0 0 20 20\" fill=\"currentColor\" xmlns=\"http:\/\/www.w3.org\/2000\/svg\" data-rtl-flip=\"\" class=\"block h-[0.75em] w-[0.75em] stroke-current stroke-[0.75]\"><path d=\"M14.3349 13.3301V6.60645L5.47065 15.4707C5.21095 15.7304 4.78895 15.7304 4.52925 15.4707C4.26955 15.211 4.26955 14.789 4.52925 14.5293L13.3935 5.66504H6.66011C6.29284 5.66504 5.99507 5.36727 5.99507 5C5.99507 4.63273 6.29284 4.33496 6.66011 4.33496H14.9999L15.1337 4.34863C15.4369 4.41057 15.665 4.67857 15.665 5V13.3301C15.6649 13.6973 15.3672 13.9951 14.9999 13.9951C14.6327 13.9951 14.335 13.6973 14.3349 13.3301Z\"><\/path><\/svg><\/span><\/a><\/p>\n<p data-start=\"528\" data-end=\"578\">\ud83d\udd53 Opening hours<br data-start=\"543\" data-end=\"546\" \/>Monday to Friday, 9 AM \u2013 6 PM<\/p>\n<p>[\/et_pb_text][\/et_pb_column][et_pb_column type=&#8221;1_2&#8243; _builder_version=&#8221;4.27.4&#8243; _module_preset=&#8221;default&#8221; global_colors_info=&#8221;{}&#8221;][et_pb_text _builder_version=&#8221;4.27.4&#8243; _module_preset=&#8221;default&#8221; header_3_font_size=&#8221;30px&#8221; header_3_font_size_tablet=&#8221;30px&#8221; header_3_font_size_phone=&#8221;24px&#8221; header_3_font_size_last_edited=&#8221;on|phone&#8221; global_colors_info=&#8221;{}&#8221;]<\/p>\n<h3 data-start=\"443\" data-end=\"461\">OUR LOCATION<\/h3>\n<p data-start=\"462\" data-end=\"546\">\ud83d\udccd <strong data-start=\"465\" data-end=\"476\">Address<\/strong><br data-start=\"476\" data-end=\"479\" \/><strong data-start=\"479\" data-end=\"495\">BUILT ASSETS<\/strong><br data-start=\"495\" data-end=\"498\" \/>Rue Atchambad\u00e9<br data-start=\"512\" data-end=\"515\" \/>Lom\u00e9<br data-start=\"519\" data-end=\"522\" \/>R\u00e9gion Maritime<br data-start=\"537\" data-end=\"540\" \/>Togo<\/p>\n<p>[\/et_pb_text][\/et_pb_column][\/et_pb_row][et_pb_row _builder_version=&#8221;4.27.4&#8243; _module_preset=&#8221;default&#8221; global_colors_info=&#8221;{}&#8221;][et_pb_column type=&#8221;4_4&#8243; _builder_version=&#8221;4.27.4&#8243; _module_preset=&#8221;default&#8221; global_colors_info=&#8221;{}&#8221;][et_pb_text admin_label=&#8221;Texte&#8221; _builder_version=&#8221;4.27.4&#8243; _module_preset=&#8221;default&#8221; header_3_font_size=&#8221;30px&#8221; header_3_font_size_tablet=&#8221;30px&#8221; header_3_font_size_phone=&#8221;24px&#8221; header_3_font_size_last_edited=&#8221;on|phone&#8221; global_colors_info=&#8221;{}&#8221;]<\/p>\n<h3>Leave us a message<\/h3>\n<p>[\/et_pb_text][et_pb_contact_form captcha=&#8221;off&#8221; email=&#8221;info@builtassets.com&#8221; custom_message=&#8221;New message from the Built Assets contact form \ud83c\udf10||et_pb_line_break_holder||||et_pb_line_break_holder||\ud83d\udc64 Nom \/ Name : %%Name%%||et_pb_line_break_holder||\ud83d\udce7 E-mail : %%Email%%||et_pb_line_break_holder||\ud83d\udcde T\u00e9l\u00e9phone \/ Phone : %%phone%%||et_pb_line_break_holder||\ud83d\udcc4 Objet \/ Subject : %%objet%%||et_pb_line_break_holder||||et_pb_line_break_holder||\ud83d\udcac Message :||et_pb_line_break_holder||%%Message%%||et_pb_line_break_holder||||et_pb_line_break_holder||\u2500\u2500\u2500\u2500\u2500\u2500\u2500\u2500\u2500\u2500\u2500\u2500\u2500\u2500\u2500\u2500\u2500\u2500\u2500\u2500\u2500\u2500\u2500\u2500\u2500\u2500\u2500\u2500\u2500\u2500||et_pb_line_break_holder||Formulaire envoy\u00e9 depuis \/ Sent from : https:\/\/builtassets.com&#8221; success_message=&#8221;Thank you for reaching out. Our Built Assets team will get back to you very soon.&#8221; submit_button_text=&#8221;SEND YOUR MESSAGE&#8221; admin_label=&#8221;Formulaire de contact&#8221; _builder_version=&#8221;4.27.4&#8243; _module_preset=&#8221;default&#8221; form_field_background_color=&#8221;#f6f1eb&#8221; form_field_custom_padding=&#8221;|0px||0px|false|true&#8221; form_field_font=&#8221;Lato||||||||&#8221; form_field_font_size=&#8221;16px&#8221; form_field_line_height=&#8221;1.8em&#8221; custom_button=&#8221;on&#8221; button_text_size=&#8221;12px&#8221; button_text_color=&#8221;#FFFFFF&#8221; button_bg_color=&#8221;#000000&#8243; button_border_width=&#8221;0px&#8221; button_border_radius=&#8221;0px&#8221; button_letter_spacing=&#8221;2px&#8221; button_font=&#8221;|700||on|||||&#8221; button_custom_margin=&#8221;20px||||false|false&#8221; button_custom_padding=&#8221;16px|24px|16px|24px|true|true&#8221; module_alignment=&#8221;center&#8221; border_color_all=&#8221;rgba(20,20,20,0.3)&#8221; border_width_bottom=&#8221;1px&#8221; locked=&#8221;off&#8221; global_colors_info=&#8221;{%22gcid-9452e02f-d11f-42fc-a9f8-16803f93b5d0%22:%91%93,%22gcid-3f47e762-ddb9-4bcc-9a88-eb1cda6175db%22:%91%93}&#8221;][et_pb_contact_field field_id=&#8221;Name&#8221; field_title=&#8221;  Name&#8221; fullwidth_field=&#8221;on&#8221; _builder_version=&#8221;4.27.4&#8243; global_colors_info=&#8221;{}&#8221; button_text_size__hover_enabled=&#8221;off&#8221; button_one_text_size__hover_enabled=&#8221;off&#8221; button_two_text_size__hover_enabled=&#8221;off&#8221; button_text_color__hover_enabled=&#8221;off&#8221; button_one_text_color__hover_enabled=&#8221;off&#8221; button_two_text_color__hover_enabled=&#8221;off&#8221; button_border_width__hover_enabled=&#8221;off&#8221; button_one_border_width__hover_enabled=&#8221;off&#8221; button_two_border_width__hover_enabled=&#8221;off&#8221; button_border_color__hover_enabled=&#8221;off&#8221; button_one_border_color__hover_enabled=&#8221;off&#8221; button_two_border_color__hover_enabled=&#8221;off&#8221; button_border_radius__hover_enabled=&#8221;off&#8221; button_one_border_radius__hover_enabled=&#8221;off&#8221; button_two_border_radius__hover_enabled=&#8221;off&#8221; button_letter_spacing__hover_enabled=&#8221;off&#8221; button_one_letter_spacing__hover_enabled=&#8221;off&#8221; button_two_letter_spacing__hover_enabled=&#8221;off&#8221; button_bg_color__hover_enabled=&#8221;off&#8221; button_one_bg_color__hover_enabled=&#8221;off&#8221; button_two_bg_color__hover_enabled=&#8221;off&#8221;][\/et_pb_contact_field][et_pb_contact_field field_id=&#8221;Email&#8221; field_title=&#8221;  Email&#8221; field_type=&#8221;email&#8221; fullwidth_field=&#8221;on&#8221; _builder_version=&#8221;4.27.4&#8243; global_colors_info=&#8221;{}&#8221; button_text_size__hover_enabled=&#8221;off&#8221; button_one_text_size__hover_enabled=&#8221;off&#8221; button_two_text_size__hover_enabled=&#8221;off&#8221; button_text_color__hover_enabled=&#8221;off&#8221; button_one_text_color__hover_enabled=&#8221;off&#8221; button_two_text_color__hover_enabled=&#8221;off&#8221; button_border_width__hover_enabled=&#8221;off&#8221; button_one_border_width__hover_enabled=&#8221;off&#8221; button_two_border_width__hover_enabled=&#8221;off&#8221; button_border_color__hover_enabled=&#8221;off&#8221; button_one_border_color__hover_enabled=&#8221;off&#8221; button_two_border_color__hover_enabled=&#8221;off&#8221; button_border_radius__hover_enabled=&#8221;off&#8221; button_one_border_radius__hover_enabled=&#8221;off&#8221; button_two_border_radius__hover_enabled=&#8221;off&#8221; button_letter_spacing__hover_enabled=&#8221;off&#8221; button_one_letter_spacing__hover_enabled=&#8221;off&#8221; button_two_letter_spacing__hover_enabled=&#8221;off&#8221; button_bg_color__hover_enabled=&#8221;off&#8221; button_one_bg_color__hover_enabled=&#8221;off&#8221; button_two_bg_color__hover_enabled=&#8221;off&#8221;][\/et_pb_contact_field][et_pb_contact_field field_id=&#8221;phone&#8221; field_title=&#8221;  Phone&#8221; fullwidth_field=&#8221;on&#8221; _builder_version=&#8221;4.27.4&#8243; _module_preset=&#8221;default&#8221; global_colors_info=&#8221;{}&#8221;][\/et_pb_contact_field][et_pb_contact_field field_id=&#8221;objet&#8221; field_title=&#8221;    Subject&#8221; field_type=&#8221;select&#8221; select_options=&#8221;%91{%22value%22:%22AMO (Assistance \u00c0 Ma\u00eetrise d&#8217;Ouvrage)%22,%22checked%22:0,%22dragID%22:-1},{%22value%22:%22Conception%22,%22checked%22:0,%22dragID%22:0},{%22value%22:%22Conception Construction%22,%22checked%22:0,%22dragID%22:1},{%22value%22:%22  Construction%22,%22checked%22:0,%22dragID%22:2},{%22value%22:%22Immobilier%22,%22checked%22:0,%22dragID%22:3},{%22value%22:%22Solution \u00e9nerg\u00e9tique%22,%22checked%22:0,%22dragID%22:4},{%22value%22:%22Mobilier%22,%22checked%22:0,%22dragID%22:5}%93&#8243; fullwidth_field=&#8221;on&#8221; _builder_version=&#8221;4.27.4&#8243; _module_preset=&#8221;default&#8221; global_colors_info=&#8221;{}&#8221;][\/et_pb_contact_field][et_pb_contact_field field_id=&#8221;Message&#8221; field_title=&#8221;  Message&#8221; field_type=&#8221;text&#8221; fullwidth_field=&#8221;on&#8221; _builder_version=&#8221;4.27.4&#8243; global_colors_info=&#8221;{}&#8221; button_text_size__hover_enabled=&#8221;off&#8221; button_one_text_size__hover_enabled=&#8221;off&#8221; button_two_text_size__hover_enabled=&#8221;off&#8221; button_text_color__hover_enabled=&#8221;off&#8221; button_one_text_color__hover_enabled=&#8221;off&#8221; button_two_text_color__hover_enabled=&#8221;off&#8221; button_border_width__hover_enabled=&#8221;off&#8221; button_one_border_width__hover_enabled=&#8221;off&#8221; button_two_border_width__hover_enabled=&#8221;off&#8221; button_border_color__hover_enabled=&#8221;off&#8221; button_one_border_color__hover_enabled=&#8221;off&#8221; button_two_border_color__hover_enabled=&#8221;off&#8221; button_border_radius__hover_enabled=&#8221;off&#8221; button_one_border_radius__hover_enabled=&#8221;off&#8221; button_two_border_radius__hover_enabled=&#8221;off&#8221; button_letter_spacing__hover_enabled=&#8221;off&#8221; button_one_letter_spacing__hover_enabled=&#8221;off&#8221; button_two_letter_spacing__hover_enabled=&#8221;off&#8221; button_bg_color__hover_enabled=&#8221;off&#8221; button_one_bg_color__hover_enabled=&#8221;off&#8221; button_two_bg_color__hover_enabled=&#8221;off&#8221;][\/et_pb_contact_field][\/et_pb_contact_form][\/et_pb_column][\/et_pb_row][\/et_pb_section][et_pb_section fb_built=&#8221;1&#8243; admin_label=&#8221;Map&#8221; _builder_version=&#8221;4.16&#8243; _module_preset=&#8221;default&#8221; background_color=&#8221;#fff4ef&#8221; custom_padding=&#8221;0px||0px||true|&#8221; global_colors_info=&#8221;{%22gcid-abdd1dfe-115d-40b5-9c1d-c1c9635de504%22:%91%93}&#8221;][et_pb_row _builder_version=&#8221;4.16&#8243; _module_preset=&#8221;default&#8221; width=&#8221;100%&#8221; max_width=&#8221;none&#8221; custom_padding=&#8221;0px||0px||true|&#8221; mix_blend_mode=&#8221;multiply&#8221; global_colors_info=&#8221;{}&#8221;][et_pb_column type=&#8221;4_4&#8243; _builder_version=&#8221;4.16&#8243; _module_preset=&#8221;default&#8221; global_colors_info=&#8221;{}&#8221;][et_pb_code _builder_version=&#8221;4.27.5&#8243; _module_preset=&#8221;default&#8221; hover_enabled=&#8221;0&#8243; sticky_enabled=&#8221;0&#8243;]<\/p>\n<div style=\"position:relative;padding-bottom:65%;height:0;overflow:hidden;\"><!-- [et_pb_line_break_holder] -->  <iframe <!-- [et_pb_line_break_holder] -->    src=&#8221;https:\/\/www.google.com\/maps\/embed?pb=!1m18!1m12!1m3!1d3966.9772561357577!2d1.2326944747498003!3d6.1337580938530945!2m3!1f0!2f0!3f0!3m2!1i1024!2i768!4f13.1!3m3!1m2!1s0x1023e1943c04986b%3A0x5dc78d1a6e9ef942!2sBuilt%20Assets!5e0!3m2!1sfr!2sfr!4v1770850045041!5m2!1sfr!2sfr&#8221;<!-- [et_pb_line_break_holder] -->    style=&#8221;position:absolute;top:0;left:0;width:100%;height:100%;border:0;&#8221;<!-- [et_pb_line_break_holder] -->    allowfullscreen=&#8221;&#8221;<!-- [et_pb_line_break_holder] -->    loading=&#8221;lazy&#8221;<!-- [et_pb_line_break_holder] -->    referrerpolicy=&#8221;no-referrer-when-downgrade&#8221;><!-- [et_pb_line_break_holder] -->  <\/iframe><!-- [et_pb_line_break_holder] --><\/div>\n<p><!-- [et_pb_line_break_holder] -->[\/et_pb_code][\/et_pb_column][\/et_pb_row][\/et_pb_section]<\/p>\n","protected":false},"excerpt":{"rendered":"<p>Building Together the Project of Your AmbitionsCONTACT DETAILS Our teams are here to listen, answer your questions, and support you throughout your projects.GET IN TOUCH \ud83d\udcde Phone+228 91 08 09 09+228 22 22 15 63 \u2709\ufe0f Emailinfo@builtassets.com\u00a0 \ud83d\udd53 Opening hoursMonday to Friday, 9 AM \u2013 6 PMOUR LOCATION \ud83d\udccd AddressBUILT ASSETSRue Atchambad\u00e9Lom\u00e9R\u00e9gion MaritimeTogoLeave us a [&hellip;]<\/p>\n","protected":false},"author":1,"featured_media":0,"parent":0,"menu_order":0,"comment_status":"closed","ping_status":"closed","template":"","meta":{"_acf_changed":false,"_et_pb_use_builder":"on","_et_pb_old_content":"","_et_gb_content_width":"","footnotes":""},"class_list":["post-845","page","type-page","status-publish","hentry"],"acf":[],"_links":{"self":[{"href":"https:\/\/builtassets.com\/en\/wp-json\/wp\/v2\/pages\/845","targetHints":{"allow":["GET"]}}],"collection":[{"href":"https:\/\/builtassets.com\/en\/wp-json\/wp\/v2\/pages"}],"about":[{"href":"https:\/\/builtassets.com\/en\/wp-json\/wp\/v2\/types\/page"}],"author":[{"embeddable":true,"href":"https:\/\/builtassets.com\/en\/wp-json\/wp\/v2\/users\/1"}],"replies":[{"embeddable":true,"href":"https:\/\/builtassets.com\/en\/wp-json\/wp\/v2\/comments?post=845"}],"version-history":[{"count":6,"href":"https:\/\/builtassets.com\/en\/wp-json\/wp\/v2\/pages\/845\/revisions"}],"predecessor-version":[{"id":1443,"href":"https:\/\/builtassets.com\/en\/wp-json\/wp\/v2\/pages\/845\/revisions\/1443"}],"wp:attachment":[{"href":"https:\/\/builtassets.com\/en\/wp-json\/wp\/v2\/media?parent=845"}],"curies":[{"name":"wp","href":"https:\/\/api.w.org\/{rel}","templated":true}]}}