{"id":20,"date":"2025-09-18T00:49:39","date_gmt":"2025-09-17T22:49:39","guid":{"rendered":"https:\/\/builtassets.com\/fr\/?page_id=20"},"modified":"2026-04-27T14:32:22","modified_gmt":"2026-04-27T12:32:22","slug":"accueil","status":"publish","type":"page","link":"https:\/\/builtassets.com\/fr\/","title":{"rendered":"Accueil"},"content":{"rendered":"<div class=\"et_pb_section_0 et_pb_section et_pb_fullwidth_section et_section_regular et_block_section home-hero\" id=\"ba-hero\">\n<div class=\"et_pb_fullwidth_slider_0 et_pb_slider et_pb_slider_no_pagination et_pb_module hero-zoom\"><div class=\"et_pb_slides\">\n<div class=\"et_pb_slide_0 et_pb_slide et_pb_media_alignment_center et_pb_bg_layout_dark et_pb_text_align_center\" data-slide-id=\"divi\/slide-0\"><div class=\"et_pb_container\"><div class=\"et_pb_slider_container_inner\"><div class=\"et_pb_slide_description\"><div class=\"et_pb_slide_content\"><h1>Entreprise de Construction &amp; AMO<br \/>au Togo<\/h1>\n<\/div><\/div><\/div><\/div><\/div>\n\n<div class=\"et_pb_slide_1 et_pb_slide et_pb_media_alignment_center et_pb_bg_layout_dark et_pb_text_align_center\" data-slide-id=\"divi\/slide-1\"><div class=\"et_pb_container\"><div class=\"et_pb_slider_container_inner\"><div class=\"et_pb_slide_description\"><div class=\"et_pb_slide_content\"><h2><strong>Engag\u00e9s \u00e0 mieux construire<\/strong><\/h2>\n<\/div><\/div><\/div><\/div><\/div>\n\n<div class=\"et_pb_slide_2 et_pb_slide et_pb_media_alignment_center et_pb_bg_layout_dark et_pb_text_align_center\" data-slide-id=\"divi\/slide-2\"><div class=\"et_pb_container\"><div class=\"et_pb_slider_container_inner\"><div class=\"et_pb_slide_description\"><\/div><\/div><\/div><\/div>\n<\/div><\/div>\n<\/div>\n\n<div class=\"et_pb_section_1 et_pb_section et_section_regular et_block_section\">\n<div class=\"et_pb_row_0 et_pb_row et_block_row\">\n<div class=\"et_pb_column_0 et_pb_column et_pb_column_4_4 et-last-child et_block_column et_pb_css_mix_blend_mode_passthrough\">\n<div class=\"et_pb_text_0 et_pb_text et_pb_bg_layout_light et_pb_module et_block_module\"><div class=\"et_pb_text_inner\"><h2 class=\"textheading1 mobile-oversized\"><span class=\"textheading1 mobile-oversized\">Votre partenaire de confiance en Construction et Immobilier en Afrique de l\u2019Ouest<\/span><\/h2>\n<\/div><\/div>\n\n<div class=\"et_pb_text_1 et_pb_text et_pb_bg_layout_light et_pb_module et_block_module\"><div class=\"et_pb_text_inner\"><p><span>Chez Built Assets, nous sommes sp\u00e9cialis\u00e9s dans la construction, le d\u00e9veloppement immobilier et la gestion de projets \u00e9nerg\u00e9tiques. Gr\u00e2ce \u00e0 notre expertise en Assistance \u00e0 Ma\u00eetrise d\u2019Ouvrage (AMO) et notre \u00e9quipe de professionnels qualifi\u00e9s, nous vous accompagnons \u00e0 chaque \u00e9tape de votre projet, de la conception \u00e0 la r\u00e9alisation. Nos solutions sont pens\u00e9es pour r\u00e9pondre \u00e0 vos besoins sp\u00e9cifiques tout en respectant les normes de s\u00e9curit\u00e9 et les r\u00e9glementations locales.<\/span><\/p>\n<\/div><\/div>\n\n<div class=\"et_pb_module et_pb_button_module_wrapper et_pb_button_0_wrapper\"><a class=\"et_pb_button_0 et_pb_button et_pb_bg_layout_light et_pb_module et_block_module\" href=\"https:\/\/builtassets.com\/fr\/vision\/\">D\u00e9couvrir<\/a><\/div>\n<\/div>\n<\/div>\n<\/div>\n\n<div class=\"et_pb_section_2 et_pb_section et_section_regular et_block_section\">\n<div class=\"et_pb_row_1 et_pb_row et_block_row\">\n<div class=\"et_pb_column_1 et_pb_column et_pb_column_4_4 et-last-child et_block_column et_pb_css_mix_blend_mode_passthrough\">\n<div class=\"et_pb_text_2 et_pb_text et_pb_bg_layout_light et_pb_module et_block_module\"><div class=\"et_pb_text_inner\"><h2 class=\"textheading2 mobile-oversized\"><span class=\"textheading2 mobile-oversized\">Nos services<\/span><\/h2>\n<\/div><\/div>\n<\/div>\n<\/div>\n\n<div class=\"et_pb_row_2 et_pb_row et_pb_row_1-2_1-4_1-4 et_pb_equal_columns et_pb_gutters1 et_block_row et_block_row_1-2_1-4_1-4 services-grid\">\n<div class=\"et_pb_column_2 et_pb_column et_pb_column_1_2 et_block_column et_pb_css_mix_blend_mode_passthrough\">\n<div class=\"et_pb_text_3 et_pb_text et_pb_bg_layout_light et_clickable et_pb_module et_block_module et_pb_text_align_center\"><div class=\"et_pb_text_inner\"><h3 class=\"textheading2 mobile-oversized\"><span class=\"textheading2 mobile-oversized\">Amo<\/span><\/h3>\n<p class=\"mobile-undersized-upper\"><span>(Assistance \u00c0 Ma\u00eetrise d'Ouvrage)<\/span><\/p>\n<p class=\"mobile-undersized-upper\">\n<\/div><\/div>\n<\/div>\n\n<div class=\"et_pb_column_3 et_pb_column et_pb_column_1_4 et_block_column et_pb_css_mix_blend_mode_passthrough\">\n<div class=\"et_pb_text_4 et_pb_text et_pb_bg_layout_light et_clickable et_pb_module et_block_module et_pb_text_align_center\"><div class=\"et_pb_text_inner\"><h3 class=\"textheading2 mobile-oversized\"><span>Construction<\/span><\/h3>\n<\/div><\/div>\n<\/div>\n\n<div class=\"et_pb_column_4 et_pb_column et_pb_column_1_4 et-last-child et_block_column et_pb_css_mix_blend_mode_passthrough\">\n<div class=\"et_pb_text_5 et_pb_text et_pb_bg_layout_light et_clickable et_pb_module et_block_module et_pb_text_align_center\"><div class=\"et_pb_text_inner\"><h3 class=\"textheading2 mobile-oversized\"><span class=\"textheading2 mobile-oversized\">Immobilier<\/span><\/h3>\n<\/div><\/div>\n<\/div>\n<\/div>\n\n<div class=\"et_pb_row_3 et_pb_row et_pb_row_4col et_pb_equal_columns et_pb_gutters1 et_block_row et_block_row_4col services-grid reverse-mobile\">\n<div class=\"et_pb_column_5 et_pb_column et_pb_column_1_4 et_block_column et_pb_css_mix_blend_mode_passthrough\">\n<div class=\"et_pb_text_6 et_pb_text et_pb_bg_layout_light et_clickable et_pb_module et_block_module\"><div class=\"et_pb_text_inner\"><h3><span class=\"textheading1 mobile-oversized\">Conception<\/span><\/h3>\n<\/div><\/div>\n<\/div>\n\n<div class=\"et_pb_column_6 et_pb_column et_pb_column_1_4 et_block_column et_pb_css_mix_blend_mode_passthrough\">\n<div class=\"et_pb_text_7 et_pb_text et_pb_bg_layout_light et_clickable et_pb_module et_block_module\"><div class=\"et_pb_text_inner\"><h3><span class=\"textheading1 mobile-oversized\">Conception Construction<\/span><\/h3>\n<\/div><\/div>\n<\/div>\n\n<div class=\"et_pb_column_7 et_pb_column et_pb_column_1_4 et_block_column et_pb_css_mix_blend_mode_passthrough\">\n<div class=\"et_pb_text_8 et_pb_text et_pb_bg_layout_light et_clickable et_pb_module et_block_module\"><div class=\"et_pb_text_inner\"><h3 class=\"textheading1 mobile-oversized\"><span class=\"textheading1 mobile-oversized\">Solutions durable<\/span><\/h3>\n<h3 class=\"textheading1 mobile-oversized\"><span class=\"textheading1 mobile-oversized\">Certification EDGE<\/span><\/h3>\n<\/div><\/div>\n<\/div>\n\n<div class=\"et_pb_column_8 et_pb_column et_pb_column_1_4 et-last-child et_block_column et_pb_css_mix_blend_mode_passthrough\">\n<div class=\"et_pb_text_9 et_pb_text et_pb_bg_layout_light et_clickable et_pb_module et_block_module\"><div class=\"et_pb_text_inner\"><h3 class=\"textheading1 mobile-oversized\"><span class=\"textheading1 mobile-oversized\">Permis de construire<\/span><\/h3>\n<\/div><\/div>\n<\/div>\n<\/div>\n<\/div>\n\n<div class=\"et_pb_section_3 et_pb_section et_section_regular et_block_section\">\n<div class=\"et_pb_row_4 et_pb_row et_block_row\">\n<div class=\"et_pb_column_9 et_pb_column et_pb_column_4_4 et-last-child et_block_column et_pb_css_mix_blend_mode_passthrough\">\n<div class=\"et_pb_text_10 et_pb_text et_pb_bg_layout_light et_pb_module et_block_module\"><div class=\"et_pb_text_inner\"><h2>Nos clients &amp; partenaires<\/h2>\n<\/div><\/div>\n\n<div class=\"et_pb_text_11 et_pb_text et_pb_bg_layout_light et_pb_module et_block_module\"><div class=\"et_pb_text_inner\"><p>Institutions, promoteurs, entreprises,\u00a0<br \/>organisations, clients locaux et diaspora\u00a0<br \/>b\u00e9n\u00e9ficient d\u2019un accompagnement sur mesure.<\/p>\n<\/div><\/div>\n<\/div>\n<\/div>\n\n<div class=\"et_pb_row_5 et_pb_row et_block_row\">\n<div class=\"et_pb_column_10 et_pb_column et_pb_column_1_3 et_block_column et_pb_css_mix_blend_mode_passthrough\">\n<div class=\"et_pb_blurb_0 et_pb_blurb et_pb_bg_layout_light et_pb_blurb_position_top et_animated et_pb_module et_block_module\"><div class=\"et_pb_blurb_content\"><div class=\"et_pb_main_blurb_image\"><span class=\"et_pb_image_wrap\"><span class=\"et-pb-icon et_animated et_animated\">\uf19c<\/span><\/span><\/div><div class=\"et_pb_blurb_container\"><h4 class=\"et_pb_module_header\">Institutions publiques<\/h4><div class=\"et_pb_blurb_description\"><p>S\u00e9curiser vos investissements et garantir la conformit\u00e9 r\u00e9glementaire.<\/p>\n<\/div><\/div><\/div><\/div>\n<\/div>\n\n<div class=\"et_pb_column_11 et_pb_column et_pb_column_1_3 et_block_column et_pb_css_mix_blend_mode_passthrough\">\n<div class=\"et_pb_blurb_1 et_pb_blurb et_pb_bg_layout_light et_pb_blurb_position_top et_animated et_pb_module et_block_module\"><div class=\"et_pb_blurb_content\"><div class=\"et_pb_main_blurb_image\"><span class=\"et_pb_image_wrap\"><span class=\"et-pb-icon et_animated et_animated\">\uf594<\/span><\/span><\/div><div class=\"et_pb_blurb_container\"><h4 class=\"et_pb_module_header\">Promoteurs immobiliers<\/h4><div class=\"et_pb_blurb_description\"><p>Maximiser la valeur de vos projets gr\u00e2ce \u00e0 une gestion optimis\u00e9e des co\u00fbts et d\u00e9lais.<\/p>\n<\/div><\/div><\/div><\/div>\n<\/div>\n\n<div class=\"et_pb_column_12 et_pb_column et_pb_column_1_3 et-last-child et_block_column et_pb_css_mix_blend_mode_passthrough\">\n<div class=\"et_pb_blurb_2 et_pb_blurb et_pb_bg_layout_light et_pb_blurb_position_top et_animated et_pb_module et_block_module\"><div class=\"et_pb_blurb_content\"><div class=\"et_pb_main_blurb_image\"><span class=\"et_pb_image_wrap\"><span class=\"et-pb-icon et_animated et_animated\">\uf1ad<\/span><\/span><\/div><div class=\"et_pb_blurb_container\"><h4 class=\"et_pb_module_header\">Entreprises priv\u00e9es<\/h4><div class=\"et_pb_blurb_description\"><p>Obtenir des espaces fonctionnels livr\u00e9s dans les temps, adapt\u00e9s \u00e0 vos besoins.<\/p>\n<\/div><\/div><\/div><\/div>\n<\/div>\n<\/div>\n\n<div class=\"et_pb_row_6 et_pb_row et_block_row\">\n<div class=\"et_pb_column_13 et_pb_column et_pb_column_1_3 et_block_column et_pb_css_mix_blend_mode_passthrough\">\n<div class=\"et_pb_blurb_3 et_pb_blurb et_pb_bg_layout_light et_pb_blurb_position_top et_animated et_pb_module et_block_module\"><div class=\"et_pb_blurb_content\"><div class=\"et_pb_main_blurb_image\"><span class=\"et_pb_image_wrap\"><span class=\"et-pb-icon et_animated et_animated\">\uf0e8<\/span><\/span><\/div><div class=\"et_pb_blurb_container\"><h4 class=\"et_pb_module_header\">Organisations internationales<\/h4><div class=\"et_pb_blurb_description\"><p>Assurer transparence, reporting et respect des standards internationaux.<\/p>\n<\/div><\/div><\/div><\/div>\n<\/div>\n\n<div class=\"et_pb_column_14 et_pb_column et_pb_column_1_3 et_block_column et_pb_css_mix_blend_mode_passthrough\">\n<div class=\"et_pb_blurb_4 et_pb_blurb et_pb_bg_layout_light et_pb_blurb_position_top et_animated et_pb_module et_block_module\"><div class=\"et_pb_blurb_content\"><div class=\"et_pb_main_blurb_image\"><span class=\"et_pb_image_wrap\"><span class=\"et-pb-icon et_animated et_animated\">\uf54f<\/span><\/span><\/div><div class=\"et_pb_blurb_container\"><h4 class=\"et_pb_module_header\">Clients locaux<\/h4><div class=\"et_pb_blurb_description\"><p>Construire sereinement avec un accompagnement de proximit\u00e9 et des co\u00fbts ma\u00eetris\u00e9s.<\/p>\n<\/div><\/div><\/div><\/div>\n<\/div>\n\n<div class=\"et_pb_column_15 et_pb_column et_pb_column_1_3 et-last-child et_block_column et_pb_css_mix_blend_mode_passthrough\">\n<div class=\"et_pb_blurb_5 et_pb_blurb et_pb_bg_layout_light et_pb_blurb_position_top et_animated et_pb_module et_block_module\"><div class=\"et_pb_blurb_content\"><div class=\"et_pb_main_blurb_image\"><span class=\"et_pb_image_wrap\"><span class=\"et-pb-icon et_animated et_animated\">\uf518<\/span><\/span><\/div><div class=\"et_pb_blurb_container\"><h4 class=\"et_pb_module_header\">Diaspora<\/h4><div class=\"et_pb_blurb_description\"><p>Investir \u00e0 distance en toute confiance gr\u00e2ce \u00e0 un suivi clair et r\u00e9gulier.<\/p>\n<\/div><\/div><\/div><\/div>\n<\/div>\n<\/div>\n<\/div>\n\n<div class=\"et_pb_section_4 et_pb_section et_section_regular et_block_section\">\n<div class=\"et_pb_row_7 et_pb_row et_block_row\">\n<div class=\"et_pb_column_16 et_pb_column et_pb_column_4_4 et-last-child et_block_column et_pb_css_mix_blend_mode_passthrough\">\n<div class=\"et_pb_text_12 et_pb_text et_pb_bg_layout_light et_pb_module et_block_module\"><div class=\"et_pb_text_inner\"><h2>Ils nous ont fait confiance.<\/h2>\n<\/div><\/div>\n<\/div>\n<\/div>\n\n<div class=\"et_pb_row_8 et_pb_row et_pb_row_5col et_block_row et_block_row_5col logo-mobile\">\n<div class=\"et_pb_column_17 et_pb_column et_pb_column_1_5 et_block_column et_pb_css_mix_blend_mode_passthrough\">\n<div class=\"et_pb_image_0 et_pb_image et_pb_module et_block_module logo-partenaire\"><span class=\"et_pb_image_wrap\"><img loading=\"lazy\" decoding=\"async\" src=\"https:\/\/builtassets.com\/fr\/wp-content\/uploads\/sites\/2\/2025\/09\/logo-ministere-sports-cote-ivoire-hd.webp\" width=\"225\" height=\"225\" srcset=\"https:\/\/builtassets.com\/fr\/wp-content\/uploads\/sites\/2\/2025\/09\/logo-ministere-sports-cote-ivoire-hd.webp 225w, https:\/\/builtassets.com\/fr\/wp-content\/uploads\/sites\/2\/2025\/09\/logo-ministere-sports-cote-ivoire-hd-150x150.webp 150w\" sizes=\"(max-width: 225px) 100vw, 225px\" class=\"wp-image-341\" title=\"logo-ministere-sports-cote-ivoire-hd\" \/><\/span><\/div>\n<\/div>\n\n<div class=\"et_pb_column_18 et_pb_column et_pb_column_1_5 et_block_column et_pb_css_mix_blend_mode_passthrough\">\n<div class=\"et_pb_image_1 et_pb_image et_pb_module et_block_module\"><span class=\"et_pb_image_wrap\"><img loading=\"lazy\" decoding=\"async\" src=\"https:\/\/builtassets.com\/fr\/wp-content\/uploads\/sites\/2\/2025\/09\/logo-ecobank-afrique-hd.webp\" width=\"1481\" height=\"1024\" srcset=\"https:\/\/builtassets.com\/fr\/wp-content\/uploads\/sites\/2\/2025\/09\/logo-ecobank-afrique-hd.webp 1481w, https:\/\/builtassets.com\/fr\/wp-content\/uploads\/sites\/2\/2025\/09\/logo-ecobank-afrique-hd-1280x885.webp 1280w, https:\/\/builtassets.com\/fr\/wp-content\/uploads\/sites\/2\/2025\/09\/logo-ecobank-afrique-hd-980x678.webp 980w, https:\/\/builtassets.com\/fr\/wp-content\/uploads\/sites\/2\/2025\/09\/logo-ecobank-afrique-hd-480x332.webp 480w\" sizes=\"(min-width: 0px) and (max-width: 480px) 480px, (min-width: 481px) and (max-width: 980px) 980px, (min-width: 981px) and (max-width: 1280px) 1280px, (min-width: 1281px) 1481px, 100vw\" class=\"wp-image-339\" title=\"logo-ecobank-afrique-hd\" \/><\/span><\/div>\n<\/div>\n\n<div class=\"et_pb_column_19 et_pb_column et_pb_column_1_5 et_block_column et_pb_css_mix_blend_mode_passthrough\">\n<div class=\"et_pb_image_2 et_pb_image et_pb_module et_block_module logo-partenaire\"><span class=\"et_pb_image_wrap\"><img loading=\"lazy\" decoding=\"async\" src=\"https:\/\/builtassets.com\/fr\/wp-content\/uploads\/sites\/2\/2025\/09\/logo-comite-international-olympique-hd.webp\" width=\"500\" height=\"124\" srcset=\"https:\/\/builtassets.com\/fr\/wp-content\/uploads\/sites\/2\/2025\/09\/logo-comite-international-olympique-hd.webp 500w, https:\/\/builtassets.com\/fr\/wp-content\/uploads\/sites\/2\/2025\/09\/logo-comite-international-olympique-hd-480x119.webp 480w\" sizes=\"(min-width: 0px) and (max-width: 480px) 480px, (min-width: 481px) 500px, 100vw\" class=\"wp-image-338\" title=\"logo-comite-international-olympique-hd\" \/><\/span><\/div>\n<\/div>\n\n<div class=\"et_pb_column_20 et_pb_column et_pb_column_1_5 et_block_column et_pb_css_mix_blend_mode_passthrough\">\n<div class=\"et_pb_image_3 et_pb_image et_pb_module et_block_module logo-partenaire\"><span class=\"et_pb_image_wrap\"><img loading=\"lazy\" decoding=\"async\" src=\"https:\/\/builtassets.com\/fr\/wp-content\/uploads\/sites\/2\/2025\/09\/logo-institut-francais-togo-hd.webp\" width=\"945\" height=\"544\" srcset=\"https:\/\/builtassets.com\/fr\/wp-content\/uploads\/sites\/2\/2025\/09\/logo-institut-francais-togo-hd.webp 945w, https:\/\/builtassets.com\/fr\/wp-content\/uploads\/sites\/2\/2025\/09\/logo-institut-francais-togo-hd-480x276.webp 480w\" sizes=\"(min-width: 0px) and (max-width: 480px) 480px, (min-width: 481px) 945px, 100vw\" class=\"wp-image-340\" title=\"logo-institut-francais-togo-hd\" \/><\/span><\/div>\n<\/div>\n\n<div class=\"et_pb_column_21 et_pb_column et_pb_column_1_5 et-last-child et_block_column et_pb_css_mix_blend_mode_passthrough\">\n<div class=\"et_pb_image_4 et_pb_image et_pb_module et_block_module logo-partenaire\"><span class=\"et_pb_image_wrap\"><img loading=\"lazy\" decoding=\"async\" src=\"https:\/\/builtassets.com\/fr\/wp-content\/uploads\/sites\/2\/2025\/09\/logo-ambassade-france-togo-hd.webp\" width=\"748\" height=\"748\" srcset=\"https:\/\/builtassets.com\/fr\/wp-content\/uploads\/sites\/2\/2025\/09\/logo-ambassade-france-togo-hd.webp 748w, https:\/\/builtassets.com\/fr\/wp-content\/uploads\/sites\/2\/2025\/09\/logo-ambassade-france-togo-hd-480x480.webp 480w\" sizes=\"(min-width: 0px) and (max-width: 480px) 480px, (min-width: 481px) 748px, 100vw\" class=\"wp-image-337\" title=\"logo-ambassade-france-togo-hd\" \/><\/span><\/div>\n<\/div>\n<\/div>\n<\/div>\n\n<div class=\"et_pb_section_5 et_pb_section et_section_regular et_block_section\">\n<div class=\"et_pb_row_9 et_pb_row et_block_row\">\n<div class=\"et_pb_column_22 et_pb_column et_pb_column_4_4 et-last-child et_block_column et_pb_css_mix_blend_mode_passthrough\">\n<div class=\"et_pb_text_13 et_pb_text et_pb_bg_layout_light et_pb_module et_block_module\"><div class=\"et_pb_text_inner\"><h2 style=\"text-align: center\">Nos R\u00e9alisations<\/h2>\n<\/div><\/div>\n\n<div class=\"et_pb_text_14 et_pb_text et_pb_bg_layout_light et_pb_module et_block_module\"><div class=\"et_pb_text_inner\"><div class=\"Preview_row__3Fkye row\">\n<div data-id=\"16070B5E-6FF5-46D4-82AE-ED193D39C3AE\" data-kind=\"TEXT\" class=\"Preview_componentWrapper__2i4QI\">\n<div data-in-template=\"false\" data-id=\"16070B5E-6FF5-46D4-82AE-ED193D39C3AE\" data-kind=\"Component\" data-specific-kind=\"TEXT\" class=\"Preview_component__SbiKo text-align-null\">\n<div data-mve-font-change=\"0\" class=\"styles_contentContainer__lrPIa textnormal styles_text__3jGMu styles_invalidateHighlightAndShadows__2W3IH White themeTextClass\">\n<p><span>Nos exp\u00e9riences nous ont conduits \u00e0 \u00e9voluer dans des environnements internationaux et multiculturels. Elles nous ont \u00e9galement permis de concevoir, promouvoir et r\u00e9aliser de bout en bout, cl\u00e9 en main des projets de construction plus ou moins complexes<\/span><\/p>\n<\/div>\n<\/div>\n<\/div>\n<\/div>\n<div class=\"Preview_row__3Fkye row\">\n<div data-id=\"2F2349F8-2DE6-4E9E-850C-87B20590C39F\" data-kind=\"GALLERY\" class=\"Preview_componentWrapper__2i4QI\">\n<div data-in-template=\"false\" data-id=\"2F2349F8-2DE6-4E9E-850C-87B20590C39F\" data-kind=\"Component\" data-specific-kind=\"GALLERY\" data-stretch=\"true\" class=\"Preview_component__SbiKo\">\n<div class=\"gallery Gallery_gallery__2AhdO textnormal\" data-captionenabled=\"true\" data-mobile-column=\"2\" data-columns=\"3\" data-spacing=\"5\" data-image-ratio=\"SQUARE\" data-original-width=\"1998\" data-compact-view=\"false\">\n<div data-index=\"0\" class=\"Gallery_galleryCell__2ARa3 gallery-cell\">\n<div class=\"img-container\"><\/div>\n<\/div>\n<\/div>\n<\/div>\n<\/div>\n<\/div>\n<\/div><\/div>\n<\/div>\n<\/div>\n\n<div class=\"et_pb_row_10 et_pb_row et_pb_equal_columns et_pb_gutters2 et_block_row\">\n<div class=\"et_pb_column_23 et_pb_column et_pb_column_1_3 et_block_column et_pb_css_mix_blend_mode_passthrough\">\n<div class=\"et_pb_image_5 et_pb_image et_pb_module et_block_module\"><a href=\"https:\/\/builtassets.com\/fr\/realisations\/pole-pedagogique-construction-dun-centre-educatif\/\"><span class=\"et_pb_image_wrap\"><img loading=\"lazy\" decoding=\"async\" src=\"https:\/\/builtassets.com\/fr\/wp-content\/uploads\/sites\/2\/2025\/09\/batiment-pedagogique-ift-lome-togo.webp\" width=\"683\" height=\"683\" srcset=\"https:\/\/builtassets.com\/fr\/wp-content\/uploads\/sites\/2\/2025\/09\/batiment-pedagogique-ift-lome-togo.webp 683w, https:\/\/builtassets.com\/fr\/wp-content\/uploads\/sites\/2\/2025\/09\/batiment-pedagogique-ift-lome-togo-480x480.webp 480w\" sizes=\"(min-width: 0px) and (max-width: 480px) 480px, (min-width: 481px) 683px, 100vw\" class=\"wp-image-50\" title=\"batiment-pedagogique-ift-lome-togo\" \/><\/span><\/a><\/div>\n\n<div class=\"et_pb_text_15 et_pb_text et_pb_bg_layout_light et_pb_module et_block_module\"><div class=\"et_pb_text_inner\"><h3>Institut Fran\u00e7ais<\/h3>\n<p>&nbsp;<\/p>\n<\/div><\/div>\n\n<div class=\"et_pb_text_16 et_pb_text et_pb_bg_layout_light et_pb_module et_block_module\"><div class=\"et_pb_text_inner\"><p>Travaux de construction du p\u00f4le p\u00e9dagogique de l'institut Fran\u00e7ais du Togo<\/p>\n<\/div><\/div>\n<\/div>\n\n<div class=\"et_pb_column_24 et_pb_column et_pb_column_1_3 et_block_column et_pb_css_mix_blend_mode_passthrough\">\n<div class=\"et_pb_image_6 et_pb_image et_pb_module et_block_module\"><a href=\"https:\/\/builtassets.com\/fr\/realisations\/immeuble-daid\/\"><span class=\"et_pb_image_wrap\"><img loading=\"lazy\" decoding=\"async\" src=\"https:\/\/builtassets.com\/fr\/wp-content\/uploads\/sites\/2\/2025\/09\/immeuble-daid-architecture-lome-togo.webp\" width=\"1400\" height=\"1585\" srcset=\"https:\/\/builtassets.com\/fr\/wp-content\/uploads\/sites\/2\/2025\/09\/immeuble-daid-architecture-lome-togo.webp 1400w, https:\/\/builtassets.com\/fr\/wp-content\/uploads\/sites\/2\/2025\/09\/immeuble-daid-architecture-lome-togo-1280x1449.webp 1280w, https:\/\/builtassets.com\/fr\/wp-content\/uploads\/sites\/2\/2025\/09\/immeuble-daid-architecture-lome-togo-980x1110.webp 980w, https:\/\/builtassets.com\/fr\/wp-content\/uploads\/sites\/2\/2025\/09\/immeuble-daid-architecture-lome-togo-480x543.webp 480w\" sizes=\"(min-width: 0px) and (max-width: 480px) 480px, (min-width: 481px) and (max-width: 980px) 980px, (min-width: 981px) and (max-width: 1280px) 1280px, (min-width: 1281px) 1400px, 100vw\" class=\"wp-image-199\" title=\"immeuble-daid-architecture-lome-togo\" \/><\/span><\/a><\/div>\n\n<div class=\"et_pb_text_17 et_pb_text et_pb_bg_layout_light et_pb_module et_block_module\"><div class=\"et_pb_text_inner\"><h3><span>Construction d'un Immeuble \u00e0 Lom\u00e9 Togo.<\/span><\/h3>\n<\/div><\/div>\n\n<div class=\"et_pb_text_18 et_pb_text et_pb_bg_layout_light et_pb_module et_block_module\"><div class=\"et_pb_text_inner\"><p><span>Transformation d\u2019un b\u00e2timent R+1 existant, en un immeuble de standing R+7<\/span><\/p>\n<\/div><\/div>\n<\/div>\n\n<div class=\"et_pb_column_25 et_pb_column et_pb_column_1_3 et-last-child et_block_column et_pb_css_mix_blend_mode_passthrough\">\n<div class=\"et_pb_image_7 et_pb_image et_pb_module et_block_module\"><a href=\"https:\/\/builtassets.com\/fr\/realisations\/centre-olympafrica\/\"><span class=\"et_pb_image_wrap\"><img loading=\"lazy\" decoding=\"async\" src=\"https:\/\/builtassets.com\/fr\/wp-content\/uploads\/sites\/2\/2025\/09\/complexe-olympafric-built-assets-togo.webp\" width=\"1920\" height=\"1080\" srcset=\"https:\/\/builtassets.com\/fr\/wp-content\/uploads\/sites\/2\/2025\/09\/complexe-olympafric-built-assets-togo.webp 1920w, https:\/\/builtassets.com\/fr\/wp-content\/uploads\/sites\/2\/2025\/09\/complexe-olympafric-built-assets-togo-1280x720.webp 1280w, https:\/\/builtassets.com\/fr\/wp-content\/uploads\/sites\/2\/2025\/09\/complexe-olympafric-built-assets-togo-980x551.webp 980w, https:\/\/builtassets.com\/fr\/wp-content\/uploads\/sites\/2\/2025\/09\/complexe-olympafric-built-assets-togo-480x270.webp 480w\" sizes=\"(min-width: 0px) and (max-width: 480px) 480px, (min-width: 481px) and (max-width: 980px) 980px, (min-width: 981px) and (max-width: 1280px) 1280px, (min-width: 1281px) 1920px, 100vw\" class=\"wp-image-473\" title=\"complexe-olympafric-built-assets-togo\" \/><\/span><\/a><\/div>\n\n<div class=\"et_pb_text_19 et_pb_text et_pb_bg_layout_light et_pb_module et_block_module\"><div class=\"et_pb_text_inner\"><h3><span>Construction du Centre Olympafrica Togo<\/span><\/h3>\n<\/div><\/div>\n\n<div class=\"et_pb_text_20 et_pb_text et_pb_bg_layout_light et_pb_module et_block_module\"><div class=\"et_pb_text_inner\"><p><span>Conception et r\u00e9alisation d\u2019\u00e9quipements sportif avec rev\u00eatement synth\u00e9tique <\/span><\/p>\n<\/div><\/div>\n<\/div>\n<\/div>\n<\/div>","protected":false},"excerpt":{"rendered":"","protected":false},"author":2,"featured_media":0,"parent":0,"menu_order":0,"comment_status":"closed","ping_status":"closed","template":"","meta":{"_acf_changed":false,"footnotes":""},"class_list":["post-20","page","type-page","status-publish","hentry"],"acf":[],"_links":{"self":[{"href":"https:\/\/builtassets.com\/fr\/wp-json\/wp\/v2\/pages\/20","targetHints":{"allow":["GET"]}}],"collection":[{"href":"https:\/\/builtassets.com\/fr\/wp-json\/wp\/v2\/pages"}],"about":[{"href":"https:\/\/builtassets.com\/fr\/wp-json\/wp\/v2\/types\/page"}],"author":[{"embeddable":true,"href":"https:\/\/builtassets.com\/fr\/wp-json\/wp\/v2\/users\/2"}],"replies":[{"embeddable":true,"href":"https:\/\/builtassets.com\/fr\/wp-json\/wp\/v2\/comments?post=20"}],"version-history":[{"count":182,"href":"https:\/\/builtassets.com\/fr\/wp-json\/wp\/v2\/pages\/20\/revisions"}],"predecessor-version":[{"id":2313,"href":"https:\/\/builtassets.com\/fr\/wp-json\/wp\/v2\/pages\/20\/revisions\/2313"}],"wp:attachment":[{"href":"https:\/\/builtassets.com\/fr\/wp-json\/wp\/v2\/media?parent=20"}],"curies":[{"name":"wp","href":"https:\/\/api.w.org\/{rel}","templated":true}]}}