{"id":24,"date":"2025-09-18T00:50:25","date_gmt":"2025-09-17T22:50:25","guid":{"rendered":"https:\/\/builtassets.com\/fr\/?page_id=24"},"modified":"2026-03-10T15:17:11","modified_gmt":"2026-03-10T14:17:11","slug":"vision","status":"publish","type":"page","link":"https:\/\/builtassets.com\/fr\/vision\/","title":{"rendered":"Vision"},"content":{"rendered":"<p>[et_pb_section fb_built=\u00a0\u00bb1&Prime; _builder_version=\u00a0\u00bb4.27.6&Prime; _module_preset=\u00a0\u00bbdefault\u00a0\u00bb background_image=\u00a0\u00bbhttps:\/\/builtassets.com\/fr\/wp-content\/uploads\/sites\/2\/2026\/03\/reunion-equipe-built-assets.png\u00a0\u00bb width=\u00a0\u00bb98%\u00a0\u00bb width_tablet=\u00a0\u00bb98%\u00a0\u00bb width_phone=\u00a0\u00bb92%\u00a0\u00bb width_last_edited=\u00a0\u00bbon|phone\u00a0\u00bb max_width=\u00a0\u00bb100%\u00a0\u00bb module_alignment=\u00a0\u00bbcenter\u00a0\u00bb height=\u00a0\u00bb70vh\u00a0\u00bb hover_enabled=\u00a0\u00bb0&Prime; global_colors_info=\u00a0\u00bb{}\u00a0\u00bb alt=\u00a0\u00bbReunion Equipe Built Assets 2 \u2013 Lom\u00e9, Togo\u00a0\u00bb title_text=\u00a0\u00bbreunion-equipe-built-assets\u00a0\u00bb sticky_enabled=\u00a0\u00bb0&Prime;][et_pb_row _builder_version=\u00a0\u00bb4.27.6&Prime; _module_preset=\u00a0\u00bbdefault\u00a0\u00bb custom_padding=\u00a0\u00bb15%||||false|false\u00a0\u00bb global_colors_info=\u00a0\u00bb{}\u00a0\u00bb][et_pb_column type=\u00a0\u00bb4_4&Prime; _builder_version=\u00a0\u00bb4.27.4&Prime; _module_preset=\u00a0\u00bbdefault\u00a0\u00bb global_colors_info=\u00a0\u00bb{}\u00a0\u00bb][et_pb_text _builder_version=\u00a0\u00bb4.27.4&Prime; _module_preset=\u00a0\u00bbdefault\u00a0\u00bb text_text_color=\u00a0\u00bb#FFFFFF\u00a0\u00bb header_text_align=\u00a0\u00bbcenter\u00a0\u00bb header_text_color=\u00a0\u00bb#FFFFFF\u00a0\u00bb global_colors_info=\u00a0\u00bb{}\u00a0\u00bb]<\/p>\n<h1><span class=\"textheading1 mobile-oversized\">Vision<\/span><\/h1>\n<p class=\"mobile-undersized-upper\" style=\"text-align: center\">[\/et_pb_text][\/et_pb_column][\/et_pb_row][\/et_pb_section][et_pb_section fb_built=\u00a0\u00bb1&Prime; _builder_version=\u00a0\u00bb4.27.4&Prime; _module_preset=\u00a0\u00bbdefault\u00a0\u00bb global_colors_info=\u00a0\u00bb{}\u00a0\u00bb][et_pb_row _builder_version=\u00a0\u00bb4.27.4&Prime; _module_preset=\u00a0\u00bbdefault\u00a0\u00bb global_colors_info=\u00a0\u00bb{}\u00a0\u00bb][et_pb_column type=\u00a0\u00bb4_4&Prime; _builder_version=\u00a0\u00bb4.27.4&Prime; _module_preset=\u00a0\u00bbdefault\u00a0\u00bb global_colors_info=\u00a0\u00bb{}\u00a0\u00bb][et_pb_text _builder_version=\u00a0\u00bb4.27.4&Prime; _module_preset=\u00a0\u00bbdefault\u00a0\u00bb custom_margin=\u00a0\u00bb||||false|false\u00a0\u00bb global_colors_info=\u00a0\u00bb{}\u00a0\u00bb]<\/p>\n<h2 class=\"textheading2 mobile-oversized\"><span class=\"textheading2 mobile-oversized\">Qu&rsquo;apportons-nous ?<\/span><\/h2>\n<p>[\/et_pb_text][et_pb_text _builder_version=\u00a0\u00bb4.27.4&Prime; _module_preset=\u00a0\u00bbdefault\u00a0\u00bb global_colors_info=\u00a0\u00bb{}\u00a0\u00bb]<\/p>\n<p><span>Notre \u00e9quipe d&rsquo;experts travaille en \u00e9troite collaboration avec vous pour comprendre vos besoins sp\u00e9cifiques et cr\u00e9er des solutions sur mesure qui maximisent l&rsquo;efficacit\u00e9 et la rentabilit\u00e9<\/span><\/p>\n<p>[\/et_pb_text][et_pb_text _builder_version=\u00a0\u00bb4.27.4&Prime; _module_preset=\u00a0\u00bbdefault\u00a0\u00bb global_colors_info=\u00a0\u00bb{}\u00a0\u00bb]<\/p>\n<p><span>Chez Built Assets, nous nous engageons \u00e0 participer au d\u00e9veloppement de cadres de vie fonctionnels, confortables, agr\u00e9ables et durables. Cela s&rsquo;applique aussi bien dans les maisons, les villages, les quartiers et les villes o\u00f9 nous vivons. Nous avons la conviction que le confort ne doit pas \u00eatre un luxe, c&rsquo;est pourquoi nous sommes engager \u00e0 cr\u00e9er des cadres de vie de la plus haute qualit\u00e9. Nous sommes d\u00e9termin\u00e9s \u00e0 construire mieux pour r\u00e9pondre \u00e0 cet engagement.<\/span><\/p>\n<p>[\/et_pb_text][\/et_pb_column][\/et_pb_row][et_pb_row column_structure=\u00a0\u00bb1_3,1_3,1_3&Prime; use_custom_gutter=\u00a0\u00bbon\u00a0\u00bb gutter_width=\u00a0\u00bb2&Prime; make_equal=\u00a0\u00bbon\u00a0\u00bb admin_label=\u00a0\u00bbLigne\u00a0\u00bb _builder_version=\u00a0\u00bb4.27.4&Prime; _module_preset=\u00a0\u00bbdefault\u00a0\u00bb custom_margin=\u00a0\u00bb15px||||false|false\u00a0\u00bb global_colors_info=\u00a0\u00bb{}\u00a0\u00bb][et_pb_column type=\u00a0\u00bb1_3&Prime; _builder_version=\u00a0\u00bb4.27.4&Prime; _module_preset=\u00a0\u00bbdefault\u00a0\u00bb global_colors_info=\u00a0\u00bb{}\u00a0\u00bb][et_pb_blurb title=\u00a0\u00bbMa\u00eetrise de qualit\u00e9\u00a0\u00bb alt=\u00a0\u00bbSans Titre 600 X 1000 Px 2 \u2013 Lom\u00e9, Togo\u00a0\u00bb _builder_version=\u00a0\u00bb4.27.6&Prime; _module_preset=\u00a0\u00bbdefault\u00a0\u00bb header_level=\u00a0\u00bbh3&Prime; header_text_align=\u00a0\u00bbcenter\u00a0\u00bb header_text_color=\u00a0\u00bb#333333&Prime; header_line_height=\u00a0\u00bb2em\u00a0\u00bb body_text_align=\u00a0\u00bbjustify\u00a0\u00bb body_line_height=\u00a0\u00bb2em\u00a0\u00bb background_color=\u00a0\u00bb#f6f1eb\u00a0\u00bb background_enable_image=\u00a0\u00bboff\u00a0\u00bb text_orientation=\u00a0\u00bbcenter\u00a0\u00bb height=\u00a0\u00bb40vh\u00a0\u00bb custom_margin=\u00a0\u00bb||||false|false\u00a0\u00bb custom_padding=\u00a0\u00bb20px|5%|5px|5%|false|true\u00a0\u00bb global_colors_info=\u00a0\u00bb{}\u00a0\u00bb]<\/p>\n<p style=\"text-align: justify\"><span>Chez Built Assets, nous mettons la qualit\u00e9 au c\u0153ur de chaque projet, en veillant \u00e0 ce que chaque \u00e9tape du processus soit conforme aux normes les plus \u00e9lev\u00e9es pour garantir la durabilit\u00e9 et la satisfaction du client<\/span><\/p>\n<p>[\/et_pb_blurb][\/et_pb_column][et_pb_column type=\u00a0\u00bb1_3&Prime; _builder_version=\u00a0\u00bb4.27.4&Prime; _module_preset=\u00a0\u00bbdefault\u00a0\u00bb global_colors_info=\u00a0\u00bb{}\u00a0\u00bb][et_pb_blurb title=\u00a0\u00bbMa\u00eetrise des co\u00fbts\u00a0\u00bb alt=\u00a0\u00bbFond \u2013 Lom\u00e9, Togo\u00a0\u00bb _builder_version=\u00a0\u00bb4.27.6&Prime; _module_preset=\u00a0\u00bbdefault\u00a0\u00bb header_level=\u00a0\u00bbh3&Prime; header_text_align=\u00a0\u00bbcenter\u00a0\u00bb header_text_color=\u00a0\u00bb#FFFFFF\u00a0\u00bb header_line_height=\u00a0\u00bb2em\u00a0\u00bb body_text_align=\u00a0\u00bbjustify\u00a0\u00bb body_line_height=\u00a0\u00bb2em\u00a0\u00bb background_color=\u00a0\u00bb#838084&Prime; background_enable_image=\u00a0\u00bboff\u00a0\u00bb text_orientation=\u00a0\u00bbcenter\u00a0\u00bb background_layout=\u00a0\u00bbdark\u00a0\u00bb height=\u00a0\u00bb40vh\u00a0\u00bb custom_margin=\u00a0\u00bb||||false|false\u00a0\u00bb custom_padding=\u00a0\u00bb20px|5%|5px|5%|false|true\u00a0\u00bb global_colors_info=\u00a0\u00bb{}\u00a0\u00bb]<\/p>\n<p style=\"text-align: justify\"><span>Notre \u00e9quipe d&rsquo;experts travaille en \u00e9troite collaboration avec vous pour comprendre vos besoins sp\u00e9cifiques et cr\u00e9er des solutions sur mesure qui d\u00e9passeront vos attentes dans un budget ma\u00eetris\u00e9..<\/span><\/p>\n<p>[\/et_pb_blurb][\/et_pb_column][et_pb_column type=\u00a0\u00bb1_3&Prime; _builder_version=\u00a0\u00bb4.27.4&Prime; _module_preset=\u00a0\u00bbdefault\u00a0\u00bb global_colors_info=\u00a0\u00bb{}\u00a0\u00bb][et_pb_blurb title=\u00a0\u00bbMa\u00eetrise des d\u00e9lais\u00a0\u00bb _builder_version=\u00a0\u00bb4.27.6&Prime; _module_preset=\u00a0\u00bbdefault\u00a0\u00bb header_level=\u00a0\u00bbh3&Prime; header_text_align=\u00a0\u00bbcenter\u00a0\u00bb header_text_color=\u00a0\u00bb#333333&Prime; header_line_height=\u00a0\u00bb2em\u00a0\u00bb body_text_align=\u00a0\u00bbjustify\u00a0\u00bb body_line_height=\u00a0\u00bb2em\u00a0\u00bb background_color=\u00a0\u00bb#f6f1eb\u00a0\u00bb text_orientation=\u00a0\u00bbcenter\u00a0\u00bb height=\u00a0\u00bb40vh\u00a0\u00bb custom_margin=\u00a0\u00bb||||false|false\u00a0\u00bb custom_padding=\u00a0\u00bb20px|5%|5px|5%|false|true\u00a0\u00bb global_colors_info=\u00a0\u00bb{}\u00a0\u00bb]<\/p>\n<p><span>Nous croyons que la qualit\u00e9 est essentielle pour \u00e9tablir une r\u00e9putation solide et pour garantir votre satisfaction.<\/span><\/p>\n<p>[\/et_pb_blurb][\/et_pb_column][\/et_pb_row][\/et_pb_section][et_pb_section fb_built=\u00a0\u00bb1&Prime; custom_padding_last_edited=\u00a0\u00bbon|phone\u00a0\u00bb _builder_version=\u00a0\u00bb4.27.6&Prime; _module_preset=\u00a0\u00bbdefault\u00a0\u00bb background_enable_color=\u00a0\u00bboff\u00a0\u00bb use_background_color_gradient=\u00a0\u00bbon\u00a0\u00bb background_color_gradient_stops=\u00a0\u00bbrgba(0,0,0,0.25) 0%|rgba(0,0,0,0.25) 100%\u00a0\u00bb background_color_gradient_overlays_image=\u00a0\u00bbon\u00a0\u00bb background_image=\u00a0\u00bbhttps:\/\/builtassets.com\/fr\/wp-content\/uploads\/sites\/2\/2025\/09\/architectes-travail-equipe.webp\u00a0\u00bb custom_padding_tablet=\u00a0\u00bb\u00a0\u00bb custom_padding_phone=\u00a0\u00bb5%||5%||true|false\u00a0\u00bb global_colors_info=\u00a0\u00bb{}\u00a0\u00bb][et_pb_row _builder_version=\u00a0\u00bb4.27.4&Prime; _module_preset=\u00a0\u00bbdefault\u00a0\u00bb global_colors_info=\u00a0\u00bb{}\u00a0\u00bb][et_pb_column type=\u00a0\u00bb4_4&Prime; _builder_version=\u00a0\u00bb4.27.4&Prime; _module_preset=\u00a0\u00bbdefault\u00a0\u00bb global_colors_info=\u00a0\u00bb{}\u00a0\u00bb][et_pb_text _builder_version=\u00a0\u00bb4.27.4&Prime; _module_preset=\u00a0\u00bbdefault\u00a0\u00bb header_2_text_align=\u00a0\u00bbcenter\u00a0\u00bb header_2_text_color=\u00a0\u00bb#FFFFFF\u00a0\u00bb custom_margin=\u00a0\u00bb||||false|false\u00a0\u00bb global_colors_info=\u00a0\u00bb{}\u00a0\u00bb]<\/p>\n<h2 class=\"textheading2 mobile-oversized\"><span class=\"textheading2 mobile-oversized\">Comment op\u00e9rons nous ?<\/span><\/h2>\n<p>[\/et_pb_text][et_pb_text _builder_version=\u00a0\u00bb4.27.4&Prime; _module_preset=\u00a0\u00bbdefault\u00a0\u00bb text_text_color=\u00a0\u00bb#FFFFFF\u00a0\u00bb global_colors_info=\u00a0\u00bb{}\u00a0\u00bb]<\/p>\n<p style=\"text-align: center\"><span>Nous op\u00e9rons avec vous en d\u00e9finissant ou pr\u00e9cisant vos besoins, en int\u00e9grant vos attentes qualitatives, budg\u00e9taires, de d\u00e9lai ainsi que celles d&rsquo;ordre environnemental. Nous mettons ensuite \u00e0 votre disposition une \u00e9quipe taill\u00e9e \u00e0 la mesure de vos ambitions.<\/span><\/p>\n<p>[\/et_pb_text][\/et_pb_column][\/et_pb_row][et_pb_row column_structure=\u00a0\u00bb1_3,1_3,1_3&Prime; use_custom_gutter=\u00a0\u00bbon\u00a0\u00bb gutter_width=\u00a0\u00bb1&Prime; _builder_version=\u00a0\u00bb4.27.6&Prime; _module_preset=\u00a0\u00bbdefault\u00a0\u00bb global_colors_info=\u00a0\u00bb{}\u00a0\u00bb][et_pb_column type=\u00a0\u00bb1_3&Prime; _builder_version=\u00a0\u00bb4.27.4&Prime; _module_preset=\u00a0\u00bbdefault\u00a0\u00bb global_colors_info=\u00a0\u00bb{}\u00a0\u00bb][et_pb_blurb title=\u00a0\u00bb1.\u00a0\u00bb _builder_version=\u00a0\u00bb4.27.6&Prime; _module_preset=\u00a0\u00bbdefault\u00a0\u00bb header_level=\u00a0\u00bbh3&Prime; header_font=\u00a0\u00bbMontserrat||||||||\u00a0\u00bb header_text_align=\u00a0\u00bbcenter\u00a0\u00bb header_text_color=\u00a0\u00bb#FFFFFF\u00a0\u00bb header_font_size=\u00a0\u00bb63px\u00a0\u00bb body_text_color=\u00a0\u00bb#FFFFFF\u00a0\u00bb module_alignment=\u00a0\u00bbcenter\u00a0\u00bb global_colors_info=\u00a0\u00bb{}\u00a0\u00bb]<\/p>\n<p style=\"text-align: center\"><span>En d\u00e9finissant ou pr\u00e9cisant vos besoins.<\/span><\/p>\n<p>[\/et_pb_blurb][\/et_pb_column][et_pb_column type=\u00a0\u00bb1_3&Prime; _builder_version=\u00a0\u00bb4.27.4&Prime; _module_preset=\u00a0\u00bbdefault\u00a0\u00bb global_colors_info=\u00a0\u00bb{}\u00a0\u00bb][et_pb_divider color=\u00a0\u00bb#FFFFFF\u00a0\u00bb divider_position=\u00a0\u00bbbottom\u00a0\u00bb _builder_version=\u00a0\u00bb4.27.6&Prime; _module_preset=\u00a0\u00bbdefault\u00a0\u00bb width=\u00a0\u00bb50%\u00a0\u00bb module_alignment=\u00a0\u00bbcenter\u00a0\u00bb height=\u00a0\u00bb5vh\u00a0\u00bb height_tablet=\u00a0\u00bb5vh\u00a0\u00bb height_phone=\u00a0\u00bb0px\u00a0\u00bb height_last_edited=\u00a0\u00bbon|phone\u00a0\u00bb global_colors_info=\u00a0\u00bb{}\u00a0\u00bb][\/et_pb_divider][\/et_pb_column][et_pb_column type=\u00a0\u00bb1_3&Prime; _builder_version=\u00a0\u00bb4.27.4&Prime; _module_preset=\u00a0\u00bbdefault\u00a0\u00bb global_colors_info=\u00a0\u00bb{}\u00a0\u00bb][et_pb_blurb title=\u00a0\u00bb2.\u00a0\u00bb _builder_version=\u00a0\u00bb4.27.6&Prime; _module_preset=\u00a0\u00bbdefault\u00a0\u00bb header_level=\u00a0\u00bbh3&Prime; header_font=\u00a0\u00bbMontserrat||||||||\u00a0\u00bb header_text_align=\u00a0\u00bbcenter\u00a0\u00bb header_text_color=\u00a0\u00bb#FFFFFF\u00a0\u00bb header_font_size=\u00a0\u00bb63px\u00a0\u00bb body_text_color=\u00a0\u00bb#FFFFFF\u00a0\u00bb module_alignment=\u00a0\u00bbcenter\u00a0\u00bb global_colors_info=\u00a0\u00bb{}\u00a0\u00bb]<\/p>\n<p style=\"text-align: center\">En int\u00e9grant vos attentes qualitatives, budg\u00e9taires, de d\u00e9lai ainsi que celle d\u2019ordre<br \/>environnementale.<\/p>\n<p>[\/et_pb_blurb][\/et_pb_column][\/et_pb_row][\/et_pb_section][et_pb_section fb_built=\u00a0\u00bb1&Prime; _builder_version=\u00a0\u00bb4.27.4&Prime; _module_preset=\u00a0\u00bbdefault\u00a0\u00bb global_colors_info=\u00a0\u00bb{}\u00a0\u00bb][et_pb_row _builder_version=\u00a0\u00bb4.27.4&Prime; _module_preset=\u00a0\u00bbdefault\u00a0\u00bb global_colors_info=\u00a0\u00bb{}\u00a0\u00bb][et_pb_column type=\u00a0\u00bb4_4&Prime; _builder_version=\u00a0\u00bb4.27.4&Prime; _module_preset=\u00a0\u00bbdefault\u00a0\u00bb global_colors_info=\u00a0\u00bb{}\u00a0\u00bb][et_pb_text _builder_version=\u00a0\u00bb4.27.4&Prime; _module_preset=\u00a0\u00bbdefault\u00a0\u00bb header_2_text_align=\u00a0\u00bbcenter\u00a0\u00bb custom_margin=\u00a0\u00bb||||false|false\u00a0\u00bb global_colors_info=\u00a0\u00bb{}\u00a0\u00bb]<\/p>\n<h2 class=\"textheading2 mobile-oversized\" style=\"text-align: center\"><span>Nos points forts<\/span><\/h2>\n<p>[\/et_pb_text][et_pb_text _builder_version=\u00a0\u00bb4.27.4&Prime; _module_preset=\u00a0\u00bbdefault\u00a0\u00bb global_colors_info=\u00a0\u00bb{}\u00a0\u00bb]<\/p>\n<p style=\"text-align: center\"><span>Nos points forts incluent notre passion pour notre action, ainsi que notre exp\u00e9rience de travail avec divers types de structures, allant de l&rsquo;artisan \u00e0 la multinationale. Nous sommes \u00e9galement comp\u00e9tents dans les cultures de travail francophones\u00a0et\u00a0anglophones.<\/span><\/p>\n<p>[\/et_pb_text][\/et_pb_column][\/et_pb_row][et_pb_row column_structure=\u00a0\u00bb1_2,1_2&Prime; _builder_version=\u00a0\u00bb4.27.4&Prime; _module_preset=\u00a0\u00bbdefault\u00a0\u00bb global_colors_info=\u00a0\u00bb{}\u00a0\u00bb][et_pb_column type=\u00a0\u00bb1_2&Prime; _builder_version=\u00a0\u00bb4.27.4&Prime; _module_preset=\u00a0\u00bbdefault\u00a0\u00bb global_colors_info=\u00a0\u00bb{}\u00a0\u00bb][et_pb_blurb title=\u00a0\u00bb1.\u00a0\u00bb _builder_version=\u00a0\u00bb4.27.6&Prime; _module_preset=\u00a0\u00bbdefault\u00a0\u00bb header_level=\u00a0\u00bbh3&Prime; header_text_align=\u00a0\u00bbcenter\u00a0\u00bb header_text_color=\u00a0\u00bb#FFFFFF\u00a0\u00bb header_font_size=\u00a0\u00bb65px\u00a0\u00bb header_line_height=\u00a0\u00bb2em\u00a0\u00bb body_text_color=\u00a0\u00bb#FFFFFF\u00a0\u00bb background_color=\u00a0\u00bb#838084&Prime; height=\u00a0\u00bb30vh\u00a0\u00bb custom_padding=\u00a0\u00bb5%|5%|5%|5%|true|true\u00a0\u00bb animation_style=\u00a0\u00bbflip\u00a0\u00bb global_colors_info=\u00a0\u00bb{}\u00a0\u00bb]<\/p>\n<p style=\"text-align: center\"><span>Nos cultures de travail aussi bien francophone qu\u2019anglophone.<\/span><\/p>\n<p>[\/et_pb_blurb][\/et_pb_column][et_pb_column type=\u00a0\u00bb1_2&Prime; _builder_version=\u00a0\u00bb4.27.4&Prime; _module_preset=\u00a0\u00bbdefault\u00a0\u00bb global_colors_info=\u00a0\u00bb{}\u00a0\u00bb][et_pb_blurb title=\u00a0\u00bb2&Prime; _builder_version=\u00a0\u00bb4.27.6&Prime; _module_preset=\u00a0\u00bbdefault\u00a0\u00bb header_level=\u00a0\u00bbh3&Prime; header_text_align=\u00a0\u00bbcenter\u00a0\u00bb header_text_color=\u00a0\u00bb#FFFFFF\u00a0\u00bb header_font_size=\u00a0\u00bb65px\u00a0\u00bb header_line_height=\u00a0\u00bb2em\u00a0\u00bb body_text_color=\u00a0\u00bb#FFFFFF\u00a0\u00bb background_color=\u00a0\u00bb#838084&Prime; height=\u00a0\u00bb30vh\u00a0\u00bb custom_padding=\u00a0\u00bb5%|5%|5%|5%|true|true\u00a0\u00bb animation_style=\u00a0\u00bbflip\u00a0\u00bb global_colors_info=\u00a0\u00bb{}\u00a0\u00bb]<\/p>\n<p style=\"text-align: center\"><span>Nos exp\u00e9riences avec divers types de structures allant de l\u2019artisan \u00e0 la multinationale.<\/span><\/p>\n<p>[\/et_pb_blurb][\/et_pb_column][\/et_pb_row][et_pb_row _builder_version=\u00a0\u00bb4.27.4&Prime; _module_preset=\u00a0\u00bbdefault\u00a0\u00bb global_colors_info=\u00a0\u00bb{}\u00a0\u00bb][et_pb_column type=\u00a0\u00bb4_4&Prime; _builder_version=\u00a0\u00bb4.27.4&Prime; _module_preset=\u00a0\u00bbdefault\u00a0\u00bb global_colors_info=\u00a0\u00bb{}\u00a0\u00bb][et_pb_text _builder_version=\u00a0\u00bb4.27.4&Prime; _module_preset=\u00a0\u00bbdefault\u00a0\u00bb global_colors_info=\u00a0\u00bb{}\u00a0\u00bb]<\/p>\n<h2 class=\"textheading2 mobile-oversized\" style=\"text-align: center\"><span>Pluridisciplinaire<\/span><\/h2>\n<p>[\/et_pb_text][et_pb_text _builder_version=\u00a0\u00bb4.27.6&Prime; _module_preset=\u00a0\u00bbdefault\u00a0\u00bb global_colors_info=\u00a0\u00bb{}\u00a0\u00bb]<\/p>\n<p style=\"text-align: center\"><span>Nous sommes une entreprise pluridisciplinaire proposant les services suivants :<\/span><\/p>\n<p style=\"text-align: center\"><span>\u00a0<\/span><\/p>\n<p class=\"mobile-undersized-upper\" style=\"text-align: center\"><span>Conseil (Amo, Gestion de la conception, Immobilier)<\/span><\/p>\n<p class=\"mobile-undersized-upper\" style=\"text-align: center\"><span>Construction (Travaux)<\/span><\/p>\n<p class=\"mobile-undersized-upper\" style=\"text-align: center\"><span>Solution \u00e9nerg\u00e9tique<\/span><\/p>\n<p>[\/et_pb_text][\/et_pb_column][\/et_pb_row][et_pb_row _builder_version=\u00a0\u00bb4.27.4&Prime; _module_preset=\u00a0\u00bbdefault\u00a0\u00bb global_colors_info=\u00a0\u00bb{}\u00a0\u00bb][et_pb_column type=\u00a0\u00bb4_4&Prime; _builder_version=\u00a0\u00bb4.27.4&Prime; _module_preset=\u00a0\u00bbdefault\u00a0\u00bb global_colors_info=\u00a0\u00bb{}\u00a0\u00bb][et_pb_text _builder_version=\u00a0\u00bb4.27.4&Prime; _module_preset=\u00a0\u00bbdefault\u00a0\u00bb global_colors_info=\u00a0\u00bb{}\u00a0\u00bb]<\/p>\n<h2 class=\"textheading2 mobile-oversized\" style=\"text-align: center\"><span>Plurisectorielle<\/span><\/h2>\n<p>[\/et_pb_text][et_pb_text _builder_version=\u00a0\u00bb4.27.4&Prime; _module_preset=\u00a0\u00bbdefault\u00a0\u00bb global_colors_info=\u00a0\u00bb{}\u00a0\u00bb]<\/p>\n<p style=\"text-align: center\"><span>Notre exp\u00e9rience plurisectorielle couvre :<\/span><\/p>\n<p class=\"mobile-undersized-upper\" style=\"text-align: center\"><span>\u00a0<\/span><\/p>\n<p class=\"mobile-undersized-upper\" style=\"text-align: center\"><span>Banques<\/span><\/p>\n<p class=\"mobile-undersized-upper\" style=\"text-align: center\"><span>Bureaux (Tertiaire)<\/span><\/p>\n<p class=\"mobile-undersized-upper\" style=\"text-align: center\"><span>Centre de donn\u00e9es (Industriel)<\/span><\/p>\n<p class=\"mobile-undersized-upper\" style=\"text-align: center\"><span>Installations sportives (Equipement)<\/span><\/p>\n<p class=\"mobile-undersized-upper\" style=\"text-align: center\"><span>Logistique (hangars entrep\u00f4ts r\u00e9pondant aux normes de s\u00e9curit\u00e9 internationale)<\/span><\/p>\n<p class=\"mobile-undersized-upper\" style=\"text-align: center\"><span>R\u00e9sidentiel de standing<\/span><\/p>\n<p class=\"mobile-undersized-upper\" style=\"text-align: center\"><span>Projets\u00a0\u00e0\u00a0usage\u00a0mixte.<\/span><\/p>\n<p>[\/et_pb_text][\/et_pb_column][\/et_pb_row][\/et_pb_section]<\/p>\n","protected":false},"excerpt":{"rendered":"<p>Vision Qu&rsquo;apportons-nous ?Notre \u00e9quipe d&rsquo;experts travaille en \u00e9troite collaboration avec vous pour comprendre vos besoins sp\u00e9cifiques et cr\u00e9er des solutions sur mesure qui maximisent l&rsquo;efficacit\u00e9 et la rentabilit\u00e9Chez Built Assets, nous nous engageons \u00e0 participer au d\u00e9veloppement de cadres de vie fonctionnels, confortables, agr\u00e9ables et durables. Cela s&rsquo;applique aussi bien dans les maisons, les villages, [&hellip;]<\/p>\n","protected":false},"author":1,"featured_media":0,"parent":0,"menu_order":0,"comment_status":"closed","ping_status":"closed","template":"","meta":{"_acf_changed":false,"_et_pb_use_builder":"on","_et_pb_old_content":"","_et_gb_content_width":"","footnotes":""},"class_list":["post-24","page","type-page","status-publish","hentry"],"acf":[],"_links":{"self":[{"href":"https:\/\/builtassets.com\/fr\/wp-json\/wp\/v2\/pages\/24","targetHints":{"allow":["GET"]}}],"collection":[{"href":"https:\/\/builtassets.com\/fr\/wp-json\/wp\/v2\/pages"}],"about":[{"href":"https:\/\/builtassets.com\/fr\/wp-json\/wp\/v2\/types\/page"}],"author":[{"embeddable":true,"href":"https:\/\/builtassets.com\/fr\/wp-json\/wp\/v2\/users\/1"}],"replies":[{"embeddable":true,"href":"https:\/\/builtassets.com\/fr\/wp-json\/wp\/v2\/comments?post=24"}],"version-history":[{"count":22,"href":"https:\/\/builtassets.com\/fr\/wp-json\/wp\/v2\/pages\/24\/revisions"}],"predecessor-version":[{"id":2022,"href":"https:\/\/builtassets.com\/fr\/wp-json\/wp\/v2\/pages\/24\/revisions\/2022"}],"wp:attachment":[{"href":"https:\/\/builtassets.com\/fr\/wp-json\/wp\/v2\/media?parent=24"}],"curies":[{"name":"wp","href":"https:\/\/api.w.org\/{rel}","templated":true}]}}