{"id":28,"date":"2025-09-18T00:50:07","date_gmt":"2025-09-17T22:50:07","guid":{"rendered":"https:\/\/builtassets.com\/fr\/?page_id=28"},"modified":"2026-04-26T13:14:59","modified_gmt":"2026-04-26T11:14:59","slug":"expertises","status":"publish","type":"page","link":"https:\/\/builtassets.com\/fr\/expertises\/","title":{"rendered":"Expertises"},"content":{"rendered":"\n<div class=\"et_pb_section_0 et_pb_section et_section_regular et_block_section\"><div class=\"et_pb_row_0 et_pb_row et_block_row\"><div class=\"et_pb_column_0 et_pb_column et_pb_column_4_4 et-last-child et_block_column et_pb_css_mix_blend_mode_passthrough\"><div class=\"et_pb_text_0 et_pb_text et_pb_bg_layout_light et_pb_module et_block_module\"><div class=\"et_pb_text_inner\"><div class=\"mceNonEditable center\">\n<div data-wrap-id=\"A1C0DA83-46DB-4109-B2F6-4905338BA162\">\n<div class=\"Preview_column__1KeVx col\">\n<div class=\"Preview_row__3Fkye row\">\n<div data-id=\"A1C0DA83-46DB-4109-B2F6-4905338BA162\" data-kind=\"BACKGROUND\" class=\"Preview_componentWrapper__2i4QI\">\n<div data-in-template=\"false\" data-id=\"A1C0DA83-46DB-4109-B2F6-4905338BA162\" data-kind=\"Component\" data-specific-kind=\"BACKGROUND\" class=\"Preview_mobileHide__9T929 Preview_component__SbiKo\">\n<div class=\"BackgroundPreview_backgroundComponent__3Dr5e BackgroundPreview_bgHeight__3dD2e\" data-width=\"50\" data-height=\"4\"><\/div>\n<\/div>\n<\/div>\n<\/div>\n<div><\/div>\n<\/div>\n<\/div>\n<\/div>\n<h1 class=\"textheading1 mobile-oversized\">Expertises en Construction, AMO et Immobilier en Afrique de l'Ouest<\/h1>\n<\/div><\/div><div class=\"et_pb_text_1 et_pb_text et_pb_bg_layout_light et_pb_module et_block_module\"><div class=\"et_pb_text_inner\"><p style=\"text-align: center\"><strong>Built Assets est votre partenaire unique pour s\u00e9curiser et r\u00e9aliser vos projets de construction et<\/strong><br \/><strong>immobiliers au Togo et en Afrique de l'Ouest.<\/strong><\/p>\n<p style=\"text-align: center\">Forts de notre approche int\u00e9gr\u00e9e, nous combinons la rigueur de l'Assistance \u00e0 Ma\u00eetrise d'Ouvrage<br \/>(AMO), la cr\u00e9ativit\u00e9 de la Conception architecturale et l'excellence dans l'ex\u00e9cution des travaux<br \/>(Construction). Que vous soyez un investisseur local, de la Diaspora ou une institution, nos \u00e9quipes<br \/>vous guident vers la performance, la durabilit\u00e9 (EDGE) et le succ\u00e8s de votre patrimoine.<\/p>\n<p style=\"text-align: center\">\n<\/div><\/div><\/div><\/div><\/div><div class=\"et_pb_section_1 et_pb_section et_section_regular et_block_section\"><div class=\"et_pb_row_1 et_pb_row et_block_row\"><div class=\"et_pb_column_1 et_pb_column et_pb_column_4_4 et-last-child et_block_column et_pb_css_mix_blend_mode_passthrough\"><div class=\"et_pb_text_2 et_pb_text et_pb_bg_layout_light et_pb_module et_block_module\"><div class=\"et_pb_text_inner\"><h2 style=\"text-align: center\">Nos Services<\/h2>\n<\/div><\/div><\/div><\/div><div class=\"et_pb_row_2 et_pb_row et_block_row expertise-slide\"><div class=\"et_pb_column_2 et_pb_column et_pb_column_4_4 et-last-child et_block_column et_pb_css_mix_blend_mode_passthrough\"><div class=\"et_pb_text_3 et_pb_text et_pb_bg_layout_light et_pb_module et_block_module\"><div class=\"et_pb_text_inner\"><h3 class=\"textheading2 mobile-oversized\" style=\"text-align: center\"><span class=\"textheading2 mobile-oversized\">AMO\u00a0<\/span><\/h3>\n<p class=\"mobile-undersized-upper\" style=\"text-align: center\"><span>(Assistance \u00c0 Ma\u00eetrise d'Ouvrage)<\/span><\/p>\n<p class=\"mobile-undersized-upper\" style=\"text-align: center\"><span>S\u00e9curisez votre investissement et vos d\u00e9lais gr\u00e2ce \u00e0<br \/>notre supervision compl\u00e8te.<\/span><\/p>\n<\/div><\/div><div class=\"et_pb_module et_pb_button_module_wrapper et_pb_button_0_wrapper\"><a class=\"et_pb_button_0 et_pb_button et_pb_bg_layout_light et_pb_module et_block_module\" href=\"https:\/\/builtassets.com\/fr\/amo\/\">En savoir plus<\/a><\/div><\/div><\/div><div class=\"et_pb_row_3 et_pb_row et_block_row expertise-slide\"><div class=\"et_pb_column_3 et_pb_column et_pb_column_4_4 et-last-child et_block_column et_pb_css_mix_blend_mode_passthrough\"><div class=\"et_pb_text_4 et_pb_text et_pb_bg_layout_light et_clickable et_pb_module et_block_module\"><div class=\"et_pb_text_inner\"><h3 class=\"textheading2 mobile-oversized\" style=\"text-align: center\"><span>Conception<\/span><\/h3>\n<p class=\"mobile-undersized-upper\" style=\"text-align: center\">Architecture sur mesure, coordination technique et ing\u00e9nierie de la valeur.<\/p>\n<\/div><\/div><div class=\"et_pb_module et_pb_button_module_wrapper et_pb_button_1_wrapper\"><a class=\"et_pb_button_1 et_pb_button et_pb_bg_layout_light et_pb_module et_block_module\" href=\"https:\/\/builtassets.com\/fr\/conception\/\">En savoir plus<\/a><\/div><\/div><\/div><div class=\"et_pb_row_4 et_pb_row et_block_row expertise-slide\"><div class=\"et_pb_column_4 et_pb_column et_pb_column_4_4 et-last-child et_block_column et_pb_css_mix_blend_mode_passthrough\"><div class=\"et_pb_text_5 et_pb_text et_pb_bg_layout_light et_pb_module et_block_module\"><div class=\"et_pb_text_inner\"><h3 class=\"textheading2 mobile-oversized\" style=\"text-align: center\"><span>Construction<\/span><\/h3>\n<p class=\"mobile-undersized-upper\" style=\"text-align: center\">Ex\u00e9cution de projets BTP, de la fondation aux finitions, avec une qualit\u00e9<br \/>irr\u00e9prochable.<\/p>\n<\/div><\/div><div class=\"et_pb_module et_pb_button_module_wrapper et_pb_button_2_wrapper\"><a class=\"et_pb_button_2 et_pb_button et_pb_bg_layout_light et_pb_module et_block_module\" href=\"https:\/\/builtassets.com\/fr\/construction\/\">En savoir plus<\/a><\/div><\/div><\/div><div class=\"et_pb_row_5 et_pb_row et_block_row expertise-slide\"><div class=\"et_pb_column_5 et_pb_column et_pb_column_4_4 et-last-child et_block_column et_pb_css_mix_blend_mode_passthrough\"><div class=\"et_pb_text_6 et_pb_text et_pb_bg_layout_light et_pb_module et_block_module\"><div class=\"et_pb_text_inner\"><h3 class=\"textheading2 mobile-oversized\" style=\"text-align: center\"><span class=\"textheading2 mobile-oversized\">Conception Construction<\/span><\/h3>\n<p class=\"mobile-undersized-upper\" style=\"text-align: center\">\u00a0La solution guichet unique pour une livraison acc\u00e9l\u00e9r\u00e9e et une<br \/>responsabilit\u00e9 centralis\u00e9e.<\/p>\n<\/div><\/div><div class=\"et_pb_module et_pb_button_module_wrapper et_pb_button_3_wrapper\"><a class=\"et_pb_button_3 et_pb_button et_pb_bg_layout_light et_pb_module et_block_module\" href=\"https:\/\/builtassets.com\/fr\/conception-construction\/\">En savoir plus<\/a><\/div><\/div><\/div><div class=\"et_pb_row_6 et_pb_row et_block_row expertise-slide\"><div class=\"et_pb_column_6 et_pb_column et_pb_column_4_4 et-last-child et_block_column et_pb_css_mix_blend_mode_passthrough\"><div class=\"et_pb_text_7 et_pb_text et_pb_bg_layout_light et_pb_module et_block_module\"><div class=\"et_pb_text_inner\"><h3 class=\"textheading2 mobile-oversized\" style=\"text-align: center\"><span class=\"textheading2 mobile-oversized\">Immobilier<\/span><\/h3>\n<p class=\"mobile-undersized-upper\" style=\"text-align: center\">Conseils strat\u00e9giques et d\u00e9veloppement pour la valorisation de votre patrimoine<br \/>foncier.<\/p>\n<\/div><\/div><div class=\"et_pb_module et_pb_button_module_wrapper et_pb_button_4_wrapper\"><a class=\"et_pb_button_4 et_pb_button et_pb_bg_layout_light et_pb_module et_block_module\" href=\"https:\/\/builtassets.com\/fr\/immobilier\/\">En savoir plus<\/a><\/div><\/div><\/div><div class=\"et_pb_row_7 et_pb_row et_block_row expertise-slide\"><div class=\"et_pb_column_7 et_pb_column et_pb_column_4_4 et-last-child et_block_column et_pb_css_mix_blend_mode_passthrough\"><div class=\"et_pb_text_8 et_pb_text et_pb_bg_layout_light et_pb_module et_block_module\"><div class=\"et_pb_text_inner\"><h3 class=\"textheading2 mobile-oversized\" style=\"text-align: center\"><span>Solution construction durable (EDGE)<\/span><\/h3>\n<p class=\"mobile-undersized-upper\" style=\"text-align: center\">Conception de b\u00e2timents \u00e9co\u00e9nerg\u00e9tiques et<br \/>respectueux de l'environnement.<\/p>\n<\/div><\/div><div class=\"et_pb_module et_pb_button_module_wrapper et_pb_button_5_wrapper\"><a class=\"et_pb_button_5 et_pb_button et_pb_bg_layout_light et_pb_module et_block_module\" href=\"https:\/\/builtassets.com\/fr\/solutions-durables\/\">En savoir plus<\/a><\/div><\/div><\/div><div class=\"et_pb_row_8 et_pb_row et_block_row expertise-slide\"><div class=\"et_pb_column_8 et_pb_column et_pb_column_4_4 et-last-child et_block_column et_pb_css_mix_blend_mode_passthrough\"><div class=\"et_pb_text_9 et_pb_text et_pb_bg_layout_light et_pb_module et_block_module\"><div class=\"et_pb_text_inner\"><h3 class=\"textheading2 mobile-oversized\" data-element-id=\"headingsMap-1-0\" style=\"text-align: center\"><span class=\"textheading2 mobile-oversized\">Permis de Construire au Togo<\/span><\/h3>\n<p class=\"mobile-undersized-upper\" style=\"text-align: center\">Gestion et obtention de vos autorisations administratives au Togo.<\/p>\n<\/div><\/div><div class=\"et_pb_module et_pb_button_module_wrapper et_pb_button_6_wrapper\"><a class=\"et_pb_button_6 et_pb_button et_pb_bg_layout_light et_pb_module et_block_module\" href=\"https:\/\/builtassets.com\/fr\/permis-de-construire-au-togo\/\">En savoir plus<\/a><\/div><\/div><\/div><div class=\"et_pb_row_9 et_pb_row et_block_row expertise-slide\"><div class=\"et_pb_column_9 et_pb_column et_pb_column_4_4 et-last-child et_block_column et_pb_css_mix_blend_mode_passthrough\"><div class=\"et_pb_text_10 et_pb_text et_pb_bg_layout_light et_pb_module et_block_module\"><div class=\"et_pb_text_inner\"><h3 class=\"textheading2 mobile-oversized\" style=\"text-align: center\"><span>Mobilier<\/span><\/h3>\n<p class=\"mobile-undersized-upper\" style=\"text-align: center\"><span>Participant au cadre de vie, il arrive que des solutions de mobilier sur mesure soit n\u00e9cessaire et<\/span><\/p>\n<p class=\"mobile-undersized-upper\" style=\"text-align: center\"><span> c\u2019est avec plaisir que nous nous attelons \u00e0 r\u00e9aliser des mobiliers design robuste<\/span><\/p>\n<p class=\"mobile-undersized-upper\" style=\"text-align: center\"><span> et disponible dans le futur \u00e0 partir de materiaux disponible localement.<\/span><\/p>\n<\/div><\/div><div class=\"et_pb_module et_pb_button_module_wrapper et_pb_button_7_wrapper\"><a class=\"et_pb_button_7 et_pb_button et_pb_bg_layout_light et_pb_module et_block_module\" href=\"https:\/\/builtassets.com\/fr\/mobilier\/\">En savoir plus<\/a><\/div><\/div><\/div><\/div>\n","protected":false},"excerpt":{"rendered":"","protected":false},"author":1,"featured_media":0,"parent":0,"menu_order":0,"comment_status":"closed","ping_status":"closed","template":"","meta":{"_acf_changed":false,"footnotes":""},"class_list":["post-28","page","type-page","status-publish","hentry"],"acf":[],"_links":{"self":[{"href":"https:\/\/builtassets.com\/fr\/wp-json\/wp\/v2\/pages\/28","targetHints":{"allow":["GET"]}}],"collection":[{"href":"https:\/\/builtassets.com\/fr\/wp-json\/wp\/v2\/pages"}],"about":[{"href":"https:\/\/builtassets.com\/fr\/wp-json\/wp\/v2\/types\/page"}],"author":[{"embeddable":true,"href":"https:\/\/builtassets.com\/fr\/wp-json\/wp\/v2\/users\/1"}],"replies":[{"embeddable":true,"href":"https:\/\/builtassets.com\/fr\/wp-json\/wp\/v2\/comments?post=28"}],"version-history":[{"count":64,"href":"https:\/\/builtassets.com\/fr\/wp-json\/wp\/v2\/pages\/28\/revisions"}],"predecessor-version":[{"id":2186,"href":"https:\/\/builtassets.com\/fr\/wp-json\/wp\/v2\/pages\/28\/revisions\/2186"}],"wp:attachment":[{"href":"https:\/\/builtassets.com\/fr\/wp-json\/wp\/v2\/media?parent=28"}],"curies":[{"name":"wp","href":"https:\/\/api.w.org\/{rel}","templated":true}]}}