{"id":31,"date":"2025-09-18T00:50:15","date_gmt":"2025-09-17T22:50:15","guid":{"rendered":"https:\/\/builtassets.com\/fr\/?page_id=31"},"modified":"2026-04-26T13:15:01","modified_gmt":"2026-04-26T11:15:01","slug":"projets","status":"publish","type":"page","link":"https:\/\/builtassets.com\/fr\/projets\/","title":{"rendered":"Projets"},"content":{"rendered":"\n<div class=\"et_pb_section_0 et_pb_section et_section_regular et_block_section\"><div class=\"et_pb_row_0 et_pb_row et_block_row\"><div class=\"et_pb_column_0 et_pb_column et_pb_column_4_4 et-last-child et_block_column et_pb_css_mix_blend_mode_passthrough\"><div class=\"et_pb_text_0 et_pb_text et_pb_bg_layout_light et_pb_module et_block_module\"><div class=\"et_pb_text_inner\"><div class=\"mceNonEditable center\">\n<div data-wrap-id=\"A1C0DA83-46DB-4109-B2F6-4905338BA162\">\n<div class=\"Preview_column__1KeVx col\">\n<div class=\"Preview_row__3Fkye row\">\n<div data-id=\"A1C0DA83-46DB-4109-B2F6-4905338BA162\" data-kind=\"BACKGROUND\" class=\"Preview_componentWrapper__2i4QI\">\n<div data-in-template=\"false\" data-id=\"A1C0DA83-46DB-4109-B2F6-4905338BA162\" data-kind=\"Component\" data-specific-kind=\"BACKGROUND\" class=\"Preview_mobileHide__9T929 Preview_component__SbiKo\">\n<div class=\"BackgroundPreview_backgroundComponent__3Dr5e BackgroundPreview_bgHeight__3dD2e\" data-width=\"50\" data-height=\"4\"><\/div>\n<\/div>\n<\/div>\n<\/div>\n<div><\/div>\n<\/div>\n<\/div>\n<\/div>\n<h1 class=\"textheading1 mobile-oversized\"><span class=\"textheading1 mobile-oversized\">Nos Projets<\/span><\/h1>\n<\/div><\/div><div class=\"et_pb_text_1 et_pb_text et_pb_bg_layout_light et_pb_module et_block_module\"><div class=\"et_pb_text_inner\"><p><span>Nos exp\u00e9riences nous ont conduit \u00e0 \u00e9voluer dans des environnements internationaux et multiculturels. Elles nous ont \u00e9galement permis de concevoir, promouvoir et r\u00e9aliser de bout en bout, cl\u00e9 en main des projets de construction plus ou moins complexes<\/span><\/p>\n<\/div><\/div><\/div><\/div><\/div><div class=\"et_pb_section_1 et_pb_section et_section_regular et_block_section ba-static-grid\"><div class=\"et_pb_row_1 et_pb_row et_pb_equal_columns et_pb_gutters2 et_block_row\"><div class=\"et_pb_column_1 et_pb_column et_pb_column_1_3 et_block_column et_pb_css_mix_blend_mode_passthrough\"><div class=\"et_pb_image_0 et_pb_image et_pb_module et_block_module ba-image-projet\"><a href=\"https:\/\/builtassets.com\/fr\/realisations\/pole-pedagogique-construction-dun-centre-educatif\/\"><span class=\"et_pb_image_wrap\"><img loading=\"lazy\" decoding=\"async\" src=\"https:\/\/builtassets.com\/fr\/wp-content\/uploads\/sites\/2\/2025\/09\/facade-claustra-terre-cuite-ift-lome-togo.webp\" width=\"2048\" height=\"1139\" srcset=\"https:\/\/builtassets.com\/fr\/wp-content\/uploads\/sites\/2\/2025\/09\/facade-claustra-terre-cuite-ift-lome-togo.webp 2048w, https:\/\/builtassets.com\/fr\/wp-content\/uploads\/sites\/2\/2025\/09\/facade-claustra-terre-cuite-ift-lome-togo-1280x712.webp 1280w, https:\/\/builtassets.com\/fr\/wp-content\/uploads\/sites\/2\/2025\/09\/facade-claustra-terre-cuite-ift-lome-togo-980x545.webp 980w, https:\/\/builtassets.com\/fr\/wp-content\/uploads\/sites\/2\/2025\/09\/facade-claustra-terre-cuite-ift-lome-togo-480x267.webp 480w\" sizes=\"(min-width: 0px) and (max-width: 480px) 480px, (min-width: 481px) and (max-width: 980px) 980px, (min-width: 981px) and (max-width: 1280px) 1280px, (min-width: 1281px) 2048px, 100vw\" class=\"wp-image-61\" title=\"facade-claustra-terre-cuite-ift-lome-togo\" \/><\/span><\/a><\/div><div class=\"et_pb_text_2 et_pb_text et_pb_bg_layout_light et_pb_module et_block_module\"><div class=\"et_pb_text_inner\"><h3 class=\"textheading2 mobile-oversized\">Projet immobilier \u00e0 Lom\u00e9, Togo \u2013 Institut Fran\u00e7ais<\/h3>\n<\/div><\/div><div class=\"et_pb_text_3 et_pb_text et_pb_bg_layout_light et_pb_module et_block_module\"><div class=\"et_pb_text_inner\"><p>Travaux de construction du p\u00f4le p\u00e9dagogique de l\u2019Institut Fran\u00e7ais du Togo<\/p>\n<\/div><\/div><\/div><div class=\"et_pb_column_2 et_pb_column et_pb_column_1_3 et_block_column et_pb_css_mix_blend_mode_passthrough\"><div class=\"et_pb_image_1 et_pb_image et_pb_module et_block_module ba-image-projet\"><a href=\"https:\/\/builtassets.com\/fr\/realisations\/immeuble-daid\/\"><span class=\"et_pb_image_wrap\"><img loading=\"lazy\" decoding=\"async\" src=\"https:\/\/builtassets.com\/fr\/wp-content\/uploads\/sites\/2\/2025\/09\/perspective-architecturale-built-assets-togo.webp\" width=\"1400\" height=\"1585\" srcset=\"https:\/\/builtassets.com\/fr\/wp-content\/uploads\/sites\/2\/2025\/09\/perspective-architecturale-built-assets-togo.webp 1400w, https:\/\/builtassets.com\/fr\/wp-content\/uploads\/sites\/2\/2025\/09\/perspective-architecturale-built-assets-togo-1280x1449.webp 1280w, https:\/\/builtassets.com\/fr\/wp-content\/uploads\/sites\/2\/2025\/09\/perspective-architecturale-built-assets-togo-980x1110.webp 980w, https:\/\/builtassets.com\/fr\/wp-content\/uploads\/sites\/2\/2025\/09\/perspective-architecturale-built-assets-togo-480x543.webp 480w\" sizes=\"(min-width: 0px) and (max-width: 480px) 480px, (min-width: 481px) and (max-width: 980px) 980px, (min-width: 981px) and (max-width: 1280px) 1280px, (min-width: 1281px) 1400px, 100vw\" class=\"wp-image-477\" title=\"perspective-architecturale-built-assets-togo\" \/><\/span><\/a><\/div><div class=\"et_pb_text_4 et_pb_text et_pb_bg_layout_light et_pb_module et_block_module\"><div class=\"et_pb_text_inner\"><h3 class=\"textheading1 mobile-oversized\">Projet immobilier \u00e0 Lom\u00e9, Togo \u2013 Immeuble DAID<\/h3>\n<\/div><\/div><div class=\"et_pb_text_5 et_pb_text et_pb_bg_layout_light et_pb_module et_block_module\"><div class=\"et_pb_text_inner\"><p>Assistance \u00e0 ma\u00eetrise d\u2019ouvrage AMO, conduite d\u2019op\u00e9ration immobili\u00e8re, supervision ma\u00eetrise d\u2019\u0153uvre et pilotage des travaux<\/p>\n<\/div><\/div><\/div><div class=\"et_pb_column_3 et_pb_column et_pb_column_1_3 et-last-child et_block_column et_pb_css_mix_blend_mode_passthrough\"><div class=\"et_pb_image_2 et_pb_image et_pb_module et_block_module ba-image-projet\"><a href=\"https:\/\/builtassets.com\/fr\/realisations\/centre-olympafrica\/\"><span class=\"et_pb_image_wrap\"><img loading=\"lazy\" decoding=\"async\" src=\"https:\/\/builtassets.com\/fr\/wp-content\/uploads\/sites\/2\/2025\/09\/complexe-olympafric-built-assets-togo.webp\" width=\"1920\" height=\"1080\" srcset=\"https:\/\/builtassets.com\/fr\/wp-content\/uploads\/sites\/2\/2025\/09\/complexe-olympafric-built-assets-togo.webp 1920w, https:\/\/builtassets.com\/fr\/wp-content\/uploads\/sites\/2\/2025\/09\/complexe-olympafric-built-assets-togo-1280x720.webp 1280w, https:\/\/builtassets.com\/fr\/wp-content\/uploads\/sites\/2\/2025\/09\/complexe-olympafric-built-assets-togo-980x551.webp 980w, https:\/\/builtassets.com\/fr\/wp-content\/uploads\/sites\/2\/2025\/09\/complexe-olympafric-built-assets-togo-480x270.webp 480w\" sizes=\"(min-width: 0px) and (max-width: 480px) 480px, (min-width: 481px) and (max-width: 980px) 980px, (min-width: 981px) and (max-width: 1280px) 1280px, (min-width: 1281px) 1920px, 100vw\" class=\"wp-image-473\" title=\"complexe-olympafric-built-assets-togo\" \/><\/span><\/a><\/div><div class=\"et_pb_text_6 et_pb_text et_pb_bg_layout_light et_pb_module et_block_module\"><div class=\"et_pb_text_inner\"><h3 class=\"textheading1 mobile-oversized\">Projet immobilier \u00e0 Lom\u00e9, Togo \u2013 Centre Olympafrica<\/h3>\n<\/div><\/div><div class=\"et_pb_text_7 et_pb_text et_pb_bg_layout_light et_pb_module et_block_module\"><div class=\"et_pb_text_inner\"><p>R\u00e9alisation d\u2019un centre sportif avec rev\u00eatement synth\u00e9tique pour Olympafrica \/ Comit\u00e9 Olympique International \/ Fondation Olympafrica<\/p>\n<\/div><\/div><\/div><\/div><div class=\"et_pb_row_2 et_pb_row et_pb_equal_columns et_pb_gutters2 et_block_row\"><div class=\"et_pb_column_4 et_pb_column et_pb_column_1_3 et_block_column et_pb_css_mix_blend_mode_passthrough\"><div class=\"et_pb_image_3 et_pb_image et_pb_module et_block_module ba-image-projet\"><a href=\"https:\/\/builtassets.com\/fr\/realisations\/kaas\/\"><span class=\"et_pb_image_wrap\"><img loading=\"lazy\" decoding=\"async\" src=\"https:\/\/builtassets.com\/fr\/wp-content\/uploads\/sites\/2\/2025\/09\/villa-moderne-lome-togo.png\" width=\"1349\" height=\"935\" srcset=\"https:\/\/builtassets.com\/fr\/wp-content\/uploads\/sites\/2\/2025\/09\/villa-moderne-lome-togo.png 1349w, https:\/\/builtassets.com\/fr\/wp-content\/uploads\/sites\/2\/2025\/09\/villa-moderne-lome-togo-1280x887.png 1280w, https:\/\/builtassets.com\/fr\/wp-content\/uploads\/sites\/2\/2025\/09\/villa-moderne-lome-togo-980x679.png 980w, https:\/\/builtassets.com\/fr\/wp-content\/uploads\/sites\/2\/2025\/09\/villa-moderne-lome-togo-480x333.png 480w\" sizes=\"(min-width: 0px) and (max-width: 480px) 480px, (min-width: 481px) and (max-width: 980px) 980px, (min-width: 981px) and (max-width: 1280px) 1280px, (min-width: 1281px) 1349px, 100vw\" class=\"wp-image-527\" title=\"villa-moderne-lome-togo\" \/><\/span><\/a><\/div><div class=\"et_pb_text_8 et_pb_text et_pb_bg_layout_light et_pb_module et_block_module\"><div class=\"et_pb_text_inner\"><h3 class=\"textheading2 mobile-oversized\">KAAS<\/h3>\n<\/div><\/div><div class=\"et_pb_text_9 et_pb_text et_pb_bg_layout_light et_pb_module et_block_module\"><div class=\"et_pb_text_inner\"><p>R\u00e9alisation d\u2019une villa<\/p>\n<\/div><\/div><\/div><div class=\"et_pb_column_5 et_pb_column et_pb_column_1_3 et_block_column et_pb_css_mix_blend_mode_passthrough\"><div class=\"et_pb_image_4 et_pb_image et_pb_module et_block_module ba-image-projet\"><a href=\"https:\/\/builtassets.com\/fr\/realisations\/place-akofin\/\"><span class=\"et_pb_image_wrap\"><img loading=\"lazy\" decoding=\"async\" src=\"https:\/\/builtassets.com\/fr\/wp-content\/uploads\/sites\/2\/2025\/09\/lounge-dine-built-assets-togo.webp\" width=\"1296\" height=\"1080\" srcset=\"https:\/\/builtassets.com\/fr\/wp-content\/uploads\/sites\/2\/2025\/09\/lounge-dine-built-assets-togo.webp 1296w, https:\/\/builtassets.com\/fr\/wp-content\/uploads\/sites\/2\/2025\/09\/lounge-dine-built-assets-togo-1280x1067.webp 1280w, https:\/\/builtassets.com\/fr\/wp-content\/uploads\/sites\/2\/2025\/09\/lounge-dine-built-assets-togo-980x817.webp 980w, https:\/\/builtassets.com\/fr\/wp-content\/uploads\/sites\/2\/2025\/09\/lounge-dine-built-assets-togo-480x400.webp 480w\" sizes=\"(min-width: 0px) and (max-width: 480px) 480px, (min-width: 481px) and (max-width: 980px) 980px, (min-width: 981px) and (max-width: 1280px) 1280px, (min-width: 1281px) 1296px, 100vw\" class=\"wp-image-476\" title=\"lounge-dine-built-assets-togo\" \/><\/span><\/a><\/div><div class=\"et_pb_text_10 et_pb_text et_pb_bg_layout_light et_pb_module et_block_module\"><div class=\"et_pb_text_inner\"><h3 class=\"textheading2 mobile-oversized\">Projet immobilier \u00e0 Lom\u00e9, Togo \u2013 Restauration Place Akofin<\/h3>\n<\/div><\/div><div class=\"et_pb_text_11 et_pb_text et_pb_bg_layout_light et_pb_module et_block_module\"><div class=\"et_pb_text_inner\"><p>Restauration d\u2019un podium et de ses gradins en bord de mer (1\u00e8re phase).<\/p>\n<\/div><\/div><\/div><div class=\"et_pb_column_6 et_pb_column et_pb_column_1_3 et-last-child et_block_column et_pb_css_mix_blend_mode_passthrough\"><div class=\"et_pb_image_5 et_pb_image et_pb_module et_block_module ba-image-projet\"><a href=\"https:\/\/builtassets.com\/fr\/realisations\/immeuble-residentiel-daik\/\"><span class=\"et_pb_image_wrap\"><img loading=\"lazy\" decoding=\"async\" src=\"https:\/\/builtassets.com\/fr\/wp-content\/uploads\/sites\/2\/2025\/09\/immeuble-residentiel-vue-face-built-assets-togo.webp\" width=\"800\" height=\"819\" srcset=\"https:\/\/builtassets.com\/fr\/wp-content\/uploads\/sites\/2\/2025\/09\/immeuble-residentiel-vue-face-built-assets-togo.webp 800w, https:\/\/builtassets.com\/fr\/wp-content\/uploads\/sites\/2\/2025\/09\/immeuble-residentiel-vue-face-built-assets-togo-480x491.webp 480w\" sizes=\"(min-width: 0px) and (max-width: 480px) 480px, (min-width: 481px) 800px, 100vw\" class=\"wp-image-487\" title=\"immeuble-residentiel-vue-face-built-assets-togo\" \/><\/span><\/a><\/div><div class=\"et_pb_text_12 et_pb_text et_pb_bg_layout_light et_pb_module et_block_module\"><div class=\"et_pb_text_inner\"><h3 class=\"textheading2 mobile-oversized\">Immeuble R\u00e9sidentiel (Lom\u00e9\u2013Togo) : DAIK<\/h3>\n<\/div><\/div><div class=\"et_pb_text_13 et_pb_text et_pb_bg_layout_light et_pb_module et_block_module\"><div class=\"et_pb_text_inner\"><p>(AMO Ma\u00eetrise d\u2019\u0153uvre)<\/p>\n<\/div><\/div><\/div><\/div><div class=\"et_pb_row_3 et_pb_row et_pb_equal_columns et_pb_gutters2 et_block_row\"><div class=\"et_pb_column_7 et_pb_column et_pb_column_1_3 et_block_column et_pb_css_mix_blend_mode_passthrough\"><div class=\"et_pb_image_6 et_pb_image et_pb_module et_block_module ba-image-projet\"><a href=\"https:\/\/builtassets.com\/fr\/realisations\/davn\/\"><span class=\"et_pb_image_wrap\"><img loading=\"lazy\" decoding=\"async\" src=\"https:\/\/builtassets.com\/fr\/wp-content\/uploads\/sites\/2\/2025\/09\/immeuble-residentiel-built-assets-togo.webp\" width=\"1296\" height=\"1080\" srcset=\"https:\/\/builtassets.com\/fr\/wp-content\/uploads\/sites\/2\/2025\/09\/immeuble-residentiel-built-assets-togo.webp 1296w, https:\/\/builtassets.com\/fr\/wp-content\/uploads\/sites\/2\/2025\/09\/immeuble-residentiel-built-assets-togo-1280x1067.webp 1280w, https:\/\/builtassets.com\/fr\/wp-content\/uploads\/sites\/2\/2025\/09\/immeuble-residentiel-built-assets-togo-980x817.webp 980w, https:\/\/builtassets.com\/fr\/wp-content\/uploads\/sites\/2\/2025\/09\/immeuble-residentiel-built-assets-togo-480x400.webp 480w\" sizes=\"(min-width: 0px) and (max-width: 480px) 480px, (min-width: 481px) and (max-width: 980px) 980px, (min-width: 981px) and (max-width: 1280px) 1280px, (min-width: 1281px) 1296px, 100vw\" class=\"wp-image-474\" title=\"immeuble-residentiel-built-assets-togo\" \/><\/span><\/a><\/div><div class=\"et_pb_text_14 et_pb_text et_pb_bg_layout_light et_pb_module et_block_module\"><div class=\"et_pb_text_inner\"><h3 class=\"textheading2 mobile-oversized\">R\u00e9novation totale d\u2019une suite parentale (Lom\u00e9)<\/h3>\n<\/div><\/div><div class=\"et_pb_text_15 et_pb_text et_pb_bg_layout_light et_pb_module et_block_module\"><div class=\"et_pb_text_inner\"><p>R\u00e9novation d\u2019une suite priv\u00e9e avec chambre, dressing et salle de bain, avec domotique contr\u00f4le des luminaires et des stores \u00e0 la voix.<\/p>\n<\/div><\/div><\/div><div class=\"et_pb_column_8 et_pb_column et_pb_column_1_3 et_block_column et_pb_css_mix_blend_mode_passthrough\"><div class=\"et_pb_image_7 et_pb_image et_pb_module et_block_module ba-image-projet\"><a href=\"https:\/\/builtassets.com\/fr\/realisations\/tavc\/\"><span class=\"et_pb_image_wrap\"><img loading=\"lazy\" decoding=\"async\" src=\"https:\/\/builtassets.com\/fr\/wp-content\/uploads\/sites\/2\/2025\/09\/construction-deux-villas-jumelees.webp\" width=\"1350\" height=\"1125\" srcset=\"https:\/\/builtassets.com\/fr\/wp-content\/uploads\/sites\/2\/2025\/09\/construction-deux-villas-jumelees.webp 1350w, https:\/\/builtassets.com\/fr\/wp-content\/uploads\/sites\/2\/2025\/09\/construction-deux-villas-jumelees-1280x1067.webp 1280w, https:\/\/builtassets.com\/fr\/wp-content\/uploads\/sites\/2\/2025\/09\/construction-deux-villas-jumelees-980x817.webp 980w, https:\/\/builtassets.com\/fr\/wp-content\/uploads\/sites\/2\/2025\/09\/construction-deux-villas-jumelees-480x400.webp 480w\" sizes=\"(min-width: 0px) and (max-width: 480px) 480px, (min-width: 481px) and (max-width: 980px) 980px, (min-width: 981px) and (max-width: 1280px) 1280px, (min-width: 1281px) 1350px, 100vw\" class=\"wp-image-594\" title=\"construction-deux-villas-jumelees\" \/><\/span><\/a><\/div><div class=\"et_pb_text_16 et_pb_text et_pb_bg_layout_light et_pb_module et_block_module\"><div class=\"et_pb_text_inner\"><h3 class=\"textheading2 mobile-oversized\">Projet immobilier \u00e0 Lom\u00e9, Togo \u2013 Construction de villa<\/h3>\n<\/div><\/div><div class=\"et_pb_text_17 et_pb_text et_pb_bg_layout_light et_pb_module et_block_module\"><div class=\"et_pb_text_inner\"><p>Construction de deux villas jumel\u00e9es<\/p>\n<\/div><\/div><\/div><div class=\"et_pb_column_9 et_pb_column et_pb_column_1_3 et-last-child et_block_column et_pb_css_mix_blend_mode_passthrough\"><div class=\"et_pb_image_8 et_pb_image et_pb_module et_block_module ba-image-projet\"><a href=\"https:\/\/builtassets.com\/fr\/realisations\/campus-france\/\"><span class=\"et_pb_image_wrap\"><img loading=\"lazy\" decoding=\"async\" src=\"https:\/\/builtassets.com\/fr\/wp-content\/uploads\/sites\/2\/2025\/09\/campus-france.webp\" width=\"1260\" height=\"1050\" srcset=\"https:\/\/builtassets.com\/fr\/wp-content\/uploads\/sites\/2\/2025\/09\/campus-france.webp 1260w, https:\/\/builtassets.com\/fr\/wp-content\/uploads\/sites\/2\/2025\/09\/campus-france-980x817.webp 980w, https:\/\/builtassets.com\/fr\/wp-content\/uploads\/sites\/2\/2025\/09\/campus-france-480x400.webp 480w\" sizes=\"(min-width: 0px) and (max-width: 480px) 480px, (min-width: 481px) and (max-width: 980px) 980px, (min-width: 981px) 1260px, 100vw\" class=\"wp-image-509\" title=\"campus-france\" \/><\/span><\/a><\/div><div class=\"et_pb_text_18 et_pb_text et_pb_bg_layout_light et_pb_module et_block_module\"><div class=\"et_pb_text_inner\"><h3 class=\"textheading2 mobile-oversized\">Campus France \u00e0 Lom\u00e9 (Togo)<\/h3>\n<\/div><\/div><div class=\"et_pb_text_19 et_pb_text et_pb_bg_layout_light et_pb_module et_block_module\"><div class=\"et_pb_text_inner\"><p>Transformation d\u2019un entrep\u00f4t en espace de bureau contemporain d\u00e9di\u00e9 \u00e0 l\u2019accueil d\u2019entretien individuel<\/p>\n<\/div><\/div><\/div><\/div><\/div>\n","protected":false},"excerpt":{"rendered":"","protected":false},"author":1,"featured_media":0,"parent":0,"menu_order":0,"comment_status":"closed","ping_status":"closed","template":"","meta":{"_acf_changed":false,"footnotes":""},"class_list":["post-31","page","type-page","status-publish","hentry"],"acf":[],"_links":{"self":[{"href":"https:\/\/builtassets.com\/fr\/wp-json\/wp\/v2\/pages\/31","targetHints":{"allow":["GET"]}}],"collection":[{"href":"https:\/\/builtassets.com\/fr\/wp-json\/wp\/v2\/pages"}],"about":[{"href":"https:\/\/builtassets.com\/fr\/wp-json\/wp\/v2\/types\/page"}],"author":[{"embeddable":true,"href":"https:\/\/builtassets.com\/fr\/wp-json\/wp\/v2\/users\/1"}],"replies":[{"embeddable":true,"href":"https:\/\/builtassets.com\/fr\/wp-json\/wp\/v2\/comments?post=31"}],"version-history":[{"count":18,"href":"https:\/\/builtassets.com\/fr\/wp-json\/wp\/v2\/pages\/31\/revisions"}],"predecessor-version":[{"id":2187,"href":"https:\/\/builtassets.com\/fr\/wp-json\/wp\/v2\/pages\/31\/revisions\/2187"}],"wp:attachment":[{"href":"https:\/\/builtassets.com\/fr\/wp-json\/wp\/v2\/media?parent=31"}],"curies":[{"name":"wp","href":"https:\/\/api.w.org\/{rel}","templated":true}]}}