{"id":402,"date":"2025-09-25T00:49:59","date_gmt":"2025-09-24T22:49:59","guid":{"rendered":"https:\/\/builtassets.com\/fr\/?page_id=402"},"modified":"2026-03-10T14:21:36","modified_gmt":"2026-03-10T13:21:36","slug":"notre-equipe","status":"publish","type":"page","link":"https:\/\/builtassets.com\/fr\/notre-equipe\/","title":{"rendered":"Notre \u00e9quipe"},"content":{"rendered":"<p>[et_pb_section fb_built=\u00a0\u00bb1&Prime; _builder_version=\u00a0\u00bb4.27.6&Prime; _module_preset=\u00a0\u00bbdefault\u00a0\u00bb background_image=\u00a0\u00bbhttps:\/\/builtassets.com\/fr\/wp-content\/uploads\/sites\/2\/2025\/09\/equipe-built-assets-collaboration.webp\u00a0\u00bb height=\u00a0\u00bb70vh\u00a0\u00bb hover_enabled=\u00a0\u00bb0&Prime; global_colors_info=\u00a0\u00bb{}\u00a0\u00bb width=\u00a0\u00bb98%\u00a0\u00bb max_width=\u00a0\u00bb100%\u00a0\u00bb module_alignment=\u00a0\u00bbcenter\u00a0\u00bb width_last_edited=\u00a0\u00bbon|phone\u00a0\u00bb sticky_enabled=\u00a0\u00bb0&Prime; width_phone=\u00a0\u00bb92%\u00a0\u00bb width_tablet=\u00a0\u00bb98%\u00a0\u00bb][et_pb_row _builder_version=\u00a0\u00bb4.27.6&Prime; _module_preset=\u00a0\u00bbdefault\u00a0\u00bb custom_padding=\u00a0\u00bb15%||||false|false\u00a0\u00bb hover_enabled=\u00a0\u00bb0&Prime; global_colors_info=\u00a0\u00bb{}\u00a0\u00bb sticky_enabled=\u00a0\u00bb0&Prime;][et_pb_column type=\u00a0\u00bb4_4&Prime; _builder_version=\u00a0\u00bb4.27.4&Prime; _module_preset=\u00a0\u00bbdefault\u00a0\u00bb global_colors_info=\u00a0\u00bb{}\u00a0\u00bb][et_pb_text _builder_version=\u00a0\u00bb4.27.4&Prime; _module_preset=\u00a0\u00bbdefault\u00a0\u00bb header_text_align=\u00a0\u00bbcenter\u00a0\u00bb header_text_color=\u00a0\u00bb#FFFFFF\u00a0\u00bb global_colors_info=\u00a0\u00bb{}\u00a0\u00bb]<\/p>\n<h1><span class=\"textheading1 mobile-oversized\">Notre \u00c9quipe<\/span><\/h1>\n<p>[\/et_pb_text][\/et_pb_column][\/et_pb_row][\/et_pb_section][et_pb_section fb_built=\u00a0\u00bb1&Prime; _builder_version=\u00a0\u00bb4.27.4&Prime; _module_preset=\u00a0\u00bbdefault\u00a0\u00bb global_colors_info=\u00a0\u00bb{}\u00a0\u00bb][et_pb_row column_structure=\u00a0\u00bb1_2,1_2&Prime; make_equal=\u00a0\u00bbon\u00a0\u00bb _builder_version=\u00a0\u00bb4.27.4&Prime; _module_preset=\u00a0\u00bbdefault\u00a0\u00bb global_colors_info=\u00a0\u00bb{}\u00a0\u00bb][et_pb_column type=\u00a0\u00bb1_2&Prime; _builder_version=\u00a0\u00bb4.27.4&Prime; _module_preset=\u00a0\u00bbdefault\u00a0\u00bb global_colors_info=\u00a0\u00bb{}\u00a0\u00bb][et_pb_text _builder_version=\u00a0\u00bb4.27.6&Prime; _module_preset=\u00a0\u00bbdefault\u00a0\u00bb header_2_text_align=\u00a0\u00bbcenter\u00a0\u00bb hover_enabled=\u00a0\u00bb0&Prime; global_colors_info=\u00a0\u00bb{}\u00a0\u00bb custom_padding=\u00a0\u00bb20%||||false|false\u00a0\u00bb sticky_enabled=\u00a0\u00bb0&Prime;]<\/p>\n<h2><span>BUILT<\/span><\/h2>\n<h2><span>ASSETS<\/span><\/h2>\n<p>[\/et_pb_text][\/et_pb_column][et_pb_column type=\u00a0\u00bb1_2&Prime; _builder_version=\u00a0\u00bb4.27.4&Prime; _module_preset=\u00a0\u00bbdefault\u00a0\u00bb global_colors_info=\u00a0\u00bb{}\u00a0\u00bb][et_pb_text _builder_version=\u00a0\u00bb4.27.4&Prime; _module_preset=\u00a0\u00bbdefault\u00a0\u00bb global_colors_info=\u00a0\u00bb{}\u00a0\u00bb]<\/p>\n<div class=\"Preview_row__3Fkye row Preview_noSideMargin__2I-_n\">\n<div data-id=\"B1A003EE-EC4A-4D42-A0F5-E2D3ABDC02A7\" data-kind=\"SECTION\" class=\"Preview_componentWrapper__2i4QI\">\n<div id=\"Section3\" data-in-template=\"false\" data-id=\"B1A003EE-EC4A-4D42-A0F5-E2D3ABDC02A7\" data-kind=\"Block\" data-specific-kind=\"SECTION\" data-pin=\"0\" data-stretch=\"true\" class=\"Preview_block__16Zmu\">\n<div class=\"StripPreview_backgroundComponent__3YmQM Background_backgroundComponent__3_1Ea hasChildren\" data-width=\"100\" data-height=\"617\">\n<div class=\"Preview_column__1KeVx col\">\n<div class=\"Preview_row__3Fkye row\">\n<div data-id=\"5FC208FD-9C72-4274-8582-806AE69ACA97\" data-kind=\"BACKGROUND\" class=\"Preview_componentWrapper__2i4QI\">\n<div data-in-template=\"false\" data-id=\"5FC208FD-9C72-4274-8582-806AE69ACA97\" data-kind=\"Block\" data-specific-kind=\"BACKGROUND\" class=\"Preview_block__16Zmu\">\n<div class=\"BackgroundPreview_backgroundComponent__3Dr5e BackgroundPreview_bgHeight__3dD2e hasChildren\" data-width=\"837\" data-height=\"564\">\n<div class=\"Preview_column__1KeVx col\">\n<div class=\"Preview_row__3Fkye row\">\n<div class=\"Preview_column__1KeVx col\">\n<div data-id=\"FC407003-496D-43AE-A3C7-ACC08AC1657F\" data-kind=\"TEXT\" class=\"Preview_componentWrapper__2i4QI\">\n<div data-in-template=\"false\" data-id=\"FC407003-496D-43AE-A3C7-ACC08AC1657F\" data-kind=\"Component\" data-specific-kind=\"TEXT\" class=\"Preview_component__SbiKo text-align-null\">\n<div data-mve-font-change=\"0\" class=\"styles_contentContainer__lrPIa textnormal styles_text__3jGMu styles_invalidateHighlightAndShadows__2W3IH White themeTextClass\">\n<p class=\"mobile-undersized-upper\">Apr\u00e8s avoir acquis une exp\u00e9rience solide dans le domaine de la construction en Occident, nous avons constat\u00e9 l&rsquo;importance d&rsquo;adapter les m\u00e9thodes et les solutions \u00e0 chaque contexte, en particulier en Afrique. Nous avons ainsi d\u00e9cid\u00e9 de cr\u00e9er une structure de construction qui propose une approche innovante et adapt\u00e9e aux r\u00e9alit\u00e9s africaines.<\/p>\n<p class=\"mobile-undersized-upper\"><span>\u200b<\/span><\/p>\n<p class=\"mobile-undersized-upper\">Notre objectif est de contribuer au d\u00e9veloppement de cadre de vie durable et r\u00e9silient en Afrique en proposant des solutions de construction efficaces, accessibles et respectueuses de l&rsquo;environnement. Nous sommes convaincus que notre expertise et notre engagement nous permettront de r\u00e9pondre a vos besoins et de contribuer positivement \u00e0 la croissance et au d\u00e9veloppement de l&rsquo;Afrique.<\/p>\n<\/div>\n<\/div>\n<\/div>\n<div><\/div>\n<\/div>\n<div><\/div>\n<\/div>\n<div><\/div>\n<\/div>\n<\/div>\n<\/div>\n<\/div>\n<\/div>\n<div><\/div>\n<\/div>\n<\/div>\n<\/div>\n<\/div>\n<\/div>\n<div class=\"Preview_row__3Fkye row Preview_noSideMargin__2I-_n\">\n<div data-id=\"81E36F37-22E9-418A-82B5-CAC0D3F776EA\" data-kind=\"SECTION\" class=\"Preview_componentWrapper__2i4QI\">\n<div id=\"Section1\" data-in-template=\"false\" data-id=\"81E36F37-22E9-418A-82B5-CAC0D3F776EA\" data-kind=\"Block\" data-specific-kind=\"SECTION\" data-pin=\"0\" data-stretch=\"true\" class=\"Preview_block__16Zmu\">\n<div class=\"StripPreview_backgroundComponent__3YmQM Background_backgroundComponent__3_1Ea hasChildren\" data-width=\"100\" data-height=\"1100\">\n<div class=\"Preview_column__1KeVx col\">\n<div class=\"Preview_row__3Fkye row\">\n<div data-id=\"E8E8B730-5011-452F-93A3-DC1D2354C3B1\" data-kind=\"TEXT\" class=\"Preview_componentWrapper__2i4QI\">\n<div data-in-template=\"false\" data-id=\"E8E8B730-5011-452F-93A3-DC1D2354C3B1\" data-kind=\"Component\" data-specific-kind=\"TEXT\" class=\"Preview_component__SbiKo text-align-null\">\n<div class=\"styles_verticalAlignmentWrapper__3SDi2\">\n<div data-mve-font-change=\"0\" class=\"styles_contentContainer__lrPIa textnormal styles_text__3jGMu styles_invalidateHighlightAndShadows__2W3IH White themeTextClass\"><\/div>\n<\/div>\n<\/div>\n<\/div>\n<\/div>\n<\/div>\n<\/div>\n<\/div>\n<\/div>\n<\/div>\n<p>[\/et_pb_text][\/et_pb_column][\/et_pb_row][et_pb_row _builder_version=\u00a0\u00bb4.27.4&Prime; _module_preset=\u00a0\u00bbdefault\u00a0\u00bb global_colors_info=\u00a0\u00bb{}\u00a0\u00bb][et_pb_column type=\u00a0\u00bb4_4&Prime; _builder_version=\u00a0\u00bb4.27.4&Prime; _module_preset=\u00a0\u00bbdefault\u00a0\u00bb global_colors_info=\u00a0\u00bb{}\u00a0\u00bb][et_pb_text _builder_version=\u00a0\u00bb4.27.4&Prime; _module_preset=\u00a0\u00bbdefault\u00a0\u00bb header_2_text_align=\u00a0\u00bbcenter\u00a0\u00bb global_colors_info=\u00a0\u00bb{}\u00a0\u00bb]<\/p>\n<h2 class=\"textheading2 mobile-oversized\"><span class=\"textheading2 mobile-oversized\">Notre \u00c9quipe<\/span><\/h2>\n<p>[\/et_pb_text][et_pb_text _builder_version=\u00a0\u00bb4.27.4&Prime; _module_preset=\u00a0\u00bbdefault\u00a0\u00bb global_colors_info=\u00a0\u00bb{}\u00a0\u00bb]<\/p>\n<p style=\"text-align: center\"><span>Nous sommes une \u00e9quipe exp\u00e9riment\u00e9e et passionn\u00e9e dans le domaine de la construction et de l&rsquo;immobilier, pr\u00eate \u00e0 vous accompagner dans tous vos projets.<\/span><\/p>\n<p>[\/et_pb_text][\/et_pb_column][\/et_pb_row][\/et_pb_section][et_pb_section fb_built=\u00a0\u00bb1&Prime; _builder_version=\u00a0\u00bb4.27.4&Prime; _module_preset=\u00a0\u00bbdefault\u00a0\u00bb global_colors_info=\u00a0\u00bb{}\u00a0\u00bb][et_pb_row column_structure=\u00a0\u00bb1_4,1_4,1_4,1_4&Prime; use_custom_gutter=\u00a0\u00bbon\u00a0\u00bb gutter_width=\u00a0\u00bb2&Prime; make_equal=\u00a0\u00bbon\u00a0\u00bb _builder_version=\u00a0\u00bb4.27.4&Prime; _module_preset=\u00a0\u00bbdefault\u00a0\u00bb global_colors_info=\u00a0\u00bb{}\u00a0\u00bb][et_pb_column type=\u00a0\u00bb1_4&Prime; _builder_version=\u00a0\u00bb4.27.4&Prime; _module_preset=\u00a0\u00bbdefault\u00a0\u00bb global_colors_info=\u00a0\u00bb{}\u00a0\u00bb][et_pb_image src=\u00a0\u00bbhttps:\/\/builtassets.com\/fr\/wp-content\/uploads\/sites\/2\/2025\/09\/equipe-built-assets-homme-cadre.webp\u00a0\u00bb title_text=\u00a0\u00bbequipe-built-assets-homme-cadre\u00a0\u00bb _builder_version=\u00a0\u00bb4.27.4&Prime; _module_preset=\u00a0\u00bbdefault\u00a0\u00bb global_colors_info=\u00a0\u00bb{}\u00a0\u00bb][\/et_pb_image][et_pb_text _builder_version=\u00a0\u00bb4.27.4&Prime; _module_preset=\u00a0\u00bbdefault\u00a0\u00bb global_colors_info=\u00a0\u00bb{}\u00a0\u00bb]<\/p>\n<div class=\"gallery-caption\">\n<div class=\"textnormal\">\n<div class=\"Gallery_galleryCaptionContainer__1UMvN\">\n<div>\n<div class=\"Gallery_galleryCaption__2CuUb gallery-title-description-wrapper\">\n<p class=\"Gallery_galleryCaption__2CuUb\"><span>Alphonse Sotome<\/span><\/p>\n<\/div>\n<\/div>\n<\/div>\n<\/div>\n<\/div>\n<p>[\/et_pb_text][et_pb_text _builder_version=\u00a0\u00bb4.27.4&Prime; _module_preset=\u00a0\u00bbdefault\u00a0\u00bb global_colors_info=\u00a0\u00bb{}\u00a0\u00bb]<\/p>\n<p>Administrateur<\/p>\n<p>[\/et_pb_text][\/et_pb_column][et_pb_column type=\u00a0\u00bb1_4&Prime; _builder_version=\u00a0\u00bb4.27.4&Prime; _module_preset=\u00a0\u00bbdefault\u00a0\u00bb global_colors_info=\u00a0\u00bb{}\u00a0\u00bb][et_pb_image src=\u00a0\u00bbhttps:\/\/builtassets.com\/fr\/wp-content\/uploads\/sites\/2\/2025\/09\/equipe-built-assets-femme-cadre.webp\u00a0\u00bb title_text=\u00a0\u00bbequipe-built-assets-femme-cadre\u00a0\u00bb _builder_version=\u00a0\u00bb4.27.4&Prime; _module_preset=\u00a0\u00bbdefault\u00a0\u00bb global_colors_info=\u00a0\u00bb{}\u00a0\u00bb][\/et_pb_image][et_pb_text _builder_version=\u00a0\u00bb4.27.4&Prime; _module_preset=\u00a0\u00bbdefault\u00a0\u00bb global_colors_info=\u00a0\u00bb{}\u00a0\u00bb]<\/p>\n<div class=\"gallery-caption\">\n<div class=\"textnormal\">\n<div class=\"Gallery_galleryCaptionContainer__1UMvN\">\n<div>\n<div class=\"Gallery_galleryCaption__2CuUb gallery-title-description-wrapper\">\n<p class=\"Gallery_galleryCaption__2CuUb\"><span>Mireille Ocloo<\/span><\/p>\n<\/div>\n<\/div>\n<\/div>\n<\/div>\n<\/div>\n<p>[\/et_pb_text][et_pb_text _builder_version=\u00a0\u00bb4.27.4&Prime; _module_preset=\u00a0\u00bbdefault\u00a0\u00bb global_colors_info=\u00a0\u00bb{}\u00a0\u00bb]<\/p>\n<div class=\"gallery-caption\">\n<div class=\"textnormal\">\n<div class=\"Gallery_galleryCaptionContainer__1UMvN\">\n<div>\n<div class=\"Gallery_galleryCaption__2CuUb gallery-title-description-wrapper\">\n<p class=\"Gallery_galleryCaption__2CuUb\"><span>Responsable Administrative <\/span><span style=\"font-size: 16px\">et Financi\u00e8re<\/span><\/p>\n<\/div>\n<\/div>\n<\/div>\n<\/div>\n<\/div>\n<p>[\/et_pb_text][\/et_pb_column][et_pb_column type=\u00a0\u00bb1_4&Prime; _builder_version=\u00a0\u00bb4.27.4&Prime; _module_preset=\u00a0\u00bbdefault\u00a0\u00bb global_colors_info=\u00a0\u00bb{}\u00a0\u00bb][et_pb_image src=\u00a0\u00bbhttps:\/\/builtassets.com\/fr\/wp-content\/uploads\/sites\/2\/2025\/09\/equipe-built-assets-homme-cadre2.webp\u00a0\u00bb title_text=\u00a0\u00bbequipe-built-assets-homme-cadre2&Prime; _builder_version=\u00a0\u00bb4.27.4&Prime; _module_preset=\u00a0\u00bbdefault\u00a0\u00bb global_colors_info=\u00a0\u00bb{}\u00a0\u00bb][\/et_pb_image][et_pb_text _builder_version=\u00a0\u00bb4.27.4&Prime; _module_preset=\u00a0\u00bbdefault\u00a0\u00bb global_colors_info=\u00a0\u00bb{}\u00a0\u00bb]<\/p>\n<div class=\"gallery-caption\">\n<div class=\"textnormal\">\n<div class=\"Gallery_galleryCaptionContainer__1UMvN\">\n<div>\n<div class=\"Gallery_galleryCaption__2CuUb gallery-title-description-wrapper\">\n<p class=\"Gallery_galleryCaption__2CuUb\"><span>GUY Hounkpatine<\/span><\/p>\n<\/div>\n<\/div>\n<\/div>\n<\/div>\n<\/div>\n<p>[\/et_pb_text][et_pb_text _builder_version=\u00a0\u00bb4.27.4&Prime; _module_preset=\u00a0\u00bbdefault\u00a0\u00bb global_colors_info=\u00a0\u00bb{}\u00a0\u00bb]<\/p>\n<div class=\"gallery-caption\">\n<div class=\"textnormal\">\n<div class=\"Gallery_galleryCaptionContainer__1UMvN\">\n<div>\n<div class=\"Gallery_galleryCaption__2CuUb gallery-title-description-wrapper\">\n<p class=\"Gallery_galleryCaption__2CuUb\"><span>Responsable Des Op\u00e9rations<\/span><\/p>\n<\/div>\n<\/div>\n<\/div>\n<\/div>\n<\/div>\n<p>[\/et_pb_text][\/et_pb_column][et_pb_column type=\u00a0\u00bb1_4&Prime; _builder_version=\u00a0\u00bb4.27.4&Prime; _module_preset=\u00a0\u00bbdefault\u00a0\u00bb global_colors_info=\u00a0\u00bb{}\u00a0\u00bb][et_pb_image src=\u00a0\u00bbhttps:\/\/builtassets.com\/fr\/wp-content\/uploads\/sites\/2\/2025\/09\/equipe-built-assets-femme-manager.webp\u00a0\u00bb title_text=\u00a0\u00bbequipe-built-assets-femme-manager\u00a0\u00bb _builder_version=\u00a0\u00bb4.27.4&Prime; _module_preset=\u00a0\u00bbdefault\u00a0\u00bb global_colors_info=\u00a0\u00bb{}\u00a0\u00bb][\/et_pb_image][et_pb_text _builder_version=\u00a0\u00bb4.27.4&Prime; _module_preset=\u00a0\u00bbdefault\u00a0\u00bb global_colors_info=\u00a0\u00bb{}\u00a0\u00bb]<\/p>\n<div class=\"gallery-caption\">\n<div class=\"textnormal\">\n<div class=\"Gallery_galleryCaptionContainer__1UMvN\">\n<div>\n<div class=\"Gallery_galleryCaption__2CuUb gallery-title-description-wrapper\">\n<p class=\"Gallery_galleryCaption__2CuUb\"><span>Emma Adjayi<\/span><\/p>\n<\/div>\n<\/div>\n<\/div>\n<\/div>\n<\/div>\n<p>[\/et_pb_text][et_pb_text _builder_version=\u00a0\u00bb4.27.4&Prime; _module_preset=\u00a0\u00bbdefault\u00a0\u00bb global_colors_info=\u00a0\u00bb{}\u00a0\u00bb]<\/p>\n<div class=\"gallery-caption\">\n<div class=\"textnormal\">\n<div class=\"Gallery_galleryCaptionContainer__1UMvN\">\n<div>\n<div class=\"Gallery_galleryCaption__2CuUb gallery-title-description-wrapper\">\n<p class=\"Gallery_galleryCaption__2CuUb\"><span>Ing\u00e9nieur \u00c9tude G\u00e9nie Civil<\/span><\/p>\n<\/div>\n<\/div>\n<\/div>\n<\/div>\n<\/div>\n<p>[\/et_pb_text][\/et_pb_column][\/et_pb_row][et_pb_row column_structure=\u00a0\u00bb1_4,1_4,1_4,1_4&Prime; use_custom_gutter=\u00a0\u00bbon\u00a0\u00bb gutter_width=\u00a0\u00bb2&Prime; make_equal=\u00a0\u00bbon\u00a0\u00bb _builder_version=\u00a0\u00bb4.27.4&Prime; _module_preset=\u00a0\u00bbdefault\u00a0\u00bb global_colors_info=\u00a0\u00bb{}\u00a0\u00bb][et_pb_column type=\u00a0\u00bb1_4&Prime; _builder_version=\u00a0\u00bb4.27.4&Prime; _module_preset=\u00a0\u00bbdefault\u00a0\u00bb global_colors_info=\u00a0\u00bb{}\u00a0\u00bb][et_pb_image src=\u00a0\u00bbhttps:\/\/builtassets.com\/fr\/wp-content\/uploads\/sites\/2\/2025\/09\/conducteur-travaux-built-assets-togo-245.webp\u00a0\u00bb title_text=\u00a0\u00bbconducteur-travaux-built-assets-togo-245&Prime; force_fullwidth=\u00a0\u00bbon\u00a0\u00bb _builder_version=\u00a0\u00bb4.27.4&Prime; _module_preset=\u00a0\u00bbdefault\u00a0\u00bb global_colors_info=\u00a0\u00bb{}\u00a0\u00bb][\/et_pb_image][et_pb_text _builder_version=\u00a0\u00bb4.27.4&Prime; _module_preset=\u00a0\u00bbdefault\u00a0\u00bb global_colors_info=\u00a0\u00bb{}\u00a0\u00bb]<\/p>\n<div class=\"gallery-caption\">\n<div class=\"textnormal\">\n<div class=\"Gallery_galleryCaptionContainer__1UMvN\">\n<div class=\"Gallery_galleryCaption__2CuUb gallery-title-description-wrapper\">\n<div class=\"gallery-caption\">\n<div class=\"textnormal\">\n<div class=\"Gallery_galleryCaptionContainer__1UMvN\">\n<div>\n<div class=\"Gallery_galleryCaption__2CuUb gallery-title-description-wrapper\">\n<p class=\"Gallery_galleryCaption__2CuUb\"><span>Boyode Tchokozi<\/span><\/p>\n<\/div>\n<\/div>\n<\/div>\n<\/div>\n<\/div>\n<\/div>\n<\/div>\n<\/div>\n<\/div>\n<p>[\/et_pb_text][et_pb_text _builder_version=\u00a0\u00bb4.27.4&Prime; _module_preset=\u00a0\u00bbdefault\u00a0\u00bb global_colors_info=\u00a0\u00bb{}\u00a0\u00bb]<\/p>\n<div class=\"gallery-caption\">\n<div class=\"textnormal\">\n<div class=\"Gallery_galleryCaptionContainer__1UMvN\">\n<div class=\"Gallery_galleryCaption__2CuUb gallery-title-description-wrapper\">\n<div class=\"gallery-caption\">\n<div class=\"textnormal\">\n<div class=\"Gallery_galleryCaptionContainer__1UMvN\">\n<div>\n<div class=\"Gallery_galleryCaption__2CuUb gallery-title-description-wrapper\">\n<p class=\"Gallery_galleryCaption__2CuUb\"><span>Conducteur de Travaux<\/span><\/p>\n<\/div>\n<\/div>\n<\/div>\n<\/div>\n<\/div>\n<\/div>\n<\/div>\n<\/div>\n<\/div>\n<p>[\/et_pb_text][\/et_pb_column][et_pb_column type=\u00a0\u00bb1_4&Prime; _builder_version=\u00a0\u00bb4.27.4&Prime; _module_preset=\u00a0\u00bbdefault\u00a0\u00bb global_colors_info=\u00a0\u00bb{}\u00a0\u00bb][et_pb_image src=\u00a0\u00bbhttps:\/\/builtassets.com\/fr\/wp-content\/uploads\/sites\/2\/2025\/09\/equipe-built-assets-homme-senior-245.webp\u00a0\u00bb title_text=\u00a0\u00bbequipe-built-assets-homme-senior-245&Prime; force_fullwidth=\u00a0\u00bbon\u00a0\u00bb _builder_version=\u00a0\u00bb4.27.4&Prime; _module_preset=\u00a0\u00bbdefault\u00a0\u00bb global_colors_info=\u00a0\u00bb{}\u00a0\u00bb][\/et_pb_image][et_pb_text _builder_version=\u00a0\u00bb4.27.4&Prime; _module_preset=\u00a0\u00bbdefault\u00a0\u00bb global_colors_info=\u00a0\u00bb{}\u00a0\u00bb]<\/p>\n<div class=\"gallery-caption\">\n<div class=\"textnormal\">\n<div class=\"Gallery_galleryCaptionContainer__1UMvN\">\n<div class=\"Gallery_galleryCaption__2CuUb gallery-title-description-wrapper\">\n<div class=\"gallery-caption\">\n<div class=\"textnormal\">\n<div class=\"Gallery_galleryCaptionContainer__1UMvN\">\n<div>\n<div class=\"Gallery_galleryCaption__2CuUb gallery-title-description-wrapper\">\n<p class=\"Gallery_galleryCaption__2CuUb\"><span>Koami Sotomey<\/span><\/p>\n<\/div>\n<\/div>\n<\/div>\n<\/div>\n<\/div>\n<\/div>\n<\/div>\n<\/div>\n<\/div>\n<p>[\/et_pb_text][et_pb_text _builder_version=\u00a0\u00bb4.27.4&Prime; _module_preset=\u00a0\u00bbdefault\u00a0\u00bb global_colors_info=\u00a0\u00bb{}\u00a0\u00bb]<\/p>\n<div class=\"gallery-caption\">\n<div class=\"textnormal\">\n<div class=\"Gallery_galleryCaptionContainer__1UMvN\">\n<div class=\"Gallery_galleryCaption__2CuUb gallery-title-description-wrapper\">\n<div class=\"gallery-caption\">\n<div class=\"textnormal\">\n<div class=\"Gallery_galleryCaptionContainer__1UMvN\">\n<div>\n<div class=\"Gallery_galleryCaption__2CuUb gallery-title-description-wrapper\">\n<p class=\"Gallery_galleryCaption__2CuUb\"><span>Responsable Des Stocks<\/span><\/p>\n<\/div>\n<\/div>\n<\/div>\n<\/div>\n<\/div>\n<\/div>\n<\/div>\n<\/div>\n<\/div>\n<p>[\/et_pb_text][\/et_pb_column][et_pb_column type=\u00a0\u00bb1_4&Prime; _builder_version=\u00a0\u00bb4.27.4&Prime; _module_preset=\u00a0\u00bbdefault\u00a0\u00bb global_colors_info=\u00a0\u00bb{}\u00a0\u00bb][et_pb_image src=\u00a0\u00bbhttps:\/\/builtassets.com\/fr\/wp-content\/uploads\/sites\/2\/2025\/09\/equipe-built-assets-ouvrier-chantier-245.webp\u00a0\u00bb title_text=\u00a0\u00bbequipe-built-assets-ouvrier-chantier-245&Prime; force_fullwidth=\u00a0\u00bbon\u00a0\u00bb _builder_version=\u00a0\u00bb4.27.4&Prime; _module_preset=\u00a0\u00bbdefault\u00a0\u00bb global_colors_info=\u00a0\u00bb{}\u00a0\u00bb][\/et_pb_image][et_pb_text _builder_version=\u00a0\u00bb4.27.4&Prime; _module_preset=\u00a0\u00bbdefault\u00a0\u00bb global_colors_info=\u00a0\u00bb{}\u00a0\u00bb]<\/p>\n<div class=\"gallery-caption\">\n<div class=\"textnormal\">\n<div class=\"Gallery_galleryCaptionContainer__1UMvN\">\n<div class=\"Gallery_galleryCaption__2CuUb gallery-title-description-wrapper\">\n<div class=\"gallery-caption\">\n<div class=\"textnormal\">\n<div class=\"Gallery_galleryCaptionContainer__1UMvN\">\n<div>\n<div class=\"Gallery_galleryCaption__2CuUb gallery-title-description-wrapper\">\n<p class=\"Gallery_galleryCaption__2CuUb\"><span>Magnoudewa Aguy<\/span><\/p>\n<\/div>\n<\/div>\n<\/div>\n<\/div>\n<\/div>\n<\/div>\n<\/div>\n<\/div>\n<\/div>\n<p>[\/et_pb_text][et_pb_text _builder_version=\u00a0\u00bb4.27.4&Prime; _module_preset=\u00a0\u00bbdefault\u00a0\u00bb global_colors_info=\u00a0\u00bb{}\u00a0\u00bb]<\/p>\n<div class=\"gallery-caption\">\n<div class=\"textnormal\">\n<div class=\"Gallery_galleryCaptionContainer__1UMvN\">\n<div class=\"Gallery_galleryCaption__2CuUb gallery-title-description-wrapper\">\n<div class=\"gallery-caption\">\n<div class=\"textnormal\">\n<div class=\"Gallery_galleryCaptionContainer__1UMvN\">\n<div>\n<div class=\"Gallery_galleryCaption__2CuUb gallery-title-description-wrapper\">\n<p class=\"Gallery_galleryCaption__2CuUb\"><span>Chef Chantier<\/span><\/p>\n<\/div>\n<\/div>\n<\/div>\n<\/div>\n<\/div>\n<\/div>\n<\/div>\n<\/div>\n<\/div>\n<p>[\/et_pb_text][\/et_pb_column][et_pb_column type=\u00a0\u00bb1_4&Prime; _builder_version=\u00a0\u00bb4.27.4&Prime; _module_preset=\u00a0\u00bbdefault\u00a0\u00bb global_colors_info=\u00a0\u00bb{}\u00a0\u00bb][\/et_pb_column][\/et_pb_row][\/et_pb_section][et_pb_section fb_built=\u00a0\u00bb1&Prime; _builder_version=\u00a0\u00bb4.27.6&Prime; _module_preset=\u00a0\u00bbdefault\u00a0\u00bb module_alignment=\u00a0\u00bbcenter\u00a0\u00bb hover_enabled=\u00a0\u00bb0&Prime; global_colors_info=\u00a0\u00bb{}\u00a0\u00bb custom_padding=\u00a0\u00bb0px||||false|false\u00a0\u00bb sticky_enabled=\u00a0\u00bb0&Prime;][et_pb_row _builder_version=\u00a0\u00bb4.27.4&Prime; _module_preset=\u00a0\u00bbdefault\u00a0\u00bb module_alignment=\u00a0\u00bbcenter\u00a0\u00bb global_colors_info=\u00a0\u00bb{}\u00a0\u00bb][et_pb_column type=\u00a0\u00bb4_4&Prime; _builder_version=\u00a0\u00bb4.27.4&Prime; _module_preset=\u00a0\u00bbdefault\u00a0\u00bb global_colors_info=\u00a0\u00bb{}\u00a0\u00bb][et_pb_text _builder_version=\u00a0\u00bb4.27.4&Prime; _module_preset=\u00a0\u00bbdefault\u00a0\u00bb header_2_text_align=\u00a0\u00bbcenter\u00a0\u00bb header_2_font_size=\u00a0\u00bb20px\u00a0\u00bb global_colors_info=\u00a0\u00bb{}\u00a0\u00bb]<\/p>\n<h2>Envie de construire l\u2019avenir avec nous ?<\/h2>\n<p>[\/et_pb_text][et_pb_text _builder_version=\u00a0\u00bb4.27.4&Prime; _module_preset=\u00a0\u00bbdefault\u00a0\u00bb global_colors_info=\u00a0\u00bb{}\u00a0\u00bb]<\/p>\n<p data-start=\"198\" data-end=\"273\" style=\"text-align: center\"><strong data-start=\"245\" data-end=\"271\">Rejoignez Built Assets<\/strong><\/p>\n<p data-start=\"275\" data-end=\"374\" style=\"text-align: center\">Envoyez votre candidature \u00e0 <strong data-start=\"306\" data-end=\"330\"><a data-start=\"308\" data-end=\"328\" class=\"decorated-link cursor-pointer\" rel=\"noopener\">info@builtassets.com<span aria-hidden=\"true\" class=\"ms-0.5 inline-block align-middle leading-none\"><\/span><\/a><\/strong><br data-start=\"330\" data-end=\"333\" \/>Appelez-nous au <strong data-start=\"352\" data-end=\"372\">+228 91 08 09 09<\/strong><\/p>\n<p>[\/et_pb_text][\/et_pb_column][\/et_pb_row][\/et_pb_section]<\/p>\n","protected":false},"excerpt":{"rendered":"<p>Notre \u00c9quipeBUILT ASSETS Apr\u00e8s avoir acquis une exp\u00e9rience solide dans le domaine de la construction en Occident, nous avons constat\u00e9 l&rsquo;importance d&rsquo;adapter les m\u00e9thodes et les solutions \u00e0 chaque contexte, en particulier en Afrique. Nous avons ainsi d\u00e9cid\u00e9 de cr\u00e9er une structure de construction qui propose une approche innovante et adapt\u00e9e aux r\u00e9alit\u00e9s africaines. \u200b [&hellip;]<\/p>\n","protected":false},"author":2,"featured_media":0,"parent":0,"menu_order":0,"comment_status":"closed","ping_status":"closed","template":"","meta":{"_acf_changed":false,"_et_pb_use_builder":"on","_et_pb_old_content":"","_et_gb_content_width":"","footnotes":""},"class_list":["post-402","page","type-page","status-publish","hentry"],"acf":[],"_links":{"self":[{"href":"https:\/\/builtassets.com\/fr\/wp-json\/wp\/v2\/pages\/402","targetHints":{"allow":["GET"]}}],"collection":[{"href":"https:\/\/builtassets.com\/fr\/wp-json\/wp\/v2\/pages"}],"about":[{"href":"https:\/\/builtassets.com\/fr\/wp-json\/wp\/v2\/types\/page"}],"author":[{"embeddable":true,"href":"https:\/\/builtassets.com\/fr\/wp-json\/wp\/v2\/users\/2"}],"replies":[{"embeddable":true,"href":"https:\/\/builtassets.com\/fr\/wp-json\/wp\/v2\/comments?post=402"}],"version-history":[{"count":25,"href":"https:\/\/builtassets.com\/fr\/wp-json\/wp\/v2\/pages\/402\/revisions"}],"predecessor-version":[{"id":2001,"href":"https:\/\/builtassets.com\/fr\/wp-json\/wp\/v2\/pages\/402\/revisions\/2001"}],"wp:attachment":[{"href":"https:\/\/builtassets.com\/fr\/wp-json\/wp\/v2\/media?parent=402"}],"curies":[{"name":"wp","href":"https:\/\/api.w.org\/{rel}","templated":true}]}}