{"id":535,"date":"2025-09-28T16:12:19","date_gmt":"2025-09-28T14:12:19","guid":{"rendered":"https:\/\/builtassets.com\/fr\/?page_id=535"},"modified":"2026-03-10T14:15:35","modified_gmt":"2026-03-10T13:15:35","slug":"immobilier","status":"publish","type":"page","link":"https:\/\/builtassets.com\/fr\/immobilier\/","title":{"rendered":"Immobilier"},"content":{"rendered":"<p>[et_pb_section fb_built=\u00a0\u00bb1&Prime; _builder_version=\u00a0\u00bb4.27.6&Prime; _module_preset=\u00a0\u00bbdefault\u00a0\u00bb background_image=\u00a0\u00bbhttps:\/\/builtassets.com\/fr\/wp-content\/uploads\/sites\/2\/2025\/09\/perspective-architecturale-built-assets-togo.webp\u00a0\u00bb width=\u00a0\u00bb98%\u00a0\u00bb width_tablet=\u00a0\u00bb98%\u00a0\u00bb width_phone=\u00a0\u00bb92%\u00a0\u00bb width_last_edited=\u00a0\u00bbon|phone\u00a0\u00bb max_width=\u00a0\u00bb100%\u00a0\u00bb module_alignment=\u00a0\u00bbcenter\u00a0\u00bb height=\u00a0\u00bb70vh\u00a0\u00bb global_colors_info=\u00a0\u00bb{}\u00a0\u00bb][et_pb_row _builder_version=\u00a0\u00bb4.27.6&Prime; _module_preset=\u00a0\u00bbdefault\u00a0\u00bb custom_padding=\u00a0\u00bb15%||||false|false\u00a0\u00bb hover_enabled=\u00a0\u00bb0&Prime; global_colors_info=\u00a0\u00bb{}\u00a0\u00bb sticky_enabled=\u00a0\u00bb0&Prime;][et_pb_column type=\u00a0\u00bb4_4&Prime; _builder_version=\u00a0\u00bb4.27.4&Prime; _module_preset=\u00a0\u00bbdefault\u00a0\u00bb global_colors_info=\u00a0\u00bb{}\u00a0\u00bb][et_pb_text _builder_version=\u00a0\u00bb4.27.4&Prime; _module_preset=\u00a0\u00bbdefault\u00a0\u00bb text_text_color=\u00a0\u00bb#FFFFFF\u00a0\u00bb header_text_align=\u00a0\u00bbcenter\u00a0\u00bb header_text_color=\u00a0\u00bb#FFFFFF\u00a0\u00bb global_colors_info=\u00a0\u00bb{}\u00a0\u00bb]<\/p>\n<div class=\"mceNonEditable center\">\n<div data-wrap-id=\"A1C0DA83-46DB-4109-B2F6-4905338BA162\">\n<div class=\"Preview_column__1KeVx col\">\n<div class=\"Preview_row__3Fkye row\">\n<div data-id=\"A1C0DA83-46DB-4109-B2F6-4905338BA162\" data-kind=\"BACKGROUND\" class=\"Preview_componentWrapper__2i4QI\">\n<div data-in-template=\"false\" data-id=\"A1C0DA83-46DB-4109-B2F6-4905338BA162\" data-kind=\"Component\" data-specific-kind=\"BACKGROUND\" class=\"Preview_mobileHide__9T929 Preview_component__SbiKo\">\n<div class=\"BackgroundPreview_backgroundComponent__3Dr5e BackgroundPreview_bgHeight__3dD2e\" data-width=\"50\" data-height=\"4\"><\/div>\n<\/div>\n<\/div>\n<\/div>\n<div><\/div>\n<\/div>\n<\/div>\n<\/div>\n<h1 style=\"text-align: center\"><span class=\"textheading1 mobile-oversized\">Immobilier<\/span><\/h1>\n<p class=\"mobile-undersized-upper\" style=\"text-align: center\"><span>(valorisation d\u2019actifs fonciers et immobiliers)<\/span><\/p>\n<p>[\/et_pb_text][\/et_pb_column][\/et_pb_row][\/et_pb_section][et_pb_section fb_built=\u00a0\u00bb1&Prime; _builder_version=\u00a0\u00bb4.27.4&Prime; _module_preset=\u00a0\u00bbdefault\u00a0\u00bb global_colors_info=\u00a0\u00bb{}\u00a0\u00bb][et_pb_row _builder_version=\u00a0\u00bb4.27.4&Prime; _module_preset=\u00a0\u00bbdefault\u00a0\u00bb global_colors_info=\u00a0\u00bb{}\u00a0\u00bb][et_pb_column type=\u00a0\u00bb4_4&Prime; _builder_version=\u00a0\u00bb4.27.4&Prime; _module_preset=\u00a0\u00bbdefault\u00a0\u00bb global_colors_info=\u00a0\u00bb{}\u00a0\u00bb][et_pb_text _builder_version=\u00a0\u00bb4.27.4&Prime; _module_preset=\u00a0\u00bbdefault\u00a0\u00bb global_colors_info=\u00a0\u00bb{}\u00a0\u00bb]<\/p>\n<h2 class=\"textheading2 mobile-oversized\" data-element-id=\"headingsMap-1-0\"><span class=\"textheading2 mobile-oversized\">Immobilier et Valorisation d&rsquo;Actifs Foncier avec Built Assets<\/span><\/h2>\n<p>[\/et_pb_text][et_pb_text _builder_version=\u00a0\u00bb4.27.4&Prime; _module_preset=\u00a0\u00bbdefault\u00a0\u00bb global_colors_info=\u00a0\u00bb{}\u00a0\u00bb]<\/p>\n<p><span>Chez Built Assets, nous comprenons que la valorisation de votre patrimoine foncier et immobilier est un enjeu crucial pour la r\u00e9ussite de vos projets. C&rsquo;est pourquoi nous vous accompagnons \u00e0 chaque \u00e9tape du processus, en fournissant des conseils personnalis\u00e9s et des solutions sur mesure pour vous aider \u00e0 maximiser la valeur de vos actifs.<\/span><\/p>\n<p><span>\u00a0<\/span><\/p>\n<p><span>Nous proposons une analyse approfondie de votre patrimoine, en prenant en compte vos objectifs financiers et strat\u00e9giques, pour d\u00e9finir les meilleures options de valorisation. Nos services incluent :<\/span><\/p>\n<ul>\n<li><span><strong>\u00c9tudes de march\u00e9 immobili\u00e8res :<\/strong>\u00a0Nous analysons les opportunit\u00e9s du march\u00e9 local et r\u00e9gional afin de vous offrir une valorisation optimale.<\/span><\/li>\n<li><span><strong>Promotion immobili\u00e8re :<\/strong>\u00a0Nous g\u00e9rons des projets de d\u00e9veloppement immobilier en assurant la conception, la construction, et la commercialisation.<\/span><\/li>\n<li><span><strong>Gestion d\u2019actifs immobiliers :<\/strong>\u00a0Nous vous accompagnons dans la gestion de vos actifs, en optimisant la rentabilit\u00e9 de votre patrimoine tout en minimisant les risques.<\/span><\/li>\n<\/ul>\n<p>[\/et_pb_text][\/et_pb_column][\/et_pb_row][et_pb_row _builder_version=\u00a0\u00bb4.27.4&Prime; _module_preset=\u00a0\u00bbdefault\u00a0\u00bb global_colors_info=\u00a0\u00bb{}\u00a0\u00bb][et_pb_column type=\u00a0\u00bb4_4&Prime; _builder_version=\u00a0\u00bb4.27.4&Prime; _module_preset=\u00a0\u00bbdefault\u00a0\u00bb global_colors_info=\u00a0\u00bb{}\u00a0\u00bb][et_pb_text _builder_version=\u00a0\u00bb4.27.4&Prime; _module_preset=\u00a0\u00bbdefault\u00a0\u00bb global_colors_info=\u00a0\u00bb{}\u00a0\u00bb]<\/p>\n<h2 class=\"textheading2 mobile-oversized\" data-element-id=\"headingsMap-2-0\"><span class=\"textheading2 mobile-oversized\">Membre de l&rsquo;ANAIT et de la FTI<\/span><\/h2>\n<p>[\/et_pb_text][et_pb_text _builder_version=\u00a0\u00bb4.27.4&Prime; _module_preset=\u00a0\u00bbdefault\u00a0\u00bb global_colors_info=\u00a0\u00bb{}\u00a0\u00bb]<\/p>\n<p><span>En tant que membre actif de l\u2019ANAIT (Association nationale des agents immobiliers du Togo) et de la FTI (F\u00e9d\u00e9ration Togolaise de l\u2019Immobilier), Built Assets s\u2019engage \u00e0 respecter les normes et r\u00e9gulations du secteur immobilier au Togo. Cette appartenance garantit \u00e0 nos clients que nous suivons des standards \u00e9thiques \u00e9lev\u00e9s et que nous disposons d\u2019un r\u00e9seau solide de professionnels pour r\u00e9pondre \u00e0 vos besoins en mati\u00e8re de d\u00e9veloppement immobilier.<\/span><\/p>\n<p>[\/et_pb_text][\/et_pb_column][\/et_pb_row][et_pb_row _builder_version=\u00a0\u00bb4.27.4&Prime; _module_preset=\u00a0\u00bbdefault\u00a0\u00bb global_colors_info=\u00a0\u00bb{}\u00a0\u00bb][et_pb_column type=\u00a0\u00bb4_4&Prime; _builder_version=\u00a0\u00bb4.27.4&Prime; _module_preset=\u00a0\u00bbdefault\u00a0\u00bb global_colors_info=\u00a0\u00bb{}\u00a0\u00bb][et_pb_text _builder_version=\u00a0\u00bb4.27.4&Prime; _module_preset=\u00a0\u00bbdefault\u00a0\u00bb global_colors_info=\u00a0\u00bb{}\u00a0\u00bb]<\/p>\n<h2 class=\"textheading2 mobile-oversized\" data-element-id=\"headingsMap-3-0\"><span class=\"textheading2 mobile-oversized\">Pourquoi choisir Built Assets pour vos projets immobiliers ?<\/span><\/h2>\n<p class=\"mobile-undersized-upper\">\n<h2 class=\"textheading2 mobile-oversized\" data-element-id=\"headingsMap-3-0\"><\/h2>\n<p>[\/et_pb_text][et_pb_text _builder_version=\u00a0\u00bb4.27.4&Prime; _module_preset=\u00a0\u00bbdefault\u00a0\u00bb global_colors_info=\u00a0\u00bb{}\u00a0\u00bb]<\/p>\n<p><span>En tant qu&rsquo;expert du secteur immobilier en Afrique de l\u2019Ouest, Built Assets vous offre une expertise technique et une connaissance locale approfondie pour vous aider \u00e0 :<\/span><\/p>\n<ul>\n<li><span>Maximiser la valeur de vos actifs fonciers.<\/span><\/li>\n<li><span>Optimiser la rentabilit\u00e9 de vos projets immobiliers.<\/span><\/li>\n<li><span>G\u00e9rer efficacement vos investissements immobiliers gr\u00e2ce \u00e0 notre expertise reconnue et notre r\u00e9seau d\u2019architectes partenaires et d\u2019agents immobiliers certifi\u00e9s.<\/span><\/li>\n<\/ul>\n<p><strong>Contactez-nous pour discuter de votre projet immobilier<\/strong><\/p>\n<p>[\/et_pb_text][\/et_pb_column][\/et_pb_row][\/et_pb_section][et_pb_section fb_built=\u00a0\u00bb1&Prime; _builder_version=\u00a0\u00bb4.27.6&Prime; _module_preset=\u00a0\u00bbdefault\u00a0\u00bb hover_enabled=\u00a0\u00bb0&Prime; global_colors_info=\u00a0\u00bb{}\u00a0\u00bb custom_padding=\u00a0\u00bb0px||||false|false\u00a0\u00bb sticky_enabled=\u00a0\u00bb0&Prime;][et_pb_row use_custom_gutter=\u00a0\u00bbon\u00a0\u00bb gutter_width=\u00a0\u00bb2&Prime; make_equal=\u00a0\u00bbon\u00a0\u00bb _builder_version=\u00a0\u00bb4.27.6&Prime; _module_preset=\u00a0\u00bbdefault\u00a0\u00bb hover_enabled=\u00a0\u00bb0&Prime; global_colors_info=\u00a0\u00bb{}\u00a0\u00bb sticky_enabled=\u00a0\u00bb0&Prime;][et_pb_column type=\u00a0\u00bb4_4&Prime; _builder_version=\u00a0\u00bb4.27.4&Prime; _module_preset=\u00a0\u00bbdefault\u00a0\u00bb overflow-x=\u00a0\u00bbhidden\u00a0\u00bb overflow-y=\u00a0\u00bbhidden\u00a0\u00bb global_colors_info=\u00a0\u00bb{}\u00a0\u00bb][et_pb_image src=\u00a0\u00bbhttps:\/\/builtassets.com\/fr\/wp-content\/uploads\/sites\/2\/2025\/09\/immeuble-DAID-perspective.webp\u00a0\u00bb title_text=\u00a0\u00bbimmeuble-DAID-perspective\u00a0\u00bb force_fullwidth=\u00a0\u00bbon\u00a0\u00bb module_class=\u00a0\u00bbba-image-projet\u00a0\u00bb _builder_version=\u00a0\u00bb4.27.4&Prime; _module_preset=\u00a0\u00bbdefault\u00a0\u00bb height=\u00a0\u00bb300px\u00a0\u00bb global_colors_info=\u00a0\u00bb{}\u00a0\u00bb][\/et_pb_image][et_pb_text _builder_version=\u00a0\u00bb4.27.4&Prime; _module_preset=\u00a0\u00bbdefault\u00a0\u00bb custom_margin=\u00a0\u00bb||0px||false|false\u00a0\u00bb global_colors_info=\u00a0\u00bb{}\u00a0\u00bb]<\/p>\n<h3 class=\"textheading1 mobile-oversized\">Immeuble Daid<\/h3>\n<p>[\/et_pb_text][et_pb_text _builder_version=\u00a0\u00bb4.27.4&Prime; _module_preset=\u00a0\u00bbdefault\u00a0\u00bb custom_padding=\u00a0\u00bb||0px||false|false\u00a0\u00bb global_colors_info=\u00a0\u00bb{}\u00a0\u00bb]<\/p>\n<p>Transformation d\u2019un b\u00e2timent R+1 existant, en un immeuble de standing R+7<\/p>\n<p>[\/et_pb_text][\/et_pb_column][\/et_pb_row][\/et_pb_section]<\/p>\n","protected":false},"excerpt":{"rendered":"<p>Immobilier (valorisation d\u2019actifs fonciers et immobiliers)Immobilier et Valorisation d&rsquo;Actifs Foncier avec Built AssetsChez Built Assets, nous comprenons que la valorisation de votre patrimoine foncier et immobilier est un enjeu crucial pour la r\u00e9ussite de vos projets. C&rsquo;est pourquoi nous vous accompagnons \u00e0 chaque \u00e9tape du processus, en fournissant des conseils personnalis\u00e9s et des solutions sur [&hellip;]<\/p>\n","protected":false},"author":2,"featured_media":0,"parent":0,"menu_order":0,"comment_status":"closed","ping_status":"closed","template":"","meta":{"_acf_changed":false,"_et_pb_use_builder":"on","_et_pb_old_content":"","_et_gb_content_width":"","footnotes":""},"class_list":["post-535","page","type-page","status-publish","hentry"],"acf":[],"_links":{"self":[{"href":"https:\/\/builtassets.com\/fr\/wp-json\/wp\/v2\/pages\/535","targetHints":{"allow":["GET"]}}],"collection":[{"href":"https:\/\/builtassets.com\/fr\/wp-json\/wp\/v2\/pages"}],"about":[{"href":"https:\/\/builtassets.com\/fr\/wp-json\/wp\/v2\/types\/page"}],"author":[{"embeddable":true,"href":"https:\/\/builtassets.com\/fr\/wp-json\/wp\/v2\/users\/2"}],"replies":[{"embeddable":true,"href":"https:\/\/builtassets.com\/fr\/wp-json\/wp\/v2\/comments?post=535"}],"version-history":[{"count":8,"href":"https:\/\/builtassets.com\/fr\/wp-json\/wp\/v2\/pages\/535\/revisions"}],"predecessor-version":[{"id":1991,"href":"https:\/\/builtassets.com\/fr\/wp-json\/wp\/v2\/pages\/535\/revisions\/1991"}],"wp:attachment":[{"href":"https:\/\/builtassets.com\/fr\/wp-json\/wp\/v2\/media?parent=535"}],"curies":[{"name":"wp","href":"https:\/\/api.w.org\/{rel}","templated":true}]}}