{"id":541,"date":"2025-09-28T16:28:49","date_gmt":"2025-09-28T14:28:49","guid":{"rendered":"https:\/\/builtassets.com\/fr\/?page_id=541"},"modified":"2026-03-10T13:48:55","modified_gmt":"2026-03-10T12:48:55","slug":"solutions-durables","status":"publish","type":"page","link":"https:\/\/builtassets.com\/fr\/solutions-durables\/","title":{"rendered":"Solutions durables"},"content":{"rendered":"<p>[et_pb_section fb_built=\u00a0\u00bb1&Prime; _builder_version=\u00a0\u00bb4.27.6&Prime; _module_preset=\u00a0\u00bbdefault\u00a0\u00bb background_image=\u00a0\u00bbhttps:\/\/builtassets.com\/fr\/wp-content\/uploads\/sites\/2\/2025\/09\/equipe-conception-construction-built-assets-lome-togo.webp\u00a0\u00bb height=\u00a0\u00bb70vh\u00a0\u00bb hover_enabled=\u00a0\u00bb0&Prime; global_colors_info=\u00a0\u00bb{}\u00a0\u00bb width=\u00a0\u00bb98%\u00a0\u00bb module_alignment=\u00a0\u00bbcenter\u00a0\u00bb max_width=\u00a0\u00bb100%\u00a0\u00bb width_last_edited=\u00a0\u00bbon|phone\u00a0\u00bb sticky_enabled=\u00a0\u00bb0&Prime; width_phone=\u00a0\u00bb92%\u00a0\u00bb width_tablet=\u00a0\u00bb98%\u00a0\u00bb][et_pb_row _builder_version=\u00a0\u00bb4.27.4&Prime; _module_preset=\u00a0\u00bbdefault\u00a0\u00bb custom_padding=\u00a0\u00bb20vh||||false|false\u00a0\u00bb global_colors_info=\u00a0\u00bb{}\u00a0\u00bb][et_pb_column type=\u00a0\u00bb4_4&Prime; _builder_version=\u00a0\u00bb4.27.4&Prime; _module_preset=\u00a0\u00bbdefault\u00a0\u00bb global_colors_info=\u00a0\u00bb{}\u00a0\u00bb][et_pb_text _builder_version=\u00a0\u00bb4.27.4&Prime; _module_preset=\u00a0\u00bbdefault\u00a0\u00bb text_text_color=\u00a0\u00bb#FFFFFF\u00a0\u00bb header_text_align=\u00a0\u00bbcenter\u00a0\u00bb header_text_color=\u00a0\u00bb#FFFFFF\u00a0\u00bb global_colors_info=\u00a0\u00bb{}\u00a0\u00bb]<\/p>\n<h1 class=\"textheading1 mobile-oversized\"><span class=\"textheading1 mobile-oversized\">Solutions durables<\/span><\/h1>\n<h1 class=\"textheading1 mobile-oversized\"><span class=\"textheading1 mobile-oversized\">et<\/span><\/h1>\n<h1 class=\"textheading1 mobile-oversized\"><span class=\"textheading1 mobile-oversized\">certification EDGE<\/span><\/h1>\n<p>[\/et_pb_text][\/et_pb_column][\/et_pb_row][\/et_pb_section][et_pb_section fb_built=\u00a0\u00bb1&Prime; _builder_version=\u00a0\u00bb4.27.4&Prime; _module_preset=\u00a0\u00bbdefault\u00a0\u00bb global_colors_info=\u00a0\u00bb{}\u00a0\u00bb][et_pb_row _builder_version=\u00a0\u00bb4.27.4&Prime; _module_preset=\u00a0\u00bbdefault\u00a0\u00bb global_colors_info=\u00a0\u00bb{}\u00a0\u00bb][et_pb_column type=\u00a0\u00bb4_4&Prime; _builder_version=\u00a0\u00bb4.27.4&Prime; _module_preset=\u00a0\u00bbdefault\u00a0\u00bb global_colors_info=\u00a0\u00bb{}\u00a0\u00bb][et_pb_image src=\u00a0\u00bbhttps:\/\/builtassets.com\/fr\/wp-content\/uploads\/sites\/2\/2025\/09\/logo-edge-ifc.png\u00a0\u00bb title_text=\u00a0\u00bblogo-edge-ifc\u00a0\u00bb align=\u00a0\u00bbcenter\u00a0\u00bb _builder_version=\u00a0\u00bb4.27.4&Prime; _module_preset=\u00a0\u00bbdefault\u00a0\u00bb global_colors_info=\u00a0\u00bb{}\u00a0\u00bb][\/et_pb_image][et_pb_text _builder_version=\u00a0\u00bb4.27.4&Prime; _module_preset=\u00a0\u00bbdefault\u00a0\u00bb header_2_font_size=\u00a0\u00bb25px\u00a0\u00bb global_colors_info=\u00a0\u00bb{}\u00a0\u00bb]<\/p>\n<h2 class=\"textheading2 mobile-oversized\" data-element-id=\"headingsMap-3-0\"><span class=\"textheading2 mobile-oversized\">Solutions durables\u00a0<\/span><\/h2>\n<p>[\/et_pb_text][et_pb_text _builder_version=\u00a0\u00bb4.27.4&Prime; _module_preset=\u00a0\u00bbdefault\u00a0\u00bb global_colors_info=\u00a0\u00bb{}\u00a0\u00bb]<\/p>\n<p><span>Chez\u00a0<\/span><span>Built Assets<\/span><span>, nous sommes engag\u00e9s \u00e0 fournir des solutions constructives et \u00e9nerg\u00e9tiques durables et adapt\u00e9es aux r\u00e9alit\u00e9s de l\u2019<\/span><span>Afrique de l\u2019Ouest<\/span><span>. Avec l&rsquo;essor des\u00a0<\/span><span>projets de construction<\/span><span>\u00a0dans la r\u00e9gion, la demande en\u00a0<\/span><span>solution durable<\/span><span>, en\u00a0<\/span><span>\u00e9nergies renouvelables<\/span><span>\u00a0et en\u00a0<\/span><span>efficacit\u00e9 \u00e9nerg\u00e9tique<\/span><span>\u00a0devient de plus en plus cruciale. Nos solutions sont con\u00e7ues pour maximiser la\u00a0<\/span><span>rentabilit\u00e9<\/span><span>, garantir une\u00a0<\/span><span>alimentation continue en \u00e9nergie<\/span><span>, et r\u00e9duire l\u2019<\/span><span>empreinte \u00e9cologique<\/span><span>\u00a0de chaque projet.<\/span><\/p>\n<p>[\/et_pb_text][\/et_pb_column][\/et_pb_row][et_pb_row _builder_version=\u00a0\u00bb4.27.4&Prime; _module_preset=\u00a0\u00bbdefault\u00a0\u00bb global_colors_info=\u00a0\u00bb{}\u00a0\u00bb][et_pb_column type=\u00a0\u00bb4_4&Prime; _builder_version=\u00a0\u00bb4.27.4&Prime; _module_preset=\u00a0\u00bbdefault\u00a0\u00bb global_colors_info=\u00a0\u00bb{}\u00a0\u00bb][et_pb_text _builder_version=\u00a0\u00bb4.27.4&Prime; _module_preset=\u00a0\u00bbdefault\u00a0\u00bb header_2_font_size=\u00a0\u00bb25px\u00a0\u00bb global_colors_info=\u00a0\u00bb{}\u00a0\u00bb]<\/p>\n<h2 class=\"textheading2 mobile-oversized\" data-element-id=\"headingsMap-4-0\"><span class=\"textheading2 mobile-oversized\">Notre engagement envers la durabilit\u00e9 : Certification EDGE<\/span><\/h2>\n<h2 class=\"textheading2 mobile-oversized\" data-element-id=\"headingsMap-5-0\"><span class=\"textheading2 mobile-oversized\">de la SFI groupe Banque Mondiale<\/span><\/h2>\n<p>[\/et_pb_text][et_pb_text _builder_version=\u00a0\u00bb4.27.4&Prime; _module_preset=\u00a0\u00bbdefault\u00a0\u00bb global_colors_info=\u00a0\u00bb{}\u00a0\u00bb]<\/p>\n<p><span>Afin de garantir que tous nos projets r\u00e9pondent aux normes internationales de\u00a0durabilit\u00e9\u00a0et de\u00a0responsabilit\u00e9 environnementale, nous avons obtenu la\u00a0certification EDGE (Excellence in Design for Greater Efficiencies). Cette certification atteste de notre engagement \u00e0 r\u00e9aliser des projets qui :<\/span><\/p>\n<ul>\n<li><span>R\u00e9duisent la consommation d&rsquo;\u00e9nergie\u00a0dans les b\u00e2timents.<\/span><\/li>\n<li><span>Optimisent l&rsquo;utilisation de l&rsquo;eau\u00a0et des ressources.<\/span><\/li>\n<li><span>Utilisent des mat\u00e9riaux durables\u00a0pour limiter l&rsquo;impact \u00e9cologique.<\/span><\/li>\n<\/ul>\n<p class=\"mobile-undersized-upper\"><span>\u00a0<\/span><\/p>\n<p><span>La\u00a0certification EDGE\u00a0permet d&rsquo;offrir \u00e0 nos clients des projets\u00a0\u00e9conomiquement viables\u00a0et\u00a0\u00e9cologiquement responsables, tout en optimisant les performances \u00e9nerg\u00e9tiques des b\u00e2timents.<\/span><\/p>\n<p>[\/et_pb_text][\/et_pb_column][\/et_pb_row][et_pb_row _builder_version=\u00a0\u00bb4.27.4&Prime; _module_preset=\u00a0\u00bbdefault\u00a0\u00bb global_colors_info=\u00a0\u00bb{}\u00a0\u00bb][et_pb_column type=\u00a0\u00bb4_4&Prime; _builder_version=\u00a0\u00bb4.27.4&Prime; _module_preset=\u00a0\u00bbdefault\u00a0\u00bb global_colors_info=\u00a0\u00bb{}\u00a0\u00bb][et_pb_text _builder_version=\u00a0\u00bb4.27.4&Prime; _module_preset=\u00a0\u00bbdefault\u00a0\u00bb header_2_font_size=\u00a0\u00bb25px\u00a0\u00bb global_colors_info=\u00a0\u00bb{}\u00a0\u00bb]<\/p>\n<h2 class=\"textheading2 mobile-oversized\" data-element-id=\"headingsMap-6-0\"><span class=\"textheading2 mobile-oversized\">Nos solutions \u00e9nerg\u00e9tiques<\/span><\/h2>\n<h2 class=\"textheading2 mobile-oversized\" data-element-id=\"headingsMap-7-0\"><span class=\"textheading2 mobile-oversized\">pour l&rsquo;Afrique de l&rsquo;Ouest<\/span><\/h2>\n<p>[\/et_pb_text][et_pb_text _builder_version=\u00a0\u00bb4.27.4&Prime; _module_preset=\u00a0\u00bbdefault\u00a0\u00bb header_3_font_size=\u00a0\u00bb25px\u00a0\u00bb global_colors_info=\u00a0\u00bb{}\u00a0\u00bb]<\/p>\n<ol>\n<li class=\"textheading3\">\n<h3>\u00a0\u00c9nergie solaire \u2013 Exploitez la puissance du soleil<\/h3>\n<\/li>\n<\/ol>\n<p class=\"mobile-undersized-upper\"><span class=\"textheading3\">\u00a0<\/span><\/p>\n<p><span>L&rsquo;Afrique de l&rsquo;Ouest\u00a0b\u00e9n\u00e9ficie d\u2019un ensoleillement g\u00e9n\u00e9reux tout au long de l\u2019ann\u00e9e, ce qui fait de l\u2019\u00e9nergie solaire\u00a0une solution id\u00e9ale pour r\u00e9pondre aux besoins \u00e9nerg\u00e9tiques des projets r\u00e9sidentiels, commerciaux, et industriels.<\/span><\/p>\n<p><span>Nous proposons l\u2019installation de\u00a0panneaux solaires\u00a0performants qui permettent de produire une\u00a0\u00e9nergie propre\u00a0et de r\u00e9duire la d\u00e9pendance aux sources d\u2019\u00e9nergie non renouvelables. Nos syst\u00e8mes solaires sont adapt\u00e9s aux r\u00e9alit\u00e9s locales et con\u00e7us pour une utilisation\u00a0fiable\u00a0et\u00a0\u00e9conomique.<\/span><\/p>\n<p><span><\/span><\/p>\n<p><span style=\"font-size: 18px\">Avantages de l\u2019\u00e9nergie solaire :<\/span><\/p>\n<p><span>R\u00e9duction des co\u00fbts \u00e9nerg\u00e9tiques sur le long terme.<\/span><\/p>\n<ul>\n<li style=\"list-style-type: none\">\n<ul>\n<li style=\"list-style-type: none\">\n<ul>\n<li><span>Source d&rsquo;\u00e9nergie renouvelable et respectueuse de l\u2019environnement.<\/span><\/li>\n<li><span>Fiabilit\u00e9 dans les r\u00e9gions \u00e0 forte exposition solaire.<\/span><\/li>\n<li><span>Adaptabilit\u00e9 aux projets de toutes tailles.<\/span><\/li>\n<\/ul>\n<\/li>\n<\/ul>\n<\/li>\n<\/ul>\n<p class=\"mobile-undersized-upper\"><span>\u00a0<\/span><\/p>\n<h3 data-element-id=\"headingsMap-8-0\"><span class=\"textheading3\">\u00a02. Syst\u00e8mes de stockage d\u2019\u00e9nergie \u2013 Garantir une alimentation continue\u00a0 \u00a0 \u00a0<\/span><\/h3>\n<p class=\"mobile-undersized-upper\">\n<p><span>Une des probl\u00e9matiques courantes en Afrique de l\u2019Ouest est la\u00a0fiabilit\u00e9 de l\u2019alimentation \u00e9lectrique. Pour y rem\u00e9dier, nous int\u00e9grons des\u00a0syst\u00e8mes de stockage d\u2019\u00e9nergie\u00a0qui permettent de\u00a0stocker l\u2019\u00e9nergie solaire\u00a0exc\u00e9dentaire pour l&rsquo;utiliser pendant les p\u00e9riodes sans soleil ou lors des coupures d\u2019\u00e9lectricit\u00e9.<\/span><\/p>\n<p><span>\u00a0<\/span><\/p>\n<p><span>Nos solutions de stockage d\u2019\u00e9nergie incluent l\u2019installation de\u00a0batteries intelligentes\u00a0et de\u00a0syst\u00e8mes de gestion de l&rsquo;\u00e9nergie, qui permettent d\u2019assurer une\u00a0alimentation continue\u00a0pour vos b\u00e2timents, m\u00eame en cas d\u2019interruptions du r\u00e9seau.<\/span><\/p>\n<p><span>\u00a0<\/span><\/p>\n<p><span style=\"font-size: 18px\">Avantages des syst\u00e8mes de stockage d\u2019\u00e9nergie :<\/span><\/p>\n<p class=\"mobile-undersized-upper\"><span>Alimentation en \u00e9nergie constante, m\u00eame en dehors des p\u00e9riodes de production solaire.<\/span><\/p>\n<ul>\n<li style=\"list-style-type: none\">\n<ul>\n<li style=\"list-style-type: none\">\n<ul>\n<li><span>R\u00e9duction de la d\u00e9pendance aux r\u00e9seaux instables.<\/span><\/li>\n<li><span>Optimisation de l\u2019utilisation des \u00e9nergies renouvelables.<\/span><\/li>\n<\/ul>\n<\/li>\n<\/ul>\n<\/li>\n<\/ul>\n<p class=\"mobile-undersized-upper\"><span>\u00a0<\/span><\/p>\n<h3 class=\"textheading3\" data-element-id=\"headingsMap-9-0\"><span class=\"textheading3\">\u00a03. Solutions hybrides \u2013 Une approche flexible et optimis\u00e9e<\/span><\/h3>\n<p class=\"mobile-undersized-upper\">\n<p><span>Pour certains projets, une solution \u00e9nerg\u00e9tique hybride peut \u00eatre plus adapt\u00e9e. Nous proposons des\u00a0syst\u00e8mes hybrides, combinant l\u2019\u00e9nergie solaire avec des\u00a0g\u00e9n\u00e9rateurs\u00a0ou d\u2019autres sources d\u2019\u00e9nergie afin de garantir une\u00a0alimentation en \u00e9nergie fiable\u00a0dans des contextes vari\u00e9s.<\/span><\/p>\n<p><span>\u00a0<\/span><\/p>\n<p><span>Les solutions hybrides sont particuli\u00e8rement efficaces dans les r\u00e9gions o\u00f9 l&rsquo;ensoleillement peut varier ou lorsque le\u00a0r\u00e9seau \u00e9lectrique\u00a0est instable. Elles permettent d\u2019optimiser la production d\u2019\u00e9nergie\u00a0et de garantir un\u00a0approvisionnement ininterrompu.<\/span><\/p>\n<p><span>\u00a0<\/span><\/p>\n<ul>\n<li><span>Avantages des solutions hybrides :<\/span><\/li>\n<\/ul>\n<p class=\"mobile-undersized-upper\"><span>\u00a0<\/span><\/p>\n<p><span>Flexibilit\u00e9 pour s&rsquo;adapter aux besoins sp\u00e9cifiques des projets.<\/span><\/p>\n<ul>\n<li style=\"list-style-type: none\">\n<ul>\n<li><span>R\u00e9duction des co\u00fbts d\u2019exploitation gr\u00e2ce \u00e0 la combinaison de plusieurs sources d\u2019\u00e9nergie.<\/span><\/li>\n<li><span>Id\u00e9al pour les zones \u00e0 faible fiabilit\u00e9 \u00e9lectrique.<\/span><\/li>\n<\/ul>\n<\/li>\n<\/ul>\n<p class=\"mobile-undersized-upper\"><span>\u00a0<\/span><\/p>\n<h3 class=\"textheading3\" data-element-id=\"headingsMap-10-0\"><span class=\"textheading3\">\u00a0 \u00a0 \u00a04. Optimisation de l&rsquo;efficacit\u00e9 \u00e9nerg\u00e9tique \u2013 R\u00e9duire la consommation d\u2019\u00e9nergie<\/span><\/h3>\n<p class=\"mobile-undersized-upper\">\n<p><span>Chez\u00a0Built Assets, nous mettons \u00e9galement l\u2019accent sur l\u2019efficacit\u00e9 \u00e9nerg\u00e9tique. En optimisant la\u00a0conception des b\u00e2timents\u00a0et en int\u00e9grant des\u00a0solutions technologiques avanc\u00e9es, nous r\u00e9duisons la\u00a0consommation d\u2019\u00e9nergie\u00a0tout en augmentant les performances des infrastructures.<\/span><\/p>\n<p><span>\u00a0<\/span><\/p>\n<p><span>Nous vous accompagnons dans la mise en place de syst\u00e8mes visant \u00e0 am\u00e9liorer l&rsquo;isolation thermique, \u00e0 optimiser l&rsquo;orientation des b\u00e2timents pour r\u00e9duire les besoins en climatisation, et \u00e0 installer des syst\u00e8mes de gestion \u00e9nerg\u00e9tique intelligents.<\/span><\/p>\n<p><strong><span style=\"font-size: 18px\">Avantages de l\u2019optimisation \u00e9nerg\u00e9tique :<\/span><\/strong><\/p>\n<p><span style=\"font-size: 18px\">&#8211; R\u00e9duction des co\u00fbts op\u00e9rationnels \u00e0 long terme.<br \/>&#8211; Diminution de l&#8217;empreinte carbone de vos projets.<br \/>&#8211; Meilleure gestion des ressources \u00e9nerg\u00e9tiques et des co\u00fbts de maintenance.<\/span><\/p>\n<p class=\"mobile-undersized-upper\"><span>\u00a0<\/span><span><\/span><\/p>\n<p>[\/et_pb_text][\/et_pb_column][\/et_pb_row][et_pb_row _builder_version=\u00a0\u00bb4.27.4&Prime; _module_preset=\u00a0\u00bbdefault\u00a0\u00bb global_colors_info=\u00a0\u00bb{}\u00a0\u00bb][et_pb_column type=\u00a0\u00bb4_4&Prime; _builder_version=\u00a0\u00bb4.27.4&Prime; _module_preset=\u00a0\u00bbdefault\u00a0\u00bb global_colors_info=\u00a0\u00bb{}\u00a0\u00bb][et_pb_text _builder_version=\u00a0\u00bb4.27.4&Prime; _module_preset=\u00a0\u00bbdefault\u00a0\u00bb header_2_font_size=\u00a0\u00bb25px\u00a0\u00bb global_colors_info=\u00a0\u00bb{}\u00a0\u00bb]<\/p>\n<h2 class=\"textheading2 mobile-oversized\" data-element-id=\"headingsMap-11-0\"><span class=\"textheading2 mobile-oversized\">Pourquoi choisir Built Assets pour vos projets durables et vos b\u00e2timents vert ?<\/span><\/h2>\n<p>[\/et_pb_text][et_pb_text _builder_version=\u00a0\u00bb4.27.4&Prime; _module_preset=\u00a0\u00bbdefault\u00a0\u00bb header_3_font_size=\u00a0\u00bb25px\u00a0\u00bb global_colors_info=\u00a0\u00bb{}\u00a0\u00bb]<\/p>\n<h3 class=\"textheading3\" data-element-id=\"headingsMap-12-0\"><span class=\"textheading3\">En choisissant Built Assets, vous b\u00e9n\u00e9ficiez :<\/span><\/h3>\n<p class=\"textheading3\"><span class=\"textheading3\">\u00a0<\/span><\/p>\n<ul>\n<li><span>D&rsquo;une\u00a0expertise locale\u00a0adapt\u00e9e aux r\u00e9alit\u00e9s africaines.<\/span><\/li>\n<li><span>De solutions \u00e9nerg\u00e9tiques sur mesure pour vos projets.<\/span><\/li>\n<li><span>D\u2019un engagement prouv\u00e9 en mati\u00e8re de\u00a0durabilit\u00e9\u00a0et de\u00a0responsabilit\u00e9 environnementale\u00a0gr\u00e2ce \u00e0 la\u00a0certification EDGE.\u00a0<\/span><\/li>\n<li><span>La\u00a0certification EDGE\u00a0de vos projets ouvrent l&rsquo;acc\u00e8s \u00e0 des\u00a0financements verts.<\/span><\/li>\n<\/ul>\n<p class=\"mobile-undersized-upper\"><span>\u00a0<\/span><\/p>\n<p><span>Exemple de projet :<\/span><\/p>\n<p><span style=\"font-size: 18px\">P\u00f4le P\u00e9dagogique, Lom\u00e9 \u2013 Construction d&rsquo;un centre \u00e9ducatif avec int\u00e9gration de syst\u00e8mes de gestion \u00e9nerg\u00e9tique intelligents. La conception du b\u00e2timent inclut une\u00a0fa\u00e7ade en brique alv\u00e9ol\u00e9e (claustras de terre cuite), assurant une ventilation naturelle tout en offrant une esth\u00e9tique moderne et respectueuse de l\u2019environnement. Ce design permet \u00e9galement de r\u00e9duire significativement la consommation d\u2019\u00e9nergie en optimisant le refroidissement passif de cette fa\u00e7ade.<\/span><\/p>\n<p>[\/et_pb_text][\/et_pb_column][\/et_pb_row][\/et_pb_section][et_pb_section fb_built=\u00a0\u00bb1&Prime; _builder_version=\u00a0\u00bb4.27.4&Prime; _module_preset=\u00a0\u00bbdefault\u00a0\u00bb global_colors_info=\u00a0\u00bb{}\u00a0\u00bb][et_pb_row use_custom_gutter=\u00a0\u00bbon\u00a0\u00bb gutter_width=\u00a0\u00bb2&Prime; make_equal=\u00a0\u00bbon\u00a0\u00bb _builder_version=\u00a0\u00bb4.27.4&Prime; _module_preset=\u00a0\u00bbdefault\u00a0\u00bb global_colors_info=\u00a0\u00bb{}\u00a0\u00bb][et_pb_column type=\u00a0\u00bb4_4&Prime; _builder_version=\u00a0\u00bb4.27.4&Prime; _module_preset=\u00a0\u00bbdefault\u00a0\u00bb overflow-x=\u00a0\u00bbhidden\u00a0\u00bb overflow-y=\u00a0\u00bbhidden\u00a0\u00bb global_colors_info=\u00a0\u00bb{}\u00a0\u00bb][et_pb_image src=\u00a0\u00bbhttps:\/\/builtassets.com\/fr\/wp-content\/uploads\/sites\/2\/2025\/09\/claustras-terre-cuite.webp\u00a0\u00bb title_text=\u00a0\u00bbclaustras-terre-cuite\u00a0\u00bb _builder_version=\u00a0\u00bb4.27.4&Prime; _module_preset=\u00a0\u00bbdefault\u00a0\u00bb global_colors_info=\u00a0\u00bb{}\u00a0\u00bb][\/et_pb_image][\/et_pb_column][\/et_pb_row][\/et_pb_section]<\/p>\n","protected":false},"excerpt":{"rendered":"<p>Solutions durables et certification EDGESolutions durables\u00a0Chez\u00a0Built Assets, nous sommes engag\u00e9s \u00e0 fournir des solutions constructives et \u00e9nerg\u00e9tiques durables et adapt\u00e9es aux r\u00e9alit\u00e9s de l\u2019Afrique de l\u2019Ouest. Avec l&rsquo;essor des\u00a0projets de construction\u00a0dans la r\u00e9gion, la demande en\u00a0solution durable, en\u00a0\u00e9nergies renouvelables\u00a0et en\u00a0efficacit\u00e9 \u00e9nerg\u00e9tique\u00a0devient de plus en plus cruciale. Nos solutions sont con\u00e7ues pour maximiser la\u00a0rentabilit\u00e9, garantir une\u00a0alimentation [&hellip;]<\/p>\n","protected":false},"author":2,"featured_media":0,"parent":0,"menu_order":0,"comment_status":"closed","ping_status":"closed","template":"","meta":{"_acf_changed":false,"_et_pb_use_builder":"on","_et_pb_old_content":"","_et_gb_content_width":"","footnotes":""},"class_list":["post-541","page","type-page","status-publish","hentry"],"acf":[],"_links":{"self":[{"href":"https:\/\/builtassets.com\/fr\/wp-json\/wp\/v2\/pages\/541","targetHints":{"allow":["GET"]}}],"collection":[{"href":"https:\/\/builtassets.com\/fr\/wp-json\/wp\/v2\/pages"}],"about":[{"href":"https:\/\/builtassets.com\/fr\/wp-json\/wp\/v2\/types\/page"}],"author":[{"embeddable":true,"href":"https:\/\/builtassets.com\/fr\/wp-json\/wp\/v2\/users\/2"}],"replies":[{"embeddable":true,"href":"https:\/\/builtassets.com\/fr\/wp-json\/wp\/v2\/comments?post=541"}],"version-history":[{"count":15,"href":"https:\/\/builtassets.com\/fr\/wp-json\/wp\/v2\/pages\/541\/revisions"}],"predecessor-version":[{"id":1971,"href":"https:\/\/builtassets.com\/fr\/wp-json\/wp\/v2\/pages\/541\/revisions\/1971"}],"wp:attachment":[{"href":"https:\/\/builtassets.com\/fr\/wp-json\/wp\/v2\/media?parent=541"}],"curies":[{"name":"wp","href":"https:\/\/api.w.org\/{rel}","templated":true}]}}